{"id":1299,"date":"2024-08-26T14:01:41","date_gmt":"2024-08-26T14:01:41","guid":{"rendered":"https:\/\/www.friizit-mattertal.ch\/impressum\/"},"modified":"2025-01-07T16:28:22","modified_gmt":"2025-01-07T16:28:22","slug":"mentions-legales","status":"publish","type":"page","link":"https:\/\/www.friizit-mattertal.ch\/fr\/mentions-legales\/","title":{"rendered":"Mentions l\u00e9gales"},"content":{"rendered":"\t\t<div data-elementor-type=\"wp-page\" data-elementor-id=\"1299\" class=\"elementor elementor-1299 elementor-681\" data-elementor-post-type=\"page\">\n\t\t\t\t<div class=\"elementor-element elementor-element-af92f08 e-con-full e-flex e-con e-parent\" data-id=\"af92f08\" data-element_type=\"container\" data-e-type=\"container\" id=\"intro\">\n\t\t\t\t<div class=\"elementor-element elementor-element-8f59db9 image-slider elementor-widget elementor-widget-image-carousel\" data-id=\"8f59db9\" data-element_type=\"widget\" data-e-type=\"widget\" data-settings=\"{&quot;slides_to_show&quot;:&quot;3&quot;,&quot;navigation&quot;:&quot;none&quot;,&quot;image_spacing_custom&quot;:{&quot;unit&quot;:&quot;px&quot;,&quot;size&quot;:0,&quot;sizes&quot;:[]},&quot;autoplay&quot;:&quot;yes&quot;,&quot;autoplay_speed&quot;:5000,&quot;infinite&quot;:&quot;yes&quot;,&quot;speed&quot;:500,&quot;image_spacing_custom_tablet&quot;:{&quot;unit&quot;:&quot;px&quot;,&quot;size&quot;:&quot;&quot;,&quot;sizes&quot;:[]},&quot;image_spacing_custom_mobile&quot;:{&quot;unit&quot;:&quot;px&quot;,&quot;size&quot;:&quot;&quot;,&quot;sizes&quot;:[]}}\" data-widget_type=\"image-carousel.default\">\n\t\t\t\t<div class=\"elementor-widget-container\">\n\t\t\t\t\t\t\t<div class=\"elementor-image-carousel-wrapper swiper\" role=\"region\" aria-roledescription=\"carousel\" aria-label=\"Carrousel d\u2019images\" dir=\"ltr\">\n\t\t\t<div class=\"elementor-image-carousel swiper-wrapper swiper-image-stretch\" aria-live=\"off\">\n\t\t\t\t\t\t\t\t<div class=\"swiper-slide\" role=\"group\" aria-roledescription=\"slide\" aria-label=\"1 sur 5\"><figure class=\"swiper-slide-inner\"><img decoding=\"async\" class=\"swiper-slide-image\" src=\"https:\/\/www.friizit-mattertal.ch\/wp-content\/uploads\/2024\/08\/378327a7-d376-46f5-b1e7-b3312b6f9aca-1024x577.jpg\" alt=\"378327a7-d376-46f5-b1e7-b3312b6f9aca\" \/><\/figure><\/div><div class=\"swiper-slide\" role=\"group\" aria-roledescription=\"slide\" aria-label=\"2 sur 5\"><figure class=\"swiper-slide-inner\"><img decoding=\"async\" class=\"swiper-slide-image\" src=\"https:\/\/www.friizit-mattertal.ch\/wp-content\/uploads\/2024\/08\/JFW-SM2018-40-1024x683.jpg\" alt=\"JFW-SM2018-40\" \/><\/figure><\/div><div class=\"swiper-slide\" role=\"group\" aria-roledescription=\"slide\" aria-label=\"3 sur 5\"><figure class=\"swiper-slide-inner\"><img decoding=\"async\" class=\"swiper-slide-image\" src=\"https:\/\/www.friizit-mattertal.ch\/wp-content\/uploads\/2024\/08\/Bikeclub-Mattertal-1024x683.jpg\" alt=\"Bikeclub Mattertal\" \/><\/figure><\/div><div class=\"swiper-slide\" role=\"group\" aria-roledescription=\"slide\" aria-label=\"4 sur 5\"><figure class=\"swiper-slide-inner\"><img decoding=\"async\" class=\"swiper-slide-image\" src=\"https:\/\/www.friizit-mattertal.ch\/wp-content\/uploads\/2024\/08\/1657895670-1024x768.jpg\" alt=\"1657895670\" \/><\/figure><\/div><div class=\"swiper-slide\" role=\"group\" aria-roledescription=\"slide\" aria-label=\"5 sur 5\"><figure class=\"swiper-slide-inner\"><img decoding=\"async\" class=\"swiper-slide-image\" src=\"https:\/\/www.friizit-mattertal.ch\/wp-content\/uploads\/2024\/08\/20220627_1933421-2048x1536-1-1024x768.jpg\" alt=\"20220627_1933421-2048x1536\" \/><\/figure><\/div>\t\t\t<\/div>\n\t\t\t\t\t\t\t\n\t\t\t\t\t\t\t\t\t<\/div>\n\t\t\t\t\t\t<\/div>\n\t\t\t\t<\/div>\n\t\t\t\t<\/div>\n\t\t<div class=\"elementor-element elementor-element-45d5cb9 e-con-full breadcrumb e-flex e-con e-parent\" data-id=\"45d5cb9\" data-element_type=\"container\" data-e-type=\"container\">\n\t\t\t\t<div class=\"elementor-element elementor-element-4ac1830 elementor-widget elementor-widget-shortcode\" data-id=\"4ac1830\" data-element_type=\"widget\" data-e-type=\"widget\" data-widget_type=\"shortcode.default\">\n\t\t\t\t<div class=\"elementor-widget-container\">\n\t\t\t\t\t\t\t<div class=\"elementor-shortcode\"><span><span><a href=\"https:\/\/www.friizit-mattertal.ch\/fr\/\">Home<\/a><\/span><\/span>\n<\/div>\n\t\t\t\t\t\t<\/div>\n\t\t\t\t<\/div>\n\t\t\t\t<\/div>\n\t\t<section class=\"elementor-element elementor-element-e0e3794 e-flex e-con-boxed elementor-invisible e-con e-parent\" data-id=\"e0e3794\" data-element_type=\"container\" data-e-type=\"container\" data-settings=\"{&quot;animation&quot;:&quot;fadeInUp&quot;}\">\n\t\t\t\t\t<div class=\"e-con-inner\">\n\t\t\t\t<div class=\"elementor-element elementor-element-2f7cca3 elementor-widget elementor-widget-heading\" data-id=\"2f7cca3\" data-element_type=\"widget\" data-e-type=\"widget\" data-widget_type=\"heading.default\">\n\t\t\t\t<div class=\"elementor-widget-container\">\n\t\t\t\t\t<h1 class=\"elementor-heading-title elementor-size-default\">Mentions l\u00e9gales<\/h1>\t\t\t\t<\/div>\n\t\t\t\t<\/div>\n\t\t\t\t\t<\/div>\n\t\t\t\t<\/section>\n\t\t<section class=\"elementor-element elementor-element-46c3a3e e-flex e-con-boxed e-con e-parent\" data-id=\"46c3a3e\" data-element_type=\"container\" data-e-type=\"container\">\n\t\t\t\t\t<div class=\"e-con-inner\">\n\t\t\t\t<div class=\"elementor-element elementor-element-107012f elementor-widget elementor-widget-text-editor\" data-id=\"107012f\" data-element_type=\"widget\" data-e-type=\"widget\" data-widget_type=\"text-editor.default\">\n\t\t\t\t<div class=\"elementor-widget-container\">\n\t\t\t\t\t\t\t\t\t<div class=\"flex-shrink-0 flex flex-col relative items-end\"><div><div class=\"pt-0\"><div class=\"gizmo-bot-avatar flex h-8 w-8 items-center justify-center overflow-hidden rounded-full\"><h5 class=\"relative p-1 rounded-sm flex items-center justify-center bg-token-main-surface-primary text-token-text-primary h-8 w-8\"><strong>Responsable du contenu<\/strong><\/h5><\/div><\/div><\/div><\/div><p>Jugendarbeitsstelle Mattertal<br \/>Englischer Viertel 8<br \/>3920 Zermatt<\/p><p>T\u00e9l\u00e9phone: <a href=\"tel:+41793034504\">079 303 45 04<\/a><br \/>Email: <a href=\"mailto:mattertal@jastow.ch\">mattertal@jastow.ch<\/a><\/p><h5>Webdesign, Webentwicklung und Hosting<\/h5><p>Valpix GmbH<br \/>Kantonsstrasse 73a<br \/>3930 Visp<\/p><p>T\u00e9l\u00e9phone: <a href=\"tel:+41279246082\">+41 27 924 60 82<\/a><br \/>Email: <a href=\"mailto:hallo@valpix.ch\">hallo@valpix.ch<\/a><br \/>Site web: <a href=\"https:\/\/www.valpix.ch\/\" target=\"_blank\" rel=\"noopener\">www.valpix.ch<\/a><\/p><p><a href=\"https:\/\/www.valpix.ch\/angebot\/\" target=\"_blank\" rel=\"noopener\">Oberwalliser WordPress-Agentur<\/a><\/p><h5><strong>Avertissement<\/strong><\/h5><p>Le contenu de ce site est maintenu avec le plus grand soin. Toutefois, aucune responsabilit\u00e9 n&#8217;est assum\u00e9e quant au contenu. Erreurs d&#8217;impression, fautes et modifications r\u00e9serv\u00e9es. Le contenu est prot\u00e9g\u00e9 par des droits d&#8217;auteur. Nous n&#8217;acceptons aucune responsabilit\u00e9 pour les liens externes. Les op\u00e9rateurs des pages li\u00e9es sont seuls responsables du contenu de ces pages.<\/p>\t\t\t\t\t\t\t\t<\/div>\n\t\t\t\t<\/div>\n\t\t\t\t\t<\/div>\n\t\t\t\t<\/section>\n\t\t\t\t<\/div>\n\t\t","protected":false},"excerpt":{"rendered":"<p>Mentions l\u00e9gales Responsable du contenu Jugendarbeitsstelle MattertalEnglischer Viertel 83920 Zermatt T\u00e9l\u00e9phone: 079 303 45 04Email: mattertal@jastow.ch Webdesign, Webentwicklung und Hosting Valpix GmbHKantonsstrasse 73a3930 Visp T\u00e9l\u00e9phone: +41 27 924 60 82Email: hallo@valpix.chSite web: www.valpix.ch Oberwalliser WordPress-Agentur Avertissement Le contenu de ce site est maintenu avec le plus grand soin. Toutefois, aucune responsabilit\u00e9 n&#8217;est assum\u00e9e quant au [&hellip;]<\/p>\n","protected":false},"author":1,"featured_media":0,"parent":0,"menu_order":0,"comment_status":"closed","ping_status":"closed","template":"","meta":{"_acf_changed":false,"footnotes":""},"class_list":["post-1299","page","type-page","status-publish","hentry"],"acf":[],"yoast_head":"<!-- This site is optimized with the Yoast SEO plugin v27.3 - https:\/\/yoast.com\/product\/yoast-seo-wordpress\/ -->\n<title>Mentions l\u00e9gales &#8211; Friizit Mattertal |\u00a0Deine Vereinsplattform f\u00fcr das Mattertal<\/title>\n<meta name=\"robots\" content=\"noindex, nofollow\" \/>\n<meta property=\"og:locale\" content=\"fr_FR\" \/>\n<meta property=\"og:type\" content=\"article\" \/>\n<meta property=\"og:title\" content=\"Mentions l\u00e9gales &#8211; Friizit Mattertal |\u00a0Deine Vereinsplattform f\u00fcr das Mattertal\" \/>\n<meta property=\"og:description\" content=\"Mentions l\u00e9gales Responsable du contenu Jugendarbeitsstelle MattertalEnglischer Viertel 83920 Zermatt T\u00e9l\u00e9phone: 079 303 45 04Email: mattertal@jastow.ch Webdesign, Webentwicklung und Hosting Valpix GmbHKantonsstrasse 73a3930 Visp T\u00e9l\u00e9phone: +41 27 924 60 82Email: hallo@valpix.chSite web: www.valpix.ch Oberwalliser WordPress-Agentur Avertissement Le contenu de ce site est maintenu avec le plus grand soin. Toutefois, aucune responsabilit\u00e9 n&#8217;est assum\u00e9e quant au [&hellip;]\" \/>\n<meta property=\"og:url\" content=\"https:\/\/www.friizit-mattertal.ch\/fr\/mentions-legales\/\" \/>\n<meta property=\"og:site_name\" content=\"Friizit Mattertal\" \/>\n<meta property=\"article:modified_time\" content=\"2025-01-07T16:28:22+00:00\" \/>\n<meta property=\"og:image\" content=\"https:\/\/www.friizit-mattertal.ch\/wp-content\/uploads\/2024\/08\/378327a7-d376-46f5-b1e7-b3312b6f9aca-1024x577.jpg\" \/>\n<meta name=\"twitter:card\" content=\"summary_large_image\" \/>\n<meta name=\"twitter:label1\" content=\"Dur\u00e9e de lecture estim\u00e9e\" \/>\n\t<meta name=\"twitter:data1\" content=\"3 minutes\" \/>\n<script type=\"application\/ld+json\" class=\"yoast-schema-graph\">{\"@context\":\"https:\\\/\\\/schema.org\",\"@graph\":[{\"@type\":\"WebPage\",\"@id\":\"https:\\\/\\\/www.friizit-mattertal.ch\\\/fr\\\/mentions-legales\\\/\",\"url\":\"https:\\\/\\\/www.friizit-mattertal.ch\\\/fr\\\/mentions-legales\\\/\",\"name\":\"Mentions l\u00e9gales &#8211; Friizit Mattertal |\u00a0Deine Vereinsplattform f\u00fcr das Mattertal\",\"isPartOf\":{\"@id\":\"https:\\\/\\\/www.friizit-mattertal.ch\\\/#website\"},\"primaryImageOfPage\":{\"@id\":\"https:\\\/\\\/www.friizit-mattertal.ch\\\/fr\\\/mentions-legales\\\/#primaryimage\"},\"image\":{\"@id\":\"https:\\\/\\\/www.friizit-mattertal.ch\\\/fr\\\/mentions-legales\\\/#primaryimage\"},\"thumbnailUrl\":\"https:\\\/\\\/www.friizit-mattertal.ch\\\/wp-content\\\/uploads\\\/2024\\\/08\\\/378327a7-d376-46f5-b1e7-b3312b6f9aca-1024x577.jpg\",\"datePublished\":\"2024-08-26T14:01:41+00:00\",\"dateModified\":\"2025-01-07T16:28:22+00:00\",\"breadcrumb\":{\"@id\":\"https:\\\/\\\/www.friizit-mattertal.ch\\\/fr\\\/mentions-legales\\\/#breadcrumb\"},\"inLanguage\":\"fr-FR\",\"potentialAction\":[{\"@type\":\"ReadAction\",\"target\":[\"https:\\\/\\\/www.friizit-mattertal.ch\\\/fr\\\/mentions-legales\\\/\"]}]},{\"@type\":\"ImageObject\",\"inLanguage\":\"fr-FR\",\"@id\":\"https:\\\/\\\/www.friizit-mattertal.ch\\\/fr\\\/mentions-legales\\\/#primaryimage\",\"url\":\"https:\\\/\\\/www.friizit-mattertal.ch\\\/wp-content\\\/uploads\\\/2024\\\/08\\\/378327a7-d376-46f5-b1e7-b3312b6f9aca-1024x577.jpg\",\"contentUrl\":\"https:\\\/\\\/www.friizit-mattertal.ch\\\/wp-content\\\/uploads\\\/2024\\\/08\\\/378327a7-d376-46f5-b1e7-b3312b6f9aca-1024x577.jpg\"},{\"@type\":\"BreadcrumbList\",\"@id\":\"https:\\\/\\\/www.friizit-mattertal.ch\\\/fr\\\/mentions-legales\\\/#breadcrumb\",\"itemListElement\":[{\"@type\":\"ListItem\",\"position\":1,\"name\":\"Home\",\"item\":\"https:\\\/\\\/www.friizit-mattertal.ch\\\/fr\\\/\"},{\"@type\":\"ListItem\",\"position\":2,\"name\":\"Mentions l\u00e9gales\"}]},{\"@type\":\"WebSite\",\"@id\":\"https:\\\/\\\/www.friizit-mattertal.ch\\\/#website\",\"url\":\"https:\\\/\\\/www.friizit-mattertal.ch\\\/\",\"name\":\"Friizit Mattertal |\u00a0Deine Vereinsplattform f\u00fcr das Mattertal\",\"description\":\"\",\"publisher\":{\"@id\":\"https:\\\/\\\/www.friizit-mattertal.ch\\\/#organization\"},\"potentialAction\":[{\"@type\":\"SearchAction\",\"target\":{\"@type\":\"EntryPoint\",\"urlTemplate\":\"https:\\\/\\\/www.friizit-mattertal.ch\\\/?s={search_term_string}\"},\"query-input\":{\"@type\":\"PropertyValueSpecification\",\"valueRequired\":true,\"valueName\":\"search_term_string\"}}],\"inLanguage\":\"fr-FR\"},{\"@type\":\"Organization\",\"@id\":\"https:\\\/\\\/www.friizit-mattertal.ch\\\/#organization\",\"name\":\"Friizit Mattertal |\u00a0Deine Vereinsplattform f\u00fcr das Mattertal\",\"url\":\"https:\\\/\\\/www.friizit-mattertal.ch\\\/\",\"logo\":{\"@type\":\"ImageObject\",\"inLanguage\":\"fr-FR\",\"@id\":\"https:\\\/\\\/www.friizit-mattertal.ch\\\/#\\\/schema\\\/logo\\\/image\\\/\",\"url\":\"https:\\\/\\\/www.friizit-mattertal.ch\\\/wp-content\\\/uploads\\\/2024\\\/08\\\/jastow-icon-1.svg\",\"contentUrl\":\"https:\\\/\\\/www.friizit-mattertal.ch\\\/wp-content\\\/uploads\\\/2024\\\/08\\\/jastow-icon-1.svg\",\"width\":64,\"height\":69,\"caption\":\"Friizit Mattertal |\u00a0Deine Vereinsplattform f\u00fcr das Mattertal\"},\"image\":{\"@id\":\"https:\\\/\\\/www.friizit-mattertal.ch\\\/#\\\/schema\\\/logo\\\/image\\\/\"}}]}<\/script>\n<!-- \/ Yoast SEO plugin. -->","yoast_head_json":{"title":"Mentions l\u00e9gales &#8211; Friizit Mattertal |\u00a0Deine Vereinsplattform f\u00fcr das Mattertal","robots":{"index":"noindex","follow":"nofollow"},"og_locale":"fr_FR","og_type":"article","og_title":"Mentions l\u00e9gales &#8211; Friizit Mattertal |\u00a0Deine Vereinsplattform f\u00fcr das Mattertal","og_description":"Mentions l\u00e9gales Responsable du contenu Jugendarbeitsstelle MattertalEnglischer Viertel 83920 Zermatt T\u00e9l\u00e9phone: 079 303 45 04Email: mattertal@jastow.ch Webdesign, Webentwicklung und Hosting Valpix GmbHKantonsstrasse 73a3930 Visp T\u00e9l\u00e9phone: +41 27 924 60 82Email: hallo@valpix.chSite web: www.valpix.ch Oberwalliser WordPress-Agentur Avertissement Le contenu de ce site est maintenu avec le plus grand soin. Toutefois, aucune responsabilit\u00e9 n&#8217;est assum\u00e9e quant au [&hellip;]","og_url":"https:\/\/www.friizit-mattertal.ch\/fr\/mentions-legales\/","og_site_name":"Friizit Mattertal","article_modified_time":"2025-01-07T16:28:22+00:00","og_image":[{"url":"https:\/\/www.friizit-mattertal.ch\/wp-content\/uploads\/2024\/08\/378327a7-d376-46f5-b1e7-b3312b6f9aca-1024x577.jpg","type":"","width":"","height":""}],"twitter_card":"summary_large_image","twitter_misc":{"Dur\u00e9e de lecture estim\u00e9e":"3 minutes"},"schema":{"@context":"https:\/\/schema.org","@graph":[{"@type":"WebPage","@id":"https:\/\/www.friizit-mattertal.ch\/fr\/mentions-legales\/","url":"https:\/\/www.friizit-mattertal.ch\/fr\/mentions-legales\/","name":"Mentions l\u00e9gales &#8211; Friizit Mattertal |\u00a0Deine Vereinsplattform f\u00fcr das Mattertal","isPartOf":{"@id":"https:\/\/www.friizit-mattertal.ch\/#website"},"primaryImageOfPage":{"@id":"https:\/\/www.friizit-mattertal.ch\/fr\/mentions-legales\/#primaryimage"},"image":{"@id":"https:\/\/www.friizit-mattertal.ch\/fr\/mentions-legales\/#primaryimage"},"thumbnailUrl":"https:\/\/www.friizit-mattertal.ch\/wp-content\/uploads\/2024\/08\/378327a7-d376-46f5-b1e7-b3312b6f9aca-1024x577.jpg","datePublished":"2024-08-26T14:01:41+00:00","dateModified":"2025-01-07T16:28:22+00:00","breadcrumb":{"@id":"https:\/\/www.friizit-mattertal.ch\/fr\/mentions-legales\/#breadcrumb"},"inLanguage":"fr-FR","potentialAction":[{"@type":"ReadAction","target":["https:\/\/www.friizit-mattertal.ch\/fr\/mentions-legales\/"]}]},{"@type":"ImageObject","inLanguage":"fr-FR","@id":"https:\/\/www.friizit-mattertal.ch\/fr\/mentions-legales\/#primaryimage","url":"https:\/\/www.friizit-mattertal.ch\/wp-content\/uploads\/2024\/08\/378327a7-d376-46f5-b1e7-b3312b6f9aca-1024x577.jpg","contentUrl":"https:\/\/www.friizit-mattertal.ch\/wp-content\/uploads\/2024\/08\/378327a7-d376-46f5-b1e7-b3312b6f9aca-1024x577.jpg"},{"@type":"BreadcrumbList","@id":"https:\/\/www.friizit-mattertal.ch\/fr\/mentions-legales\/#breadcrumb","itemListElement":[{"@type":"ListItem","position":1,"name":"Home","item":"https:\/\/www.friizit-mattertal.ch\/fr\/"},{"@type":"ListItem","position":2,"name":"Mentions l\u00e9gales"}]},{"@type":"WebSite","@id":"https:\/\/www.friizit-mattertal.ch\/#website","url":"https:\/\/www.friizit-mattertal.ch\/","name":"Friizit Mattertal |\u00a0Deine Vereinsplattform f\u00fcr das Mattertal","description":"","publisher":{"@id":"https:\/\/www.friizit-mattertal.ch\/#organization"},"potentialAction":[{"@type":"SearchAction","target":{"@type":"EntryPoint","urlTemplate":"https:\/\/www.friizit-mattertal.ch\/?s={search_term_string}"},"query-input":{"@type":"PropertyValueSpecification","valueRequired":true,"valueName":"search_term_string"}}],"inLanguage":"fr-FR"},{"@type":"Organization","@id":"https:\/\/www.friizit-mattertal.ch\/#organization","name":"Friizit Mattertal |\u00a0Deine Vereinsplattform f\u00fcr das Mattertal","url":"https:\/\/www.friizit-mattertal.ch\/","logo":{"@type":"ImageObject","inLanguage":"fr-FR","@id":"https:\/\/www.friizit-mattertal.ch\/#\/schema\/logo\/image\/","url":"https:\/\/www.friizit-mattertal.ch\/wp-content\/uploads\/2024\/08\/jastow-icon-1.svg","contentUrl":"https:\/\/www.friizit-mattertal.ch\/wp-content\/uploads\/2024\/08\/jastow-icon-1.svg","width":64,"height":69,"caption":"Friizit Mattertal |\u00a0Deine Vereinsplattform f\u00fcr das Mattertal"},"image":{"@id":"https:\/\/www.friizit-mattertal.ch\/#\/schema\/logo\/image\/"}}]}},"_links":{"self":[{"href":"https:\/\/www.friizit-mattertal.ch\/fr\/wp-json\/wp\/v2\/pages\/1299","targetHints":{"allow":["GET"]}}],"collection":[{"href":"https:\/\/www.friizit-mattertal.ch\/fr\/wp-json\/wp\/v2\/pages"}],"about":[{"href":"https:\/\/www.friizit-mattertal.ch\/fr\/wp-json\/wp\/v2\/types\/page"}],"author":[{"embeddable":true,"href":"https:\/\/www.friizit-mattertal.ch\/fr\/wp-json\/wp\/v2\/users\/1"}],"replies":[{"embeddable":true,"href":"https:\/\/www.friizit-mattertal.ch\/fr\/wp-json\/wp\/v2\/comments?post=1299"}],"version-history":[{"count":4,"href":"https:\/\/www.friizit-mattertal.ch\/fr\/wp-json\/wp\/v2\/pages\/1299\/revisions"}],"predecessor-version":[{"id":1442,"href":"https:\/\/www.friizit-mattertal.ch\/fr\/wp-json\/wp\/v2\/pages\/1299\/revisions\/1442"}],"wp:attachment":[{"href":"https:\/\/www.friizit-mattertal.ch\/fr\/wp-json\/wp\/v2\/media?parent=1299"}],"curies":[{"name":"wp","href":"https:\/\/api.w.org\/{rel}","templated":true}]}}