{"id":1345,"date":"2024-08-08T06:37:21","date_gmt":"2024-08-08T06:37:21","guid":{"rendered":"https:\/\/www.friizit-mattertal.ch\/home\/"},"modified":"2026-02-03T11:09:48","modified_gmt":"2026-02-03T11:09:48","slug":"home","status":"publish","type":"page","link":"https:\/\/www.friizit-mattertal.ch\/fr\/","title":{"rendered":"Home"},"content":{"rendered":"\t\t<div data-elementor-type=\"wp-page\" data-elementor-id=\"1345\" class=\"elementor elementor-1345 elementor-2\" data-elementor-post-type=\"page\">\n\t\t\t\t<div class=\"elementor-element elementor-element-21e6009 e-con-full big-intro e-flex e-con e-parent\" data-id=\"21e6009\" data-element_type=\"container\" data-e-type=\"container\" data-settings=\"{&quot;background_background&quot;:&quot;slideshow&quot;,&quot;background_slideshow_gallery&quot;:[{&quot;id&quot;:3401,&quot;url&quot;:&quot;https:\\\/\\\/www.friizit-mattertal.ch\\\/wp-content\\\/uploads\\\/2024\\\/08\\\/Golfplatz-Matterhorn-Zermatt-Golfclub-43.jpg&quot;},{&quot;id&quot;:1253,&quot;url&quot;:&quot;https:\\\/\\\/www.friizit-mattertal.ch\\\/wp-content\\\/uploads\\\/2024\\\/08\\\/378327a7-d376-46f5-b1e7-b3312b6f9aca-scaled.jpg&quot;},{&quot;id&quot;:1247,&quot;url&quot;:&quot;https:\\\/\\\/www.friizit-mattertal.ch\\\/wp-content\\\/uploads\\\/2024\\\/08\\\/Bikeclub-Mattertal.jpg&quot;},{&quot;id&quot;:2796,&quot;url&quot;:&quot;https:\\\/\\\/www.friizit-mattertal.ch\\\/wp-content\\\/uploads\\\/2024\\\/08\\\/IMG_2420-1-scaled.jpg&quot;},{&quot;id&quot;:3247,&quot;url&quot;:&quot;https:\\\/\\\/www.friizit-mattertal.ch\\\/wp-content\\\/uploads\\\/2024\\\/08\\\/thumbnail_Titelbild-fuer-Webseite_2018.jpg&quot;},{&quot;id&quot;:1235,&quot;url&quot;:&quot;https:\\\/\\\/www.friizit-mattertal.ch\\\/wp-content\\\/uploads\\\/2024\\\/08\\\/1657895670-scaled.jpg&quot;},{&quot;id&quot;:2963,&quot;url&quot;:&quot;https:\\\/\\\/www.friizit-mattertal.ch\\\/wp-content\\\/uploads\\\/2024\\\/08\\\/GRuppe-2019.1.jpg&quot;},{&quot;id&quot;:1256,&quot;url&quot;:&quot;https:\\\/\\\/www.friizit-mattertal.ch\\\/wp-content\\\/uploads\\\/2024\\\/08\\\/20220627_1933421-2048x1536-1.jpg&quot;},{&quot;id&quot;:2959,&quot;url&quot;:&quot;https:\\\/\\\/www.friizit-mattertal.ch\\\/wp-content\\\/uploads\\\/2025\\\/04\\\/67c01bf4e717c.jpg&quot;},{&quot;id&quot;:1250,&quot;url&quot;:&quot;https:\\\/\\\/www.friizit-mattertal.ch\\\/wp-content\\\/uploads\\\/2024\\\/08\\\/JFW-SM2018-40.jpg&quot;},{&quot;id&quot;:3239,&quot;url&quot;:&quot;https:\\\/\\\/www.friizit-mattertal.ch\\\/wp-content\\\/uploads\\\/2024\\\/08\\\/image0-scaled.jpeg&quot;},{&quot;id&quot;:3263,&quot;url&quot;:&quot;https:\\\/\\\/www.friizit-mattertal.ch\\\/wp-content\\\/uploads\\\/2024\\\/10\\\/133-P1136113-1-scaled.jpg&quot;},{&quot;id&quot;:1262,&quot;url&quot;:&quot;https:\\\/\\\/www.friizit-mattertal.ch\\\/wp-content\\\/uploads\\\/2024\\\/08\\\/Stellisee-scaled.jpg&quot;}],&quot;background_slideshow_lazyload&quot;:&quot;yes&quot;,&quot;background_slideshow_ken_burns&quot;:&quot;yes&quot;,&quot;background_slideshow_loop&quot;:&quot;yes&quot;,&quot;background_slideshow_slide_duration&quot;:5000,&quot;background_slideshow_slide_transition&quot;:&quot;fade&quot;,&quot;background_slideshow_transition_duration&quot;:500,&quot;background_slideshow_ken_burns_zoom_direction&quot;:&quot;in&quot;}\">\n\t\t\t\t<div class=\"elementor-element elementor-element-d5a1fda elementor-widget elementor-widget-heading\" data-id=\"d5a1fda\" data-element_type=\"widget\" data-e-type=\"widget\" data-widget_type=\"heading.default\">\n\t\t\t\t<div class=\"elementor-widget-container\">\n\t\t\t\t\t<h1 class=\"elementor-heading-title elementor-size-default\">Friizit Mattertal<\/h1>\t\t\t\t<\/div>\n\t\t\t\t<\/div>\n\t\t\t\t<div class=\"elementor-element elementor-element-159323c elementor-widget elementor-widget-text-editor\" data-id=\"159323c\" data-element_type=\"widget\" data-e-type=\"widget\" data-widget_type=\"text-editor.default\">\n\t\t\t\t<div class=\"elementor-widget-container\">\n\t\t\t\t\t\t\t\t\t<p>Votre plateforme de associations pour la r\u00e9gion du Mattertal<\/p>\t\t\t\t\t\t\t\t<\/div>\n\t\t\t\t<\/div>\n\t\t\t\t<div class=\"elementor-element elementor-element-2afe989 elementor-view-stacked animated-slow e-transform elementor-shape-circle elementor-invisible elementor-widget elementor-widget-icon\" data-id=\"2afe989\" data-element_type=\"widget\" data-e-type=\"widget\" data-settings=\"{&quot;_animation&quot;:&quot;bounce&quot;,&quot;_transform_skewX_effect&quot;:{&quot;unit&quot;:&quot;px&quot;,&quot;size&quot;:&quot;&quot;,&quot;sizes&quot;:[]},&quot;_transform_skewX_effect_tablet&quot;:{&quot;unit&quot;:&quot;deg&quot;,&quot;size&quot;:&quot;&quot;,&quot;sizes&quot;:[]},&quot;_transform_skewX_effect_mobile&quot;:{&quot;unit&quot;:&quot;deg&quot;,&quot;size&quot;:&quot;&quot;,&quot;sizes&quot;:[]},&quot;_transform_skewY_effect&quot;:{&quot;unit&quot;:&quot;px&quot;,&quot;size&quot;:&quot;&quot;,&quot;sizes&quot;:[]},&quot;_transform_skewY_effect_tablet&quot;:{&quot;unit&quot;:&quot;deg&quot;,&quot;size&quot;:&quot;&quot;,&quot;sizes&quot;:[]},&quot;_transform_skewY_effect_mobile&quot;:{&quot;unit&quot;:&quot;deg&quot;,&quot;size&quot;:&quot;&quot;,&quot;sizes&quot;:[]}}\" data-widget_type=\"icon.default\">\n\t\t\t\t<div class=\"elementor-widget-container\">\n\t\t\t\t\t\t\t<div class=\"elementor-icon-wrapper\">\n\t\t\t<div class=\"elementor-icon\">\n\t\t\t<i aria-hidden=\"true\" class=\"fas fa-arrow-down\"><\/i>\t\t\t<\/div>\n\t\t<\/div>\n\t\t\t\t\t\t<\/div>\n\t\t\t\t<\/div>\n\t\t\t\t<\/div>\n\t\t<section class=\"elementor-element elementor-element-23e6b47 e-flex e-con-boxed e-con e-parent\" data-id=\"23e6b47\" data-element_type=\"container\" data-e-type=\"container\">\n\t\t\t\t\t<div class=\"e-con-inner\">\n\t\t\t\t<div class=\"elementor-element elementor-element-0cf6c34 elementor-widget elementor-widget-text-editor\" data-id=\"0cf6c34\" data-element_type=\"widget\" data-e-type=\"widget\" data-widget_type=\"text-editor.default\">\n\t\t\t\t<div class=\"elementor-widget-container\">\n\t\t\t\t\t\t\t\t\t<h2>Qu&#8217;est-ce que Friizit Mattertal? \ud83c\udf0d\ud83c\udfad\u26bd<\/h2><p>La <strong>plateforme centrale<\/strong> pour la vie associative dans le Mattertal ! Retrouvez ici toutes les <strong>informations<\/strong> sur les associations, le travail associatif, les \u00e9v\u00e9nements et le soutien pour organiser votre propre \u00e9v\u00e9nement. \ud83d\ude80<\/p>\t\t\t\t\t\t\t\t<\/div>\n\t\t\t\t<\/div>\n\t\t\t\t\t<\/div>\n\t\t\t\t<\/section>\n\t\t<section class=\"elementor-element elementor-element-8a2fe53 e-flex e-con-boxed e-con e-parent\" data-id=\"8a2fe53\" data-element_type=\"container\" data-e-type=\"container\">\n\t\t\t\t\t<div class=\"e-con-inner\">\n\t\t\t\t<div class=\"elementor-element elementor-element-6cfd91f elementor-widget elementor-widget-text-editor\" data-id=\"6cfd91f\" data-element_type=\"widget\" data-e-type=\"widget\" data-widget_type=\"text-editor.default\">\n\t\t\t\t<div class=\"elementor-widget-container\">\n\t\t\t\t\t\t\t\t\t<h3>\ud83c\udfc0 <strong data-start=\"1853\" data-end=\"1890\">D\u00e9couvrez toutes les associations<\/strong><\/h3><p data-start=\"1850\" data-end=\"2089\">Friizit Mattertal rassemble toutes les <strong>associations de la r\u00e9gion<\/strong> sur une seule plateforme ! Dans notre aper\u00e7u des associations, vous trouverez toutes les informations importantes sur les associations, y compris les coordonn\u00e9es, afin que vous puissiez les contacter directement.\u00a0\ud83d\udce9<\/p><p data-start=\"2091\" data-end=\"2267\">\ud83d\udca1 <strong data-start=\"2094\" data-end=\"2108\">D\u00e9couvrez:<\/strong><br data-start=\"2108\" data-end=\"2111\" \/>\u2714\ufe0f Quelles <strong>associations sont actives<\/strong> \ud83c\udfc0\ud83c\udfb6\ud83c\udfa8<br data-start=\"2154\" data-end=\"2157\" \/>\u2714\ufe0f Comment vous pouvez <strong>participer ou aider<\/strong> \ud83e\udd1d<br data-start=\"2202\" data-end=\"2205\" \/>\u2714\ufe0f Filtrez par centres d\u2019int\u00e9r\u00eat et trouvez votre place ! \ud83d\udd0d<\/p><p data-start=\"2269\" data-end=\"2359\"><strong>D\u00e9couvrez la diversit\u00e9 de nos associations<\/strong> et trouvez celle qui vous <strong>convient le mieux<\/strong> !<\/p>\t\t\t\t\t\t\t\t<\/div>\n\t\t\t\t<\/div>\n\t\t\t\t<div class=\"elementor-element elementor-element-036293c elementor-widget elementor-widget-button\" data-id=\"036293c\" data-element_type=\"widget\" data-e-type=\"widget\" data-widget_type=\"button.default\">\n\t\t\t\t<div class=\"elementor-widget-container\">\n\t\t\t\t\t\t\t\t\t<div class=\"elementor-button-wrapper\">\n\t\t\t\t\t<a class=\"elementor-button elementor-button-link elementor-size-sm\" href=\"https:\/\/www.friizit-mattertal.ch\/fr\/verein\/\">\n\t\t\t\t\t\t<span class=\"elementor-button-content-wrapper\">\n\t\t\t\t\t\t<span class=\"elementor-button-icon\">\n\t\t\t\t<i aria-hidden=\"true\" class=\"fas fa-link\"><\/i>\t\t\t<\/span>\n\t\t\t\t\t\t\t\t\t<span class=\"elementor-button-text\">Voir la liste des associations<\/span>\n\t\t\t\t\t<\/span>\n\t\t\t\t\t<\/a>\n\t\t\t\t<\/div>\n\t\t\t\t\t\t\t\t<\/div>\n\t\t\t\t<\/div>\n\t\t\t\t\t<\/div>\n\t\t\t\t<\/section>\n\t\t<section class=\"elementor-element elementor-element-4897272 e-flex e-con-boxed e-con e-parent\" data-id=\"4897272\" data-element_type=\"container\" data-e-type=\"container\">\n\t\t\t\t\t<div class=\"e-con-inner\">\n\t\t\t\t<div class=\"elementor-element elementor-element-a47d186 elementor-widget elementor-widget-text-editor\" data-id=\"a47d186\" data-element_type=\"widget\" data-e-type=\"widget\" data-widget_type=\"text-editor.default\">\n\t\t\t\t<div class=\"elementor-widget-container\">\n\t\t\t\t\t\t\t\t\t<h3>\ud83d\udca1 <strong data-start=\"2402\" data-end=\"2421\">Vie associative<\/strong><\/h3><p data-start=\"2399\" data-end=\"2489\">Tout ce que vous devez savoir sur les structures associatives !<\/p><p data-start=\"2491\" data-end=\"2632\">\u2795 <strong data-start=\"2493\" data-end=\"2523\">Cr\u00e9ation d\u2019une association<\/strong> \u2013 Lancez votre propre association. \ud83c\udfd7\ufe0f<br data-start=\"2562\" data-end=\"2565\" \/>\u2795 <strong data-start=\"2567\" data-end=\"2583\">Financements<\/strong> \u2013 Conseils &amp; soutien pour les associations. \ud83d\udcb0<\/p>\t\t\t\t\t\t\t\t<\/div>\n\t\t\t\t<\/div>\n\t\t\t\t<div class=\"elementor-element elementor-element-989980e elementor-widget elementor-widget-button\" data-id=\"989980e\" data-element_type=\"widget\" data-e-type=\"widget\" data-widget_type=\"button.default\">\n\t\t\t\t<div class=\"elementor-widget-container\">\n\t\t\t\t\t\t\t\t\t<div class=\"elementor-button-wrapper\">\n\t\t\t\t\t<a class=\"elementor-button elementor-button-link elementor-size-sm\" href=\"https:\/\/www.friizit-mattertal.ch\/fr\/vie-associative\/\">\n\t\t\t\t\t\t<span class=\"elementor-button-content-wrapper\">\n\t\t\t\t\t\t<span class=\"elementor-button-icon\">\n\t\t\t\t<i aria-hidden=\"true\" class=\"fas fa-link\"><\/i>\t\t\t<\/span>\n\t\t\t\t\t\t\t\t\t<span class=\"elementor-button-text\">En savoir plus sur la vie associative<\/span>\n\t\t\t\t\t<\/span>\n\t\t\t\t\t<\/a>\n\t\t\t\t<\/div>\n\t\t\t\t\t\t\t\t<\/div>\n\t\t\t\t<\/div>\n\t\t\t\t\t<\/div>\n\t\t\t\t<\/section>\n\t\t<section class=\"elementor-element elementor-element-f74064b e-flex e-con-boxed e-con e-parent\" data-id=\"f74064b\" data-element_type=\"container\" data-e-type=\"container\">\n\t\t\t\t\t<div class=\"e-con-inner\">\n\t\t\t\t<div class=\"elementor-element elementor-element-7aadb97 elementor-widget elementor-widget-text-editor\" data-id=\"7aadb97\" data-element_type=\"widget\" data-e-type=\"widget\" data-widget_type=\"text-editor.default\">\n\t\t\t\t<div class=\"elementor-widget-container\">\n\t\t\t\t\t\t\t\t\t<h3>\ud83d\udcc5 <strong data-start=\"2682\" data-end=\"2696\">\u00c9v\u00e9nements<\/strong><\/h3><p data-start=\"2679\" data-end=\"2786\">Restez inform\u00e9 et d\u00e9couvrez tous les<strong> \u00e9v\u00e9nements de notre r\u00e9gion en un coup d&#8217;\u0153il<\/strong> ! \ud83c\udf89<\/p><p data-start=\"2788\" data-end=\"2919\">\ud83d\udccc <strong>Consultez r\u00e9guli\u00e8rement<\/strong> pour ne manquer aucun \u00e9v\u00e9nement.<br data-start=\"2847\" data-end=\"2850\" \/>\ud83d\udccc Ajoutez vos propres \u00e9v\u00e9nements sur la page de <strong>Zermatt Tourisme<\/strong> !<\/p>\t\t\t\t\t\t\t\t<\/div>\n\t\t\t\t<\/div>\n\t\t\t\t<div class=\"elementor-element elementor-element-29bee94 elementor-widget elementor-widget-button\" data-id=\"29bee94\" data-element_type=\"widget\" data-e-type=\"widget\" data-widget_type=\"button.default\">\n\t\t\t\t<div class=\"elementor-widget-container\">\n\t\t\t\t\t\t\t\t\t<div class=\"elementor-button-wrapper\">\n\t\t\t\t\t<a class=\"elementor-button elementor-button-link elementor-size-sm\" href=\"https:\/\/ztnet.ch\/de\/Aktuelles\/Agenda\">\n\t\t\t\t\t\t<span class=\"elementor-button-content-wrapper\">\n\t\t\t\t\t\t<span class=\"elementor-button-icon\">\n\t\t\t\t<i aria-hidden=\"true\" class=\"fas fa-link\"><\/i>\t\t\t<\/span>\n\t\t\t\t\t\t\t\t\t<span class=\"elementor-button-text\">Voir le calendrier des \u00e9v\u00e9nements<\/span>\n\t\t\t\t\t<\/span>\n\t\t\t\t\t<\/a>\n\t\t\t\t<\/div>\n\t\t\t\t\t\t\t\t<\/div>\n\t\t\t\t<\/div>\n\t\t\t\t\t<\/div>\n\t\t\t\t<\/section>\n\t\t<section class=\"elementor-element elementor-element-02ec9b7 e-flex e-con-boxed e-con e-parent\" data-id=\"02ec9b7\" data-element_type=\"container\" data-e-type=\"container\">\n\t\t\t\t\t<div class=\"e-con-inner\">\n\t\t\t\t<div class=\"elementor-element elementor-element-5b8777f elementor-widget elementor-widget-text-editor\" data-id=\"5b8777f\" data-element_type=\"widget\" data-e-type=\"widget\" data-widget_type=\"text-editor.default\">\n\t\t\t\t<div class=\"elementor-widget-container\">\n\t\t\t\t\t\t\t\t\t<h3>\ud83c\udfaf <strong data-start=\"2965\" data-end=\"2994\">Organisation d\u2019\u00e9v\u00e9nements<\/strong><\/h3><p data-start=\"2962\" data-end=\"3088\">Organisez votre propre \u00e9v\u00e9nement dans la r\u00e9gion \u2013 <strong>rapidement, facilement et sans stress<\/strong> !<\/p><p data-start=\"3090\" data-end=\"3256\"><strong>\ud83d\udd39 \u00c9tapes cl\u00e9s de la planification \ud83d\udccb<\/strong><br data-start=\"3127\" data-end=\"3130\" \/><strong>\ud83d\udd39 Lois &amp; r\u00e9glementations \u2696\ufe0f<\/strong><br data-start=\"3158\" data-end=\"3161\" \/><strong>\ud83d\udd39 Normes de s\u00e9curit\u00e9 &amp; autorisations \ud83d\udea8<\/strong><br data-start=\"3201\" data-end=\"3204\" \/><strong>\ud83d\udd39 Tous les documents &amp; formulaires n\u00e9cessaires \ud83d\udcdd<\/strong><\/p><p data-start=\"3258\" data-end=\"3372\">Qu&#8217;il s&#8217;agisse d\u2019un petit ap\u00e9ritif ou d\u2019un grand \u00e9v\u00e9nement, notre <strong>page de planification vous aide \u00e0 tout g\u00e9rer<\/strong> !<\/p>\t\t\t\t\t\t\t\t<\/div>\n\t\t\t\t<\/div>\n\t\t\t\t<div class=\"elementor-element elementor-element-afadf5e elementor-widget elementor-widget-button\" data-id=\"afadf5e\" data-element_type=\"widget\" data-e-type=\"widget\" data-widget_type=\"button.default\">\n\t\t\t\t<div class=\"elementor-widget-container\">\n\t\t\t\t\t\t\t\t\t<div class=\"elementor-button-wrapper\">\n\t\t\t\t\t<a class=\"elementor-button elementor-button-link elementor-size-sm\" href=\"https:\/\/www.friizit-mattertal.ch\/fr\/dossier-devenement\/\">\n\t\t\t\t\t\t<span class=\"elementor-button-content-wrapper\">\n\t\t\t\t\t\t<span class=\"elementor-button-icon\">\n\t\t\t\t<i aria-hidden=\"true\" class=\"fas fa-link\"><\/i>\t\t\t<\/span>\n\t\t\t\t\t\t\t\t\t<span class=\"elementor-button-text\">Voir la page de planification<\/span>\n\t\t\t\t\t<\/span>\n\t\t\t\t\t<\/a>\n\t\t\t\t<\/div>\n\t\t\t\t\t\t\t\t<\/div>\n\t\t\t\t<\/div>\n\t\t\t\t\t<\/div>\n\t\t\t\t<\/section>\n\t\t\t\t<\/div>\n\t\t","protected":false},"excerpt":{"rendered":"<p>Friizit Mattertal Votre plateforme de associations pour la r\u00e9gion du Mattertal Qu&#8217;est-ce que Friizit Mattertal? \ud83c\udf0d\ud83c\udfad\u26bd La plateforme centrale pour la vie associative dans le Mattertal ! Retrouvez ici toutes les informations sur les associations, le travail associatif, les \u00e9v\u00e9nements et le soutien pour organiser votre propre \u00e9v\u00e9nement. \ud83d\ude80 \ud83c\udfc0 D\u00e9couvrez toutes les associations Friizit [&hellip;]<\/p>\n","protected":false},"author":1,"featured_media":0,"parent":0,"menu_order":0,"comment_status":"closed","ping_status":"closed","template":"","meta":{"_acf_changed":false,"footnotes":""},"class_list":["post-1345","page","type-page","status-publish","hentry"],"acf":[],"yoast_head":"<!-- This site is optimized with the Yoast SEO plugin v27.3 - https:\/\/yoast.com\/product\/yoast-seo-wordpress\/ -->\n<title>Home &#8211; Friizit Mattertal |\u00a0Deine Vereinsplattform f\u00fcr das Mattertal<\/title>\n<meta name=\"description\" content=\"Friizit Mattertal \u2013 Deine Vereinsplattform f\u00fcr die Region Mattertal. Alle Vereine der Region auf einer Seite. Hier findest du alle wichtigen Informationen zu den Vereinen, inklusive Kontaktm\u00f6glichkeiten, damit du direkt in Verbindung treten kannst, wenn du interessiert bist.\" \/>\n<meta name=\"robots\" content=\"index, follow, max-snippet:-1, max-image-preview:large, max-video-preview:-1\" \/>\n<link rel=\"canonical\" href=\"https:\/\/www.friizit-mattertal.ch\/fr\/\" \/>\n<meta property=\"og:locale\" content=\"fr_FR\" \/>\n<meta property=\"og:type\" content=\"article\" \/>\n<meta property=\"og:title\" content=\"Home &#8211; Friizit Mattertal |\u00a0Deine Vereinsplattform f\u00fcr das Mattertal\" \/>\n<meta property=\"og:description\" content=\"Friizit Mattertal \u2013 Deine Vereinsplattform f\u00fcr die Region Mattertal. Alle Vereine der Region auf einer Seite. Hier findest du alle wichtigen Informationen zu den Vereinen, inklusive Kontaktm\u00f6glichkeiten, damit du direkt in Verbindung treten kannst, wenn du interessiert bist.\" \/>\n<meta property=\"og:url\" content=\"https:\/\/www.friizit-mattertal.ch\/fr\/\" \/>\n<meta property=\"og:site_name\" content=\"Friizit Mattertal\" \/>\n<meta property=\"article:modified_time\" content=\"2026-02-03T11:09:48+00:00\" \/>\n<meta name=\"twitter:card\" content=\"summary_large_image\" \/>\n<meta name=\"twitter:label1\" content=\"Dur\u00e9e de lecture estim\u00e9e\" \/>\n\t<meta name=\"twitter:data1\" content=\"8 minutes\" \/>\n<script type=\"application\/ld+json\" class=\"yoast-schema-graph\">{\"@context\":\"https:\\\/\\\/schema.org\",\"@graph\":[{\"@type\":\"WebPage\",\"@id\":\"https:\\\/\\\/www.friizit-mattertal.ch\\\/fr\\\/\",\"url\":\"https:\\\/\\\/www.friizit-mattertal.ch\\\/fr\\\/\",\"name\":\"Home &#8211; Friizit Mattertal |\u00a0Deine Vereinsplattform f\u00fcr das Mattertal\",\"isPartOf\":{\"@id\":\"https:\\\/\\\/www.friizit-mattertal.ch\\\/#website\"},\"datePublished\":\"2024-08-08T06:37:21+00:00\",\"dateModified\":\"2026-02-03T11:09:48+00:00\",\"description\":\"Friizit Mattertal \u2013 Deine Vereinsplattform f\u00fcr die Region Mattertal. Alle Vereine der Region auf einer Seite. Hier findest du alle wichtigen Informationen zu den Vereinen, inklusive Kontaktm\u00f6glichkeiten, damit du direkt in Verbindung treten kannst, wenn du interessiert bist.\",\"breadcrumb\":{\"@id\":\"https:\\\/\\\/www.friizit-mattertal.ch\\\/fr\\\/#breadcrumb\"},\"inLanguage\":\"fr-FR\",\"potentialAction\":[{\"@type\":\"ReadAction\",\"target\":[\"https:\\\/\\\/www.friizit-mattertal.ch\\\/fr\\\/\"]}]},{\"@type\":\"BreadcrumbList\",\"@id\":\"https:\\\/\\\/www.friizit-mattertal.ch\\\/fr\\\/#breadcrumb\",\"itemListElement\":[{\"@type\":\"ListItem\",\"position\":1,\"name\":\"Home\",\"item\":\"https:\\\/\\\/www.friizit-mattertal.ch\\\/fr\\\/\"},{\"@type\":\"ListItem\",\"position\":2,\"name\":\"Home\"}]},{\"@type\":\"WebSite\",\"@id\":\"https:\\\/\\\/www.friizit-mattertal.ch\\\/#website\",\"url\":\"https:\\\/\\\/www.friizit-mattertal.ch\\\/\",\"name\":\"Friizit Mattertal |\u00a0Deine Vereinsplattform f\u00fcr das Mattertal\",\"description\":\"\",\"publisher\":{\"@id\":\"https:\\\/\\\/www.friizit-mattertal.ch\\\/#organization\"},\"potentialAction\":[{\"@type\":\"SearchAction\",\"target\":{\"@type\":\"EntryPoint\",\"urlTemplate\":\"https:\\\/\\\/www.friizit-mattertal.ch\\\/?s={search_term_string}\"},\"query-input\":{\"@type\":\"PropertyValueSpecification\",\"valueRequired\":true,\"valueName\":\"search_term_string\"}}],\"inLanguage\":\"fr-FR\"},{\"@type\":\"Organization\",\"@id\":\"https:\\\/\\\/www.friizit-mattertal.ch\\\/#organization\",\"name\":\"Friizit Mattertal |\u00a0Deine Vereinsplattform f\u00fcr das Mattertal\",\"url\":\"https:\\\/\\\/www.friizit-mattertal.ch\\\/\",\"logo\":{\"@type\":\"ImageObject\",\"inLanguage\":\"fr-FR\",\"@id\":\"https:\\\/\\\/www.friizit-mattertal.ch\\\/#\\\/schema\\\/logo\\\/image\\\/\",\"url\":\"https:\\\/\\\/www.friizit-mattertal.ch\\\/wp-content\\\/uploads\\\/2024\\\/08\\\/jastow-icon-1.svg\",\"contentUrl\":\"https:\\\/\\\/www.friizit-mattertal.ch\\\/wp-content\\\/uploads\\\/2024\\\/08\\\/jastow-icon-1.svg\",\"width\":64,\"height\":69,\"caption\":\"Friizit Mattertal |\u00a0Deine Vereinsplattform f\u00fcr das Mattertal\"},\"image\":{\"@id\":\"https:\\\/\\\/www.friizit-mattertal.ch\\\/#\\\/schema\\\/logo\\\/image\\\/\"}}]}<\/script>\n<!-- \/ Yoast SEO plugin. -->","yoast_head_json":{"title":"Home &#8211; Friizit Mattertal |\u00a0Deine Vereinsplattform f\u00fcr das Mattertal","description":"Friizit Mattertal \u2013 Deine Vereinsplattform f\u00fcr die Region Mattertal. Alle Vereine der Region auf einer Seite. Hier findest du alle wichtigen Informationen zu den Vereinen, inklusive Kontaktm\u00f6glichkeiten, damit du direkt in Verbindung treten kannst, wenn du interessiert bist.","robots":{"index":"index","follow":"follow","max-snippet":"max-snippet:-1","max-image-preview":"max-image-preview:large","max-video-preview":"max-video-preview:-1"},"canonical":"https:\/\/www.friizit-mattertal.ch\/fr\/","og_locale":"fr_FR","og_type":"article","og_title":"Home &#8211; Friizit Mattertal |\u00a0Deine Vereinsplattform f\u00fcr das Mattertal","og_description":"Friizit Mattertal \u2013 Deine Vereinsplattform f\u00fcr die Region Mattertal. Alle Vereine der Region auf einer Seite. Hier findest du alle wichtigen Informationen zu den Vereinen, inklusive Kontaktm\u00f6glichkeiten, damit du direkt in Verbindung treten kannst, wenn du interessiert bist.","og_url":"https:\/\/www.friizit-mattertal.ch\/fr\/","og_site_name":"Friizit Mattertal","article_modified_time":"2026-02-03T11:09:48+00:00","twitter_card":"summary_large_image","twitter_misc":{"Dur\u00e9e de lecture estim\u00e9e":"8 minutes"},"schema":{"@context":"https:\/\/schema.org","@graph":[{"@type":"WebPage","@id":"https:\/\/www.friizit-mattertal.ch\/fr\/","url":"https:\/\/www.friizit-mattertal.ch\/fr\/","name":"Home &#8211; Friizit Mattertal |\u00a0Deine Vereinsplattform f\u00fcr das Mattertal","isPartOf":{"@id":"https:\/\/www.friizit-mattertal.ch\/#website"},"datePublished":"2024-08-08T06:37:21+00:00","dateModified":"2026-02-03T11:09:48+00:00","description":"Friizit Mattertal \u2013 Deine Vereinsplattform f\u00fcr die Region Mattertal. Alle Vereine der Region auf einer Seite. Hier findest du alle wichtigen Informationen zu den Vereinen, inklusive Kontaktm\u00f6glichkeiten, damit du direkt in Verbindung treten kannst, wenn du interessiert bist.","breadcrumb":{"@id":"https:\/\/www.friizit-mattertal.ch\/fr\/#breadcrumb"},"inLanguage":"fr-FR","potentialAction":[{"@type":"ReadAction","target":["https:\/\/www.friizit-mattertal.ch\/fr\/"]}]},{"@type":"BreadcrumbList","@id":"https:\/\/www.friizit-mattertal.ch\/fr\/#breadcrumb","itemListElement":[{"@type":"ListItem","position":1,"name":"Home","item":"https:\/\/www.friizit-mattertal.ch\/fr\/"},{"@type":"ListItem","position":2,"name":"Home"}]},{"@type":"WebSite","@id":"https:\/\/www.friizit-mattertal.ch\/#website","url":"https:\/\/www.friizit-mattertal.ch\/","name":"Friizit Mattertal |\u00a0Deine Vereinsplattform f\u00fcr das Mattertal","description":"","publisher":{"@id":"https:\/\/www.friizit-mattertal.ch\/#organization"},"potentialAction":[{"@type":"SearchAction","target":{"@type":"EntryPoint","urlTemplate":"https:\/\/www.friizit-mattertal.ch\/?s={search_term_string}"},"query-input":{"@type":"PropertyValueSpecification","valueRequired":true,"valueName":"search_term_string"}}],"inLanguage":"fr-FR"},{"@type":"Organization","@id":"https:\/\/www.friizit-mattertal.ch\/#organization","name":"Friizit Mattertal |\u00a0Deine Vereinsplattform f\u00fcr das Mattertal","url":"https:\/\/www.friizit-mattertal.ch\/","logo":{"@type":"ImageObject","inLanguage":"fr-FR","@id":"https:\/\/www.friizit-mattertal.ch\/#\/schema\/logo\/image\/","url":"https:\/\/www.friizit-mattertal.ch\/wp-content\/uploads\/2024\/08\/jastow-icon-1.svg","contentUrl":"https:\/\/www.friizit-mattertal.ch\/wp-content\/uploads\/2024\/08\/jastow-icon-1.svg","width":64,"height":69,"caption":"Friizit Mattertal |\u00a0Deine Vereinsplattform f\u00fcr das Mattertal"},"image":{"@id":"https:\/\/www.friizit-mattertal.ch\/#\/schema\/logo\/image\/"}}]}},"_links":{"self":[{"href":"https:\/\/www.friizit-mattertal.ch\/fr\/wp-json\/wp\/v2\/pages\/1345","targetHints":{"allow":["GET"]}}],"collection":[{"href":"https:\/\/www.friizit-mattertal.ch\/fr\/wp-json\/wp\/v2\/pages"}],"about":[{"href":"https:\/\/www.friizit-mattertal.ch\/fr\/wp-json\/wp\/v2\/types\/page"}],"author":[{"embeddable":true,"href":"https:\/\/www.friizit-mattertal.ch\/fr\/wp-json\/wp\/v2\/users\/1"}],"replies":[{"embeddable":true,"href":"https:\/\/www.friizit-mattertal.ch\/fr\/wp-json\/wp\/v2\/comments?post=1345"}],"version-history":[{"count":48,"href":"https:\/\/www.friizit-mattertal.ch\/fr\/wp-json\/wp\/v2\/pages\/1345\/revisions"}],"predecessor-version":[{"id":4299,"href":"https:\/\/www.friizit-mattertal.ch\/fr\/wp-json\/wp\/v2\/pages\/1345\/revisions\/4299"}],"wp:attachment":[{"href":"https:\/\/www.friizit-mattertal.ch\/fr\/wp-json\/wp\/v2\/media?parent=1345"}],"curies":[{"name":"wp","href":"https:\/\/api.w.org\/{rel}","templated":true}]}}