{"id":2324,"date":"2025-03-04T14:50:45","date_gmt":"2025-03-04T14:50:45","guid":{"rendered":"https:\/\/www.friizit-mattertal.ch\/finanzierungsmoeglichkeiten\/"},"modified":"2025-04-07T06:52:50","modified_gmt":"2025-04-07T06:52:50","slug":"options-de-financement","status":"publish","type":"page","link":"https:\/\/www.friizit-mattertal.ch\/fr\/options-de-financement\/","title":{"rendered":"Options de financement"},"content":{"rendered":"\t\t<div data-elementor-type=\"wp-page\" data-elementor-id=\"2324\" class=\"elementor elementor-2324 elementor-2059\" data-elementor-post-type=\"page\">\n\t\t\t\t<div class=\"elementor-element elementor-element-e8e2f22 e-con-full e-flex e-con e-parent\" data-id=\"e8e2f22\" data-element_type=\"container\" data-e-type=\"container\">\n\t\t\t\t<div class=\"elementor-element elementor-element-3ac20f1 image-slider elementor-widget elementor-widget-image-carousel\" data-id=\"3ac20f1\" data-element_type=\"widget\" data-e-type=\"widget\" data-settings=\"{&quot;slides_to_show&quot;:&quot;3&quot;,&quot;navigation&quot;:&quot;none&quot;,&quot;image_spacing_custom&quot;:{&quot;unit&quot;:&quot;px&quot;,&quot;size&quot;:0,&quot;sizes&quot;:[]},&quot;autoplay&quot;:&quot;yes&quot;,&quot;autoplay_speed&quot;:5000,&quot;infinite&quot;:&quot;yes&quot;,&quot;speed&quot;:500,&quot;image_spacing_custom_tablet&quot;:{&quot;unit&quot;:&quot;px&quot;,&quot;size&quot;:&quot;&quot;,&quot;sizes&quot;:[]},&quot;image_spacing_custom_mobile&quot;:{&quot;unit&quot;:&quot;px&quot;,&quot;size&quot;:&quot;&quot;,&quot;sizes&quot;:[]}}\" data-widget_type=\"image-carousel.default\">\n\t\t\t\t<div class=\"elementor-widget-container\">\n\t\t\t\t\t\t\t<div class=\"elementor-image-carousel-wrapper swiper\" role=\"region\" aria-roledescription=\"carousel\" aria-label=\"Carrousel d\u2019images\" dir=\"ltr\">\n\t\t\t<div class=\"elementor-image-carousel swiper-wrapper swiper-image-stretch\" aria-live=\"off\">\n\t\t\t\t\t\t\t\t<div class=\"swiper-slide\" role=\"group\" aria-roledescription=\"slide\" aria-label=\"1 sur 5\"><figure class=\"swiper-slide-inner\"><img decoding=\"async\" class=\"swiper-slide-image\" src=\"https:\/\/www.friizit-mattertal.ch\/wp-content\/uploads\/2025\/03\/startup-594090-1024x683.jpg\" alt=\"startup-594090\" \/><\/figure><\/div><div class=\"swiper-slide\" role=\"group\" aria-roledescription=\"slide\" aria-label=\"2 sur 5\"><figure class=\"swiper-slide-inner\"><img decoding=\"async\" class=\"swiper-slide-image\" src=\"https:\/\/www.friizit-mattertal.ch\/wp-content\/uploads\/2025\/03\/team-386673-1024x768.jpg\" alt=\"team-386673\" \/><\/figure><\/div><div class=\"swiper-slide\" role=\"group\" aria-roledescription=\"slide\" aria-label=\"3 sur 5\"><figure class=\"swiper-slide-inner\"><img decoding=\"async\" class=\"swiper-slide-image\" src=\"https:\/\/www.friizit-mattertal.ch\/wp-content\/uploads\/2025\/03\/team-7278740-1024x683.jpg\" alt=\"team-7278740\" \/><\/figure><\/div><div class=\"swiper-slide\" role=\"group\" aria-roledescription=\"slide\" aria-label=\"4 sur 5\"><figure class=\"swiper-slide-inner\"><img decoding=\"async\" class=\"swiper-slide-image\" src=\"https:\/\/www.friizit-mattertal.ch\/wp-content\/uploads\/2025\/03\/unit-5559160-1024x645.jpg\" alt=\"unit-5559160\" \/><\/figure><\/div><div class=\"swiper-slide\" role=\"group\" aria-roledescription=\"slide\" aria-label=\"5 sur 5\"><figure class=\"swiper-slide-inner\"><img decoding=\"async\" class=\"swiper-slide-image\" src=\"https:\/\/www.friizit-mattertal.ch\/wp-content\/uploads\/2025\/03\/cloud-7374149-1024x683.jpg\" alt=\"cloud-7374149\" \/><\/figure><\/div>\t\t\t<\/div>\n\t\t\t\t\t\t\t\n\t\t\t\t\t\t\t\t\t<\/div>\n\t\t\t\t\t\t<\/div>\n\t\t\t\t<\/div>\n\t\t\t\t<\/div>\n\t\t<div class=\"elementor-element elementor-element-81bdf6b e-con-full breadcrumb e-flex e-con e-parent\" data-id=\"81bdf6b\" data-element_type=\"container\" data-e-type=\"container\">\n\t\t\t\t<div class=\"elementor-element elementor-element-3866760 elementor-widget elementor-widget-shortcode\" data-id=\"3866760\" data-element_type=\"widget\" data-e-type=\"widget\" data-widget_type=\"shortcode.default\">\n\t\t\t\t<div class=\"elementor-widget-container\">\n\t\t\t\t\t\t\t<div class=\"elementor-shortcode\"><span><span><a href=\"https:\/\/www.friizit-mattertal.ch\/fr\/\">Home<\/a><\/span><\/span>\n<\/div>\n\t\t\t\t\t\t<\/div>\n\t\t\t\t<\/div>\n\t\t\t\t<\/div>\n\t\t<section class=\"elementor-element elementor-element-f9449d0 e-flex e-con-boxed elementor-invisible e-con e-parent\" data-id=\"f9449d0\" data-element_type=\"container\" data-e-type=\"container\" data-settings=\"{&quot;animation&quot;:&quot;fadeInUp&quot;}\">\n\t\t\t\t\t<div class=\"e-con-inner\">\n\t\t\t\t<div class=\"elementor-element elementor-element-d57f4a8 elementor-widget elementor-widget-heading\" data-id=\"d57f4a8\" data-element_type=\"widget\" data-e-type=\"widget\" data-widget_type=\"heading.default\">\n\t\t\t\t<div class=\"elementor-widget-container\">\n\t\t\t\t\t<h1 class=\"elementor-heading-title elementor-size-default\">Possibilit\u00e9s de financement pour les associations<\/h1>\t\t\t\t<\/div>\n\t\t\t\t<\/div>\n\t\t\t\t\t<\/div>\n\t\t\t\t<\/section>\n\t\t<section class=\"elementor-element elementor-element-4988f0d e-flex e-con-boxed e-con e-parent\" data-id=\"4988f0d\" data-element_type=\"container\" data-e-type=\"container\">\n\t\t\t\t\t<div class=\"e-con-inner\">\n\t\t\t\t<div class=\"elementor-element elementor-element-4392c71 elementor-widget elementor-widget-text-editor\" data-id=\"4392c71\" data-element_type=\"widget\" data-e-type=\"widget\" data-widget_type=\"text-editor.default\">\n\t\t\t\t<div class=\"elementor-widget-container\">\n\t\t\t\t\t\t\t\t\t<p>Les associations peuvent obtenir des ressources financi\u00e8res de diff\u00e9rentes mani\u00e8res pour r\u00e9aliser leurs <strong>projets et activit\u00e9s<\/strong> \ud83d\ude80. Voici les <strong>principales m\u00e9thodes de financement<\/strong> :<\/p>\t\t\t\t\t\t\t\t<\/div>\n\t\t\t\t<\/div>\n\t\t\t\t<div class=\"elementor-element elementor-element-ad40d74 elementor-widget elementor-widget-text-editor\" data-id=\"ad40d74\" data-element_type=\"widget\" data-e-type=\"widget\" data-widget_type=\"text-editor.default\">\n\t\t\t\t<div class=\"elementor-widget-container\">\n\t\t\t\t\t\t\t\t\t<h3 data-start=\"514\" data-end=\"542\">Cotisations des membres \ud83d\udcb3<\/h3><p data-start=\"544\" data-end=\"718\">Les contributions r\u00e9guli\u00e8res des membres de l&#8217;association constituent souvent la base financi\u00e8re d&#8217;une association. Elles assurent le financement de base et permettent de planifier des activit\u00e9s.<\/p><h3 data-start=\"514\" data-end=\"542\">Dons \u2764\ufe0f<\/h3><p data-start=\"740\" data-end=\"830\">\ud83d\udcb8 <strong data-start=\"3182\" data-end=\"3199\">Dons priv\u00e9s :<\/strong> Les particuliers soutiennent l&#8217;association financi\u00e8rement sans rien attendre en retour.<br data-start=\"3287\" data-end=\"3290\" \/>\ud83c\udfe2 <strong data-start=\"3293\" data-end=\"3317\">Dons d&#8217;entreprises :<\/strong> Les entreprises soutiennent les associations dans le cadre de leur responsabilit\u00e9 soci\u00e9tale (CSR).<\/p><h3 data-start=\"514\" data-end=\"542\">Sponsoring \ud83e\udd1d<\/h3><p data-start=\"964\" data-end=\"1153\">Les entreprises offrent un soutien financier ou en nature, mais attendent en retour des opportunit\u00e9s de publicit\u00e9, comme des logos sur les supports de l&#8217;association ou des mentions dans les publications. Le montant souhait\u00e9 doit \u00eatre communiqu\u00e9 au sponsor, puis les contreparties seront discut\u00e9es. Il est important que l&#8217;association r\u00e9fl\u00e9chisse aux contreparties qu&#8217;elle peut et souhaite offrir pour un certain montant.<br \/><strong>\u2794 <a href=\"https:\/\/www.friizit-mattertal.ch\/wp-content\/uploads\/2025\/03\/Vorlage-Sponsoringdossier.docx\">\ud83d\udd17 Mod\u00e8le de dossier de sponsoring<\/a><\/strong><\/p><h3 data-start=\"514\" data-end=\"542\">Subventions et aides publiques \ud83c\udfdb\ufe0f<\/h3><p data-start=\"1286\" data-end=\"1379\">\ud83d\udccd <strong data-start=\"3942\" data-end=\"3964\">Soutien communal :<\/strong> De nombreuses communes offrent une aide financi\u00e8re aux associations locales.<br data-start=\"4041\" data-end=\"4044\" \/>Dans la r\u00e9gion, le Fonds pour la jeunesse dans les communes de Zermatt, T\u00e4sch et Randa soutient des projets pour les enfants, les jeunes et les jeunes adultes jusqu&#8217;\u00e0 25 ans.<br \/><strong>\u2794 <a href=\"https:\/\/www.jastow.ch\/jugendfonds-der-gemeinde-zermatt\/\" target=\"_blank\" rel=\"noopener\">\ud83d\udd17 Fonds pour la jeunesse<\/a><\/strong><\/p><p data-start=\"1381\" data-end=\"1500\">\u2696\ufe0f <strong data-start=\"4253\" data-end=\"4290\">Financement cantonal et f\u00e9d\u00e9ral :<\/strong> Selon le projet, des subventions peuvent \u00eatre demand\u00e9es aupr\u00e8s des autorit\u00e9s cantonales ou f\u00e9d\u00e9rales.<br \/><strong>\u2794 <a href=\"https:\/\/www.vs.ch\/de\/web\/scj\/soutien-aux-projets\" target=\"_blank\" rel=\"noopener\">\ud83d\udd17 Commission jeunesse du canton du Valais<\/a><br \/>\u2794 <a href=\"https:\/\/sport.vs.ch\/de\/fonds-du-sport\" target=\"_blank\" rel=\"noopener\">\ud83d\udd17 Fonds de sport du Valais<\/a><\/strong><\/p><h3 data-start=\"514\" data-end=\"542\">Fondations \ud83c\udfc6<\/h3><p data-start=\"1531\" data-end=\"1672\">Il existe de nombreuses fondations qui soutiennent des projets \u00e0 but non lucratif. Il est recommand\u00e9 de rechercher les fondations qui correspondent \u00e0 votre projet. Le but et l&#8217;objectif d&#8217;une fondation doivent correspondre \u00e0 ceux de votre projet ou \u00e9v\u00e9nement.<br \/><strong>\u2794 <a href=\"https:\/\/stiftungschweiz.ch\/stiftungsverzeichnis\/\" target=\"_blank\" rel=\"noopener\">\ud83d\udd17 R\u00e9pertoire des fondations<\/a><\/strong><\/p><h3 data-start=\"1739\" data-end=\"1770\">\u00c9v\u00e9nements de collecte de fonds \ud83c\udf9f\ufe0f<\/h3><p data-start=\"1772\" data-end=\"1883\">Des \u00e9v\u00e9nements tels que des concerts de charit\u00e9, des march\u00e9s aux puces ou des tombolas peuvent g\u00e9n\u00e9rer des fonds suppl\u00e9mentaires.<br data-start=\"4957\" data-end=\"4960\" \/>\u26a0\ufe0f Remarque : La collecte de fonds est r\u00e9serv\u00e9e aux <strong>organisations \u00e0 but non lucratif<\/strong> !<br \/><strong>\u2794 <a href=\"https:\/\/www.lokalhelden.ch\/start.html\" target=\"_blank\" rel=\"noopener\">\ud83d\udd17 Local Heroes Raiffeisenbank<\/a><\/strong><\/p><h3 data-start=\"1885\" data-end=\"1908\">Crowdfunding \ud83c\udf10<\/h3><p data-start=\"1910\" data-end=\"2007\">Les plateformes en ligne permettent de pr\u00e9senter des projets et de trouver des soutiens financiers.<br \/><strong>\u2794 <a href=\"https:\/\/www.lokalhelden.ch\/start.html\" target=\"_blank\" rel=\"noopener\">\ud83d\udd17 Local Heroes Raiffeisenbank<\/a><\/strong><\/p><p data-start=\"5241\" data-end=\"5728\">\u26a0\ufe0f Remarque : Il est important de trouver les bonnes options de financement pour votre association et de d\u00e9velopper des concepts correspondants. Une planification minutieuse et une communication transparente augmentent les chances de succ\u00e8s dans la collecte de fonds. Le contact personnel peut favoriser le succ\u00e8s dans l&#8217;obtention de financements, et une bonne pr\u00e9paration pour pr\u00e9senter votre projet est essentielle pour convaincre les donateurs potentiels de la valeur de votre projet.<\/p>\t\t\t\t\t\t\t\t<\/div>\n\t\t\t\t<\/div>\n\t\t\t\t\t<\/div>\n\t\t\t\t<\/section>\n\t\t\t\t<\/div>\n\t\t","protected":false},"excerpt":{"rendered":"<p>Possibilit\u00e9s de financement pour les associations Les associations peuvent obtenir des ressources financi\u00e8res de diff\u00e9rentes mani\u00e8res pour r\u00e9aliser leurs projets et activit\u00e9s \ud83d\ude80. Voici les principales m\u00e9thodes de financement : Cotisations des membres \ud83d\udcb3 Les contributions r\u00e9guli\u00e8res des membres de l&#8217;association constituent souvent la base financi\u00e8re d&#8217;une association. Elles assurent le financement de base et [&hellip;]<\/p>\n","protected":false},"author":2,"featured_media":0,"parent":0,"menu_order":0,"comment_status":"closed","ping_status":"closed","template":"","meta":{"_acf_changed":false,"footnotes":""},"class_list":["post-2324","page","type-page","status-publish","hentry"],"acf":[],"yoast_head":"<!-- This site is optimized with the Yoast SEO plugin v27.3 - https:\/\/yoast.com\/product\/yoast-seo-wordpress\/ -->\n<title>Options de financement &#8211; Friizit Mattertal |\u00a0Deine Vereinsplattform f\u00fcr das Mattertal<\/title>\n<meta name=\"description\" content=\"Event-Dossier \u2013 Wenn du eine Veranstaltung organisieren m\u00f6chtest gibt es einige Dinge, die du beachten und bei der Gemeinde einreichen musst. Hier findest du alle ben\u00f6tigten Informationen.\" \/>\n<meta name=\"robots\" content=\"index, follow, max-snippet:-1, max-image-preview:large, max-video-preview:-1\" \/>\n<link rel=\"canonical\" href=\"https:\/\/www.friizit-mattertal.ch\/fr\/options-de-financement\/\" \/>\n<meta property=\"og:locale\" content=\"fr_FR\" \/>\n<meta property=\"og:type\" content=\"article\" \/>\n<meta property=\"og:title\" content=\"Options de financement &#8211; Friizit Mattertal |\u00a0Deine Vereinsplattform f\u00fcr das Mattertal\" \/>\n<meta property=\"og:description\" content=\"Event-Dossier \u2013 Wenn du eine Veranstaltung organisieren m\u00f6chtest gibt es einige Dinge, die du beachten und bei der Gemeinde einreichen musst. Hier findest du alle ben\u00f6tigten Informationen.\" \/>\n<meta property=\"og:url\" content=\"https:\/\/www.friizit-mattertal.ch\/fr\/options-de-financement\/\" \/>\n<meta property=\"og:site_name\" content=\"Friizit Mattertal\" \/>\n<meta property=\"article:modified_time\" content=\"2025-04-07T06:52:50+00:00\" \/>\n<meta property=\"og:image\" content=\"https:\/\/www.friizit-mattertal.ch\/wp-content\/uploads\/2025\/03\/startup-594090-1024x683.jpg\" \/>\n<meta name=\"twitter:card\" content=\"summary_large_image\" \/>\n<meta name=\"twitter:label1\" content=\"Dur\u00e9e de lecture estim\u00e9e\" \/>\n\t<meta name=\"twitter:data1\" content=\"4 minutes\" \/>\n<script type=\"application\/ld+json\" class=\"yoast-schema-graph\">{\"@context\":\"https:\\\/\\\/schema.org\",\"@graph\":[{\"@type\":\"WebPage\",\"@id\":\"https:\\\/\\\/www.friizit-mattertal.ch\\\/fr\\\/options-de-financement\\\/\",\"url\":\"https:\\\/\\\/www.friizit-mattertal.ch\\\/fr\\\/options-de-financement\\\/\",\"name\":\"Options de financement &#8211; Friizit Mattertal |\u00a0Deine Vereinsplattform f\u00fcr das Mattertal\",\"isPartOf\":{\"@id\":\"https:\\\/\\\/www.friizit-mattertal.ch\\\/#website\"},\"primaryImageOfPage\":{\"@id\":\"https:\\\/\\\/www.friizit-mattertal.ch\\\/fr\\\/options-de-financement\\\/#primaryimage\"},\"image\":{\"@id\":\"https:\\\/\\\/www.friizit-mattertal.ch\\\/fr\\\/options-de-financement\\\/#primaryimage\"},\"thumbnailUrl\":\"https:\\\/\\\/www.friizit-mattertal.ch\\\/wp-content\\\/uploads\\\/2025\\\/03\\\/startup-594090-1024x683.jpg\",\"datePublished\":\"2025-03-04T14:50:45+00:00\",\"dateModified\":\"2025-04-07T06:52:50+00:00\",\"description\":\"Event-Dossier \u2013 Wenn du eine Veranstaltung organisieren m\u00f6chtest gibt es einige Dinge, die du beachten und bei der Gemeinde einreichen musst. Hier findest du alle ben\u00f6tigten Informationen.\",\"breadcrumb\":{\"@id\":\"https:\\\/\\\/www.friizit-mattertal.ch\\\/fr\\\/options-de-financement\\\/#breadcrumb\"},\"inLanguage\":\"fr-FR\",\"potentialAction\":[{\"@type\":\"ReadAction\",\"target\":[\"https:\\\/\\\/www.friizit-mattertal.ch\\\/fr\\\/options-de-financement\\\/\"]}]},{\"@type\":\"ImageObject\",\"inLanguage\":\"fr-FR\",\"@id\":\"https:\\\/\\\/www.friizit-mattertal.ch\\\/fr\\\/options-de-financement\\\/#primaryimage\",\"url\":\"https:\\\/\\\/www.friizit-mattertal.ch\\\/wp-content\\\/uploads\\\/2025\\\/03\\\/startup-594090-1024x683.jpg\",\"contentUrl\":\"https:\\\/\\\/www.friizit-mattertal.ch\\\/wp-content\\\/uploads\\\/2025\\\/03\\\/startup-594090-1024x683.jpg\"},{\"@type\":\"BreadcrumbList\",\"@id\":\"https:\\\/\\\/www.friizit-mattertal.ch\\\/fr\\\/options-de-financement\\\/#breadcrumb\",\"itemListElement\":[{\"@type\":\"ListItem\",\"position\":1,\"name\":\"Home\",\"item\":\"https:\\\/\\\/www.friizit-mattertal.ch\\\/fr\\\/\"},{\"@type\":\"ListItem\",\"position\":2,\"name\":\"Options de financement\"}]},{\"@type\":\"WebSite\",\"@id\":\"https:\\\/\\\/www.friizit-mattertal.ch\\\/#website\",\"url\":\"https:\\\/\\\/www.friizit-mattertal.ch\\\/\",\"name\":\"Friizit Mattertal |\u00a0Deine Vereinsplattform f\u00fcr das Mattertal\",\"description\":\"\",\"publisher\":{\"@id\":\"https:\\\/\\\/www.friizit-mattertal.ch\\\/#organization\"},\"potentialAction\":[{\"@type\":\"SearchAction\",\"target\":{\"@type\":\"EntryPoint\",\"urlTemplate\":\"https:\\\/\\\/www.friizit-mattertal.ch\\\/?s={search_term_string}\"},\"query-input\":{\"@type\":\"PropertyValueSpecification\",\"valueRequired\":true,\"valueName\":\"search_term_string\"}}],\"inLanguage\":\"fr-FR\"},{\"@type\":\"Organization\",\"@id\":\"https:\\\/\\\/www.friizit-mattertal.ch\\\/#organization\",\"name\":\"Friizit Mattertal |\u00a0Deine Vereinsplattform f\u00fcr das Mattertal\",\"url\":\"https:\\\/\\\/www.friizit-mattertal.ch\\\/\",\"logo\":{\"@type\":\"ImageObject\",\"inLanguage\":\"fr-FR\",\"@id\":\"https:\\\/\\\/www.friizit-mattertal.ch\\\/#\\\/schema\\\/logo\\\/image\\\/\",\"url\":\"https:\\\/\\\/www.friizit-mattertal.ch\\\/wp-content\\\/uploads\\\/2024\\\/08\\\/jastow-icon-1.svg\",\"contentUrl\":\"https:\\\/\\\/www.friizit-mattertal.ch\\\/wp-content\\\/uploads\\\/2024\\\/08\\\/jastow-icon-1.svg\",\"width\":64,\"height\":69,\"caption\":\"Friizit Mattertal |\u00a0Deine Vereinsplattform f\u00fcr das Mattertal\"},\"image\":{\"@id\":\"https:\\\/\\\/www.friizit-mattertal.ch\\\/#\\\/schema\\\/logo\\\/image\\\/\"}}]}<\/script>\n<!-- \/ Yoast SEO plugin. -->","yoast_head_json":{"title":"Options de financement &#8211; Friizit Mattertal |\u00a0Deine Vereinsplattform f\u00fcr das Mattertal","description":"Event-Dossier \u2013 Wenn du eine Veranstaltung organisieren m\u00f6chtest gibt es einige Dinge, die du beachten und bei der Gemeinde einreichen musst. Hier findest du alle ben\u00f6tigten Informationen.","robots":{"index":"index","follow":"follow","max-snippet":"max-snippet:-1","max-image-preview":"max-image-preview:large","max-video-preview":"max-video-preview:-1"},"canonical":"https:\/\/www.friizit-mattertal.ch\/fr\/options-de-financement\/","og_locale":"fr_FR","og_type":"article","og_title":"Options de financement &#8211; Friizit Mattertal |\u00a0Deine Vereinsplattform f\u00fcr das Mattertal","og_description":"Event-Dossier \u2013 Wenn du eine Veranstaltung organisieren m\u00f6chtest gibt es einige Dinge, die du beachten und bei der Gemeinde einreichen musst. Hier findest du alle ben\u00f6tigten Informationen.","og_url":"https:\/\/www.friizit-mattertal.ch\/fr\/options-de-financement\/","og_site_name":"Friizit Mattertal","article_modified_time":"2025-04-07T06:52:50+00:00","og_image":[{"url":"https:\/\/www.friizit-mattertal.ch\/wp-content\/uploads\/2025\/03\/startup-594090-1024x683.jpg","type":"","width":"","height":""}],"twitter_card":"summary_large_image","twitter_misc":{"Dur\u00e9e de lecture estim\u00e9e":"4 minutes"},"schema":{"@context":"https:\/\/schema.org","@graph":[{"@type":"WebPage","@id":"https:\/\/www.friizit-mattertal.ch\/fr\/options-de-financement\/","url":"https:\/\/www.friizit-mattertal.ch\/fr\/options-de-financement\/","name":"Options de financement &#8211; Friizit Mattertal |\u00a0Deine Vereinsplattform f\u00fcr das Mattertal","isPartOf":{"@id":"https:\/\/www.friizit-mattertal.ch\/#website"},"primaryImageOfPage":{"@id":"https:\/\/www.friizit-mattertal.ch\/fr\/options-de-financement\/#primaryimage"},"image":{"@id":"https:\/\/www.friizit-mattertal.ch\/fr\/options-de-financement\/#primaryimage"},"thumbnailUrl":"https:\/\/www.friizit-mattertal.ch\/wp-content\/uploads\/2025\/03\/startup-594090-1024x683.jpg","datePublished":"2025-03-04T14:50:45+00:00","dateModified":"2025-04-07T06:52:50+00:00","description":"Event-Dossier \u2013 Wenn du eine Veranstaltung organisieren m\u00f6chtest gibt es einige Dinge, die du beachten und bei der Gemeinde einreichen musst. Hier findest du alle ben\u00f6tigten Informationen.","breadcrumb":{"@id":"https:\/\/www.friizit-mattertal.ch\/fr\/options-de-financement\/#breadcrumb"},"inLanguage":"fr-FR","potentialAction":[{"@type":"ReadAction","target":["https:\/\/www.friizit-mattertal.ch\/fr\/options-de-financement\/"]}]},{"@type":"ImageObject","inLanguage":"fr-FR","@id":"https:\/\/www.friizit-mattertal.ch\/fr\/options-de-financement\/#primaryimage","url":"https:\/\/www.friizit-mattertal.ch\/wp-content\/uploads\/2025\/03\/startup-594090-1024x683.jpg","contentUrl":"https:\/\/www.friizit-mattertal.ch\/wp-content\/uploads\/2025\/03\/startup-594090-1024x683.jpg"},{"@type":"BreadcrumbList","@id":"https:\/\/www.friizit-mattertal.ch\/fr\/options-de-financement\/#breadcrumb","itemListElement":[{"@type":"ListItem","position":1,"name":"Home","item":"https:\/\/www.friizit-mattertal.ch\/fr\/"},{"@type":"ListItem","position":2,"name":"Options de financement"}]},{"@type":"WebSite","@id":"https:\/\/www.friizit-mattertal.ch\/#website","url":"https:\/\/www.friizit-mattertal.ch\/","name":"Friizit Mattertal |\u00a0Deine Vereinsplattform f\u00fcr das Mattertal","description":"","publisher":{"@id":"https:\/\/www.friizit-mattertal.ch\/#organization"},"potentialAction":[{"@type":"SearchAction","target":{"@type":"EntryPoint","urlTemplate":"https:\/\/www.friizit-mattertal.ch\/?s={search_term_string}"},"query-input":{"@type":"PropertyValueSpecification","valueRequired":true,"valueName":"search_term_string"}}],"inLanguage":"fr-FR"},{"@type":"Organization","@id":"https:\/\/www.friizit-mattertal.ch\/#organization","name":"Friizit Mattertal |\u00a0Deine Vereinsplattform f\u00fcr das Mattertal","url":"https:\/\/www.friizit-mattertal.ch\/","logo":{"@type":"ImageObject","inLanguage":"fr-FR","@id":"https:\/\/www.friizit-mattertal.ch\/#\/schema\/logo\/image\/","url":"https:\/\/www.friizit-mattertal.ch\/wp-content\/uploads\/2024\/08\/jastow-icon-1.svg","contentUrl":"https:\/\/www.friizit-mattertal.ch\/wp-content\/uploads\/2024\/08\/jastow-icon-1.svg","width":64,"height":69,"caption":"Friizit Mattertal |\u00a0Deine Vereinsplattform f\u00fcr das Mattertal"},"image":{"@id":"https:\/\/www.friizit-mattertal.ch\/#\/schema\/logo\/image\/"}}]}},"_links":{"self":[{"href":"https:\/\/www.friizit-mattertal.ch\/fr\/wp-json\/wp\/v2\/pages\/2324","targetHints":{"allow":["GET"]}}],"collection":[{"href":"https:\/\/www.friizit-mattertal.ch\/fr\/wp-json\/wp\/v2\/pages"}],"about":[{"href":"https:\/\/www.friizit-mattertal.ch\/fr\/wp-json\/wp\/v2\/types\/page"}],"author":[{"embeddable":true,"href":"https:\/\/www.friizit-mattertal.ch\/fr\/wp-json\/wp\/v2\/users\/2"}],"replies":[{"embeddable":true,"href":"https:\/\/www.friizit-mattertal.ch\/fr\/wp-json\/wp\/v2\/comments?post=2324"}],"version-history":[{"count":8,"href":"https:\/\/www.friizit-mattertal.ch\/fr\/wp-json\/wp\/v2\/pages\/2324\/revisions"}],"predecessor-version":[{"id":2813,"href":"https:\/\/www.friizit-mattertal.ch\/fr\/wp-json\/wp\/v2\/pages\/2324\/revisions\/2813"}],"wp:attachment":[{"href":"https:\/\/www.friizit-mattertal.ch\/fr\/wp-json\/wp\/v2\/media?parent=2324"}],"curies":[{"name":"wp","href":"https:\/\/api.w.org\/{rel}","templated":true}]}}