{"id":2976,"date":"2025-05-14T06:24:23","date_gmt":"2025-05-14T06:24:23","guid":{"rendered":"https:\/\/www.friizit-mattertal.ch\/?page_id=2976"},"modified":"2026-02-19T09:53:58","modified_gmt":"2026-02-19T09:53:58","slug":"actualites-de-friizit-mattertal","status":"publish","type":"page","link":"https:\/\/www.friizit-mattertal.ch\/fr\/actualites-de-friizit-mattertal\/","title":{"rendered":"Actualit\u00e9s de Friizit Mattertal"},"content":{"rendered":"\t\t<div data-elementor-type=\"wp-page\" data-elementor-id=\"2976\" class=\"elementor elementor-2976 elementor-2974\" data-elementor-post-type=\"page\">\n\t\t\t\t<div class=\"elementor-element elementor-element-e8e2f22 e-con-full e-flex e-con e-parent\" data-id=\"e8e2f22\" data-element_type=\"container\" data-e-type=\"container\">\n\t\t\t\t<div class=\"elementor-element elementor-element-3ac20f1 image-slider elementor-widget elementor-widget-image-carousel\" data-id=\"3ac20f1\" data-element_type=\"widget\" data-e-type=\"widget\" data-settings=\"{&quot;slides_to_show&quot;:&quot;3&quot;,&quot;navigation&quot;:&quot;none&quot;,&quot;image_spacing_custom&quot;:{&quot;unit&quot;:&quot;px&quot;,&quot;size&quot;:0,&quot;sizes&quot;:[]},&quot;autoplay&quot;:&quot;yes&quot;,&quot;autoplay_speed&quot;:5000,&quot;infinite&quot;:&quot;yes&quot;,&quot;speed&quot;:500,&quot;image_spacing_custom_tablet&quot;:{&quot;unit&quot;:&quot;px&quot;,&quot;size&quot;:&quot;&quot;,&quot;sizes&quot;:[]},&quot;image_spacing_custom_mobile&quot;:{&quot;unit&quot;:&quot;px&quot;,&quot;size&quot;:&quot;&quot;,&quot;sizes&quot;:[]}}\" data-widget_type=\"image-carousel.default\">\n\t\t\t\t<div class=\"elementor-widget-container\">\n\t\t\t\t\t\t\t<div class=\"elementor-image-carousel-wrapper swiper\" role=\"region\" aria-roledescription=\"carousel\" aria-label=\"Carrousel d\u2019images\" dir=\"ltr\">\n\t\t\t<div class=\"elementor-image-carousel swiper-wrapper swiper-image-stretch\" aria-live=\"off\">\n\t\t\t\t\t\t\t\t<div class=\"swiper-slide\" role=\"group\" aria-roledescription=\"slide\" aria-label=\"1 sur 3\"><figure class=\"swiper-slide-inner\"><img decoding=\"async\" class=\"swiper-slide-image\" src=\"https:\/\/www.friizit-mattertal.ch\/wp-content\/uploads\/2025\/05\/grafik-overlay-hintergrund-der-netzwerkverbindung-auf-dem-computerbildschirm-1024x614.jpg\" alt=\"Network connection graphic overlay background on computer screen\" \/><\/figure><\/div><div class=\"swiper-slide\" role=\"group\" aria-roledescription=\"slide\" aria-label=\"2 sur 3\"><figure class=\"swiper-slide-inner\"><img decoding=\"async\" class=\"swiper-slide-image\" src=\"https:\/\/www.friizit-mattertal.ch\/wp-content\/uploads\/2025\/05\/mann-liest-zeitung-1024x683.jpg\" alt=\"mann-liest-zeitung\" \/><\/figure><\/div><div class=\"swiper-slide\" role=\"group\" aria-roledescription=\"slide\" aria-label=\"3 sur 3\"><figure class=\"swiper-slide-inner\"><img decoding=\"async\" class=\"swiper-slide-image\" src=\"https:\/\/www.friizit-mattertal.ch\/wp-content\/uploads\/2025\/05\/news-alert-ankundigung-broadcast-artikelkonzept-1024x1024.jpg\" alt=\"News Alert Announcement Broadcast Article Concept\" \/><\/figure><\/div>\t\t\t<\/div>\n\t\t\t\t\t\t\t\n\t\t\t\t\t\t\t\t\t<\/div>\n\t\t\t\t\t\t<\/div>\n\t\t\t\t<\/div>\n\t\t\t\t<\/div>\n\t\t<div class=\"elementor-element elementor-element-81bdf6b e-con-full breadcrumb e-flex e-con e-parent\" data-id=\"81bdf6b\" data-element_type=\"container\" data-e-type=\"container\">\n\t\t\t\t<div class=\"elementor-element elementor-element-3866760 elementor-widget elementor-widget-shortcode\" data-id=\"3866760\" data-element_type=\"widget\" data-e-type=\"widget\" data-widget_type=\"shortcode.default\">\n\t\t\t\t<div class=\"elementor-widget-container\">\n\t\t\t\t\t\t\t<div class=\"elementor-shortcode\"><span><span><a href=\"https:\/\/www.friizit-mattertal.ch\/fr\/\">Home<\/a><\/span><\/span>\n<\/div>\n\t\t\t\t\t\t<\/div>\n\t\t\t\t<\/div>\n\t\t\t\t<\/div>\n\t\t<section class=\"elementor-element elementor-element-f9449d0 e-flex e-con-boxed elementor-invisible e-con e-parent\" data-id=\"f9449d0\" data-element_type=\"container\" data-e-type=\"container\" data-settings=\"{&quot;animation&quot;:&quot;fadeInUp&quot;}\">\n\t\t\t\t\t<div class=\"e-con-inner\">\n\t\t\t\t<div class=\"elementor-element elementor-element-d57f4a8 elementor-widget elementor-widget-heading\" data-id=\"d57f4a8\" data-element_type=\"widget\" data-e-type=\"widget\" data-widget_type=\"heading.default\">\n\t\t\t\t<div class=\"elementor-widget-container\">\n\t\t\t\t\t<h1 class=\"elementor-heading-title elementor-size-default\">Actualit\u00e9s de Friizit Mattertal<\/h1>\t\t\t\t<\/div>\n\t\t\t\t<\/div>\n\t\t\t\t\t<\/div>\n\t\t\t\t<\/section>\n\t\t<section class=\"elementor-element elementor-element-4988f0d e-flex e-con-boxed e-con e-parent\" data-id=\"4988f0d\" data-element_type=\"container\" data-e-type=\"container\">\n\t\t\t\t\t<div class=\"e-con-inner\">\n\t\t\t\t<div class=\"elementor-element elementor-element-ad40d74 elementor-widget elementor-widget-text-editor\" data-id=\"ad40d74\" data-element_type=\"widget\" data-e-type=\"widget\" data-widget_type=\"text-editor.default\">\n\t\t\t\t<div class=\"elementor-widget-container\">\n\t\t\t\t\t\t\t\t\t<h3 class=\"\" data-start=\"124\" data-end=\"172\"><strong data-start=\"133\" data-end=\"172\">\ud83d\udcf0 Toutes les nouveaut\u00e9s en un coup d\u2019\u0153il<\/strong><\/h3><p class=\"\" data-start=\"174\" data-end=\"375\">Retrouve ici toutes les mises \u00e0 jour importantes de la plateforme Friizit Mattertal. Qu\u2019est-ce qui a chang\u00e9 ? Quelles sont les nouveaut\u00e9s ? Et que trouve-t-on depuis le d\u00e9but ? On te tient au courant !<\/p><h3 data-start=\"849\" data-end=\"944\">Avril 2025 \u2013 Updates:<\/h3><h4 data-start=\"849\" data-end=\"944\">\ud83d\udccb <strong data-start=\"906\" data-end=\"942\">Liste des <a href=\"https:\/\/www.friizit-mattertal.ch\/fr\/verein\/\" target=\"_blank\" rel=\"noopener\">associations am\u00e9lior\u00e9e<\/a><\/strong><\/h4><ul data-start=\"945\" data-end=\"1134\"><li class=\"\" data-start=\"945\" data-end=\"1020\"><p class=\"\" data-start=\"947\" data-end=\"1020\"><strong>Plus de filtres<\/strong> pour mieux rechercher par th\u00e8me, \u00e2ge ou type d\u2019activit\u00e9<\/p><\/li><li class=\"\" data-start=\"1021\" data-end=\"1070\"><p class=\"\" data-start=\"1023\" data-end=\"1070\"><strong>T\u00e9l\u00e9chargement de logo<\/strong> et image d\u2019association<\/p><\/li><li class=\"\" data-start=\"1071\" data-end=\"1134\"><p class=\"\" data-start=\"1073\" data-end=\"1134\"><strong>Liens vers les programmes annuels<\/strong> directement dans les fiches<\/p><\/li><\/ul><h4 data-start=\"1136\" data-end=\"1221\">\ud83d\udd0e <strong data-start=\"1139\" data-end=\"1170\">Nouveau : <a href=\"https:\/\/www.friizit-mattertal.ch\/fr\/cherche-trouve\/\" target=\"_blank\" rel=\"noopener\">Cherche &amp; T<\/a><\/strong><strong data-start=\"1139\" data-end=\"1170\"><a href=\"https:\/\/www.friizit-mattertal.ch\/fr\/cherche-trouve\/\" target=\"_blank\" rel=\"noopener\">rouv\u00e9<\/a><\/strong><\/h4><p class=\"\" data-start=\"1136\" data-end=\"1221\">Un espace pour \u00e9changer, publier ou chercher :<\/p><ul data-start=\"1222\" data-end=\"1355\"><li class=\"\" data-start=\"1222\" data-end=\"1298\"><p class=\"\" data-start=\"1224\" data-end=\"1298\"><a href=\"https:\/\/www.friizit-mattertal.ch\/fr\/page-dannonces\/\" target=\"_blank\" rel=\"noopener\"><strong data-start=\"1224\" data-end=\"1236\">Annonces<\/strong><\/a> : Propose ou recherche du soutien, du mat\u00e9riel ou de l\u2019aide<\/p><\/li><li class=\"\" data-start=\"1299\" data-end=\"1355\"><p class=\"\" data-start=\"1301\" data-end=\"1355\">Parfait pour les associations, groupes ou particuliers<\/p><\/li><\/ul><h4 data-start=\"1357\" data-end=\"1718\">\ud83e\udde9 <strong data-start=\"1360\" data-end=\"1412\">Nouvelles rubriques utiles pour les associations<\/strong><\/h4><ul><li data-start=\"1357\" data-end=\"1718\"><a href=\"https:\/\/www.friizit-mattertal.ch\/fr\/vie-associative\/\" target=\"_blank\" rel=\"noopener\"><strong data-start=\"1415\" data-end=\"1434\">Vie associative<\/strong><\/a> : R\u00f4les du comit\u00e9, outils num\u00e9riques, documents utiles<\/li><li data-start=\"1357\" data-end=\"1718\"><a href=\"https:\/\/www.friizit-mattertal.ch\/fr\/creation-dune-association\/\" target=\"_blank\" rel=\"noopener\"><strong data-start=\"1492\" data-end=\"1522\">Cr\u00e9ation d&#8217;une association<\/strong> <\/a>: Guide pas \u00e0 pas avec les bases juridiques<\/li><li data-start=\"1357\" data-end=\"1718\"><a href=\"https:\/\/www.friizit-mattertal.ch\/fr\/options-de-financement\/\" target=\"_blank\" rel=\"noopener\"><strong data-start=\"1569\" data-end=\"1584\">Financement<\/strong><\/a> : Subventions, id\u00e9es pour r\u00e9colter des fonds, conseils<\/li><li data-start=\"1357\" data-end=\"1718\"><a href=\"https:\/\/www.friizit-mattertal.ch\/fr\/benevoles-pour-evenements\/\" target=\"_blank\" rel=\"noopener\"><strong data-start=\"1642\" data-end=\"1665\">Aide aux \u00e9v\u00e9nements<\/strong><\/a> : Trouve ou propose des b\u00e9n\u00e9voles pour ton \u00e9v\u00e9nement<\/li><\/ul><hr \/><h3 data-start=\"377\" data-end=\"847\">2024 \u2013 <strong data-start=\"379\" data-end=\"420\">Ces contenus existent depuis le d\u00e9but<\/strong> :<\/h3><ul><li data-start=\"377\" data-end=\"847\"><a href=\"https:\/\/www.friizit-mattertal.ch\/fr\/verein\/\" target=\"_blank\" rel=\"noopener\"><strong data-start=\"425\" data-end=\"451\">Liste des associations<\/strong><\/a><br data-start=\"451\" data-end=\"454\" \/>Toutes les associations actives de la vall\u00e9e \u2013 avec infos de contact et possibilit\u00e9s de participation.<\/li><li data-start=\"377\" data-end=\"847\"><a href=\"https:\/\/www.friizit-mattertal.ch\/fr\/dossier-devenement\/\" target=\"_blank\" rel=\"noopener\"><strong data-start=\"559\" data-end=\"582\">Dossier d&#8217;\u00e9v\u00e9nement<\/strong><\/a><br data-start=\"582\" data-end=\"585\" \/>Un mod\u00e8le simple pour planifier facilement un \u00e9v\u00e9nement.<\/li><li data-start=\"377\" data-end=\"847\"><a href=\"https:\/\/www.friizit-mattertal.ch\/fr\/liens-utiles\/\" target=\"_blank\" rel=\"noopener\"><strong data-start=\"644\" data-end=\"660\">Liens utiles<\/strong><\/a><br data-start=\"660\" data-end=\"663\" \/>Acc\u00e8s direct \u00e0 des outils et ressources autour de l&#8217;organisation d&#8217;\u00e9v\u00e9nements.<\/li><li data-start=\"377\" data-end=\"847\"><a href=\"https:\/\/ztnet.ch\/de\/Aktuelles\/Agenda\" target=\"_blank\" rel=\"noopener\"><strong data-start=\"744\" data-end=\"773\">Calendrier des \u00e9v\u00e9nements<\/strong><\/a><br data-start=\"773\" data-end=\"776\" \/>Toutes les manifestations publiques de la r\u00e9gion en un seul calendrier.<\/li><\/ul><p class=\"\" data-start=\"1720\" data-end=\"1849\">\ud83d\udce2 <strong data-start=\"1723\" data-end=\"1736\">\u00c0 noter :<\/strong> Friizit Mattertal \u00e9volue en permanence \u2013 reviens r\u00e9guli\u00e8rement ou suis-nous sur Instagram pour ne rien manquer !<\/p><h5>\u00a0<\/h5>\t\t\t\t\t\t\t\t<\/div>\n\t\t\t\t<\/div>\n\t\t\t\t\t<\/div>\n\t\t\t\t<\/section>\n\t\t\t\t<\/div>\n\t\t","protected":false},"excerpt":{"rendered":"<p>Actualit\u00e9s de Friizit Mattertal \ud83d\udcf0 Toutes les nouveaut\u00e9s en un coup d\u2019\u0153il Retrouve ici toutes les mises \u00e0 jour importantes de la plateforme Friizit Mattertal. Qu\u2019est-ce qui a chang\u00e9 ? Quelles sont les nouveaut\u00e9s ? Et que trouve-t-on depuis le d\u00e9but ? On te tient au courant ! Avril 2025 \u2013 Updates: \ud83d\udccb Liste des [&hellip;]<\/p>\n","protected":false},"author":2,"featured_media":0,"parent":0,"menu_order":0,"comment_status":"closed","ping_status":"closed","template":"","meta":{"_acf_changed":false,"footnotes":""},"class_list":["post-2976","page","type-page","status-publish","hentry"],"acf":[],"yoast_head":"<!-- This site is optimized with the Yoast SEO plugin v27.5 - https:\/\/yoast.com\/product\/yoast-seo-wordpress\/ -->\n<title>Actualit\u00e9s de Friizit Mattertal &#8211; Friizit Mattertal |\u00a0Deine Vereinsplattform f\u00fcr das Mattertal<\/title>\n<meta name=\"description\" content=\"Event-Dossier \u2013 Wenn du eine Veranstaltung organisieren m\u00f6chtest gibt es einige Dinge, die du beachten und bei der Gemeinde einreichen musst. Hier findest du alle ben\u00f6tigten Informationen.\" \/>\n<meta name=\"robots\" content=\"index, follow, max-snippet:-1, max-image-preview:large, max-video-preview:-1\" \/>\n<link rel=\"canonical\" href=\"https:\/\/www.friizit-mattertal.ch\/fr\/actualites-de-friizit-mattertal\/\" \/>\n<meta property=\"og:locale\" content=\"fr_FR\" \/>\n<meta property=\"og:type\" content=\"article\" \/>\n<meta property=\"og:title\" content=\"Actualit\u00e9s de Friizit Mattertal &#8211; Friizit Mattertal |\u00a0Deine Vereinsplattform f\u00fcr das Mattertal\" \/>\n<meta property=\"og:description\" content=\"Event-Dossier \u2013 Wenn du eine Veranstaltung organisieren m\u00f6chtest gibt es einige Dinge, die du beachten und bei der Gemeinde einreichen musst. Hier findest du alle ben\u00f6tigten Informationen.\" \/>\n<meta property=\"og:url\" content=\"https:\/\/www.friizit-mattertal.ch\/fr\/actualites-de-friizit-mattertal\/\" \/>\n<meta property=\"og:site_name\" content=\"Friizit Mattertal\" \/>\n<meta property=\"article:modified_time\" content=\"2026-02-19T09:53:58+00:00\" \/>\n<meta property=\"og:image\" content=\"https:\/\/www.friizit-mattertal.ch\/wp-content\/uploads\/2025\/05\/grafik-overlay-hintergrund-der-netzwerkverbindung-auf-dem-computerbildschirm-1024x614.jpg\" \/>\n<meta name=\"twitter:card\" content=\"summary_large_image\" \/>\n<meta name=\"twitter:label1\" content=\"Dur\u00e9e de lecture estim\u00e9e\" \/>\n\t<meta name=\"twitter:data1\" content=\"4 minutes\" \/>\n<script type=\"application\/ld+json\" class=\"yoast-schema-graph\">{\"@context\":\"https:\\\/\\\/schema.org\",\"@graph\":[{\"@type\":\"WebPage\",\"@id\":\"https:\\\/\\\/www.friizit-mattertal.ch\\\/fr\\\/actualites-de-friizit-mattertal\\\/\",\"url\":\"https:\\\/\\\/www.friizit-mattertal.ch\\\/fr\\\/actualites-de-friizit-mattertal\\\/\",\"name\":\"Actualit\u00e9s de Friizit Mattertal &#8211; Friizit Mattertal |\u00a0Deine Vereinsplattform f\u00fcr das Mattertal\",\"isPartOf\":{\"@id\":\"https:\\\/\\\/www.friizit-mattertal.ch\\\/#website\"},\"primaryImageOfPage\":{\"@id\":\"https:\\\/\\\/www.friizit-mattertal.ch\\\/fr\\\/actualites-de-friizit-mattertal\\\/#primaryimage\"},\"image\":{\"@id\":\"https:\\\/\\\/www.friizit-mattertal.ch\\\/fr\\\/actualites-de-friizit-mattertal\\\/#primaryimage\"},\"thumbnailUrl\":\"https:\\\/\\\/www.friizit-mattertal.ch\\\/wp-content\\\/uploads\\\/2025\\\/05\\\/grafik-overlay-hintergrund-der-netzwerkverbindung-auf-dem-computerbildschirm-1024x614.jpg\",\"datePublished\":\"2025-05-14T06:24:23+00:00\",\"dateModified\":\"2026-02-19T09:53:58+00:00\",\"description\":\"Event-Dossier \u2013 Wenn du eine Veranstaltung organisieren m\u00f6chtest gibt es einige Dinge, die du beachten und bei der Gemeinde einreichen musst. Hier findest du alle ben\u00f6tigten Informationen.\",\"breadcrumb\":{\"@id\":\"https:\\\/\\\/www.friizit-mattertal.ch\\\/fr\\\/actualites-de-friizit-mattertal\\\/#breadcrumb\"},\"inLanguage\":\"fr-FR\",\"potentialAction\":[{\"@type\":\"ReadAction\",\"target\":[\"https:\\\/\\\/www.friizit-mattertal.ch\\\/fr\\\/actualites-de-friizit-mattertal\\\/\"]}]},{\"@type\":\"ImageObject\",\"inLanguage\":\"fr-FR\",\"@id\":\"https:\\\/\\\/www.friizit-mattertal.ch\\\/fr\\\/actualites-de-friizit-mattertal\\\/#primaryimage\",\"url\":\"https:\\\/\\\/www.friizit-mattertal.ch\\\/wp-content\\\/uploads\\\/2025\\\/05\\\/grafik-overlay-hintergrund-der-netzwerkverbindung-auf-dem-computerbildschirm-1024x614.jpg\",\"contentUrl\":\"https:\\\/\\\/www.friizit-mattertal.ch\\\/wp-content\\\/uploads\\\/2025\\\/05\\\/grafik-overlay-hintergrund-der-netzwerkverbindung-auf-dem-computerbildschirm-1024x614.jpg\"},{\"@type\":\"BreadcrumbList\",\"@id\":\"https:\\\/\\\/www.friizit-mattertal.ch\\\/fr\\\/actualites-de-friizit-mattertal\\\/#breadcrumb\",\"itemListElement\":[{\"@type\":\"ListItem\",\"position\":1,\"name\":\"Home\",\"item\":\"https:\\\/\\\/www.friizit-mattertal.ch\\\/fr\\\/\"},{\"@type\":\"ListItem\",\"position\":2,\"name\":\"Actualit\u00e9s de Friizit Mattertal\"}]},{\"@type\":\"WebSite\",\"@id\":\"https:\\\/\\\/www.friizit-mattertal.ch\\\/#website\",\"url\":\"https:\\\/\\\/www.friizit-mattertal.ch\\\/\",\"name\":\"Friizit Mattertal |\u00a0Deine Vereinsplattform f\u00fcr das Mattertal\",\"description\":\"\",\"publisher\":{\"@id\":\"https:\\\/\\\/www.friizit-mattertal.ch\\\/#organization\"},\"potentialAction\":[{\"@type\":\"SearchAction\",\"target\":{\"@type\":\"EntryPoint\",\"urlTemplate\":\"https:\\\/\\\/www.friizit-mattertal.ch\\\/?s={search_term_string}\"},\"query-input\":{\"@type\":\"PropertyValueSpecification\",\"valueRequired\":true,\"valueName\":\"search_term_string\"}}],\"inLanguage\":\"fr-FR\"},{\"@type\":\"Organization\",\"@id\":\"https:\\\/\\\/www.friizit-mattertal.ch\\\/#organization\",\"name\":\"Friizit Mattertal |\u00a0Deine Vereinsplattform f\u00fcr das Mattertal\",\"url\":\"https:\\\/\\\/www.friizit-mattertal.ch\\\/\",\"logo\":{\"@type\":\"ImageObject\",\"inLanguage\":\"fr-FR\",\"@id\":\"https:\\\/\\\/www.friizit-mattertal.ch\\\/#\\\/schema\\\/logo\\\/image\\\/\",\"url\":\"https:\\\/\\\/www.friizit-mattertal.ch\\\/wp-content\\\/uploads\\\/2024\\\/08\\\/jastow-icon-1.svg\",\"contentUrl\":\"https:\\\/\\\/www.friizit-mattertal.ch\\\/wp-content\\\/uploads\\\/2024\\\/08\\\/jastow-icon-1.svg\",\"width\":64,\"height\":69,\"caption\":\"Friizit Mattertal |\u00a0Deine Vereinsplattform f\u00fcr das Mattertal\"},\"image\":{\"@id\":\"https:\\\/\\\/www.friizit-mattertal.ch\\\/#\\\/schema\\\/logo\\\/image\\\/\"}}]}<\/script>\n<!-- \/ Yoast SEO plugin. -->","yoast_head_json":{"title":"Actualit\u00e9s de Friizit Mattertal &#8211; Friizit Mattertal |\u00a0Deine Vereinsplattform f\u00fcr das Mattertal","description":"Event-Dossier \u2013 Wenn du eine Veranstaltung organisieren m\u00f6chtest gibt es einige Dinge, die du beachten und bei der Gemeinde einreichen musst. Hier findest du alle ben\u00f6tigten Informationen.","robots":{"index":"index","follow":"follow","max-snippet":"max-snippet:-1","max-image-preview":"max-image-preview:large","max-video-preview":"max-video-preview:-1"},"canonical":"https:\/\/www.friizit-mattertal.ch\/fr\/actualites-de-friizit-mattertal\/","og_locale":"fr_FR","og_type":"article","og_title":"Actualit\u00e9s de Friizit Mattertal &#8211; Friizit Mattertal |\u00a0Deine Vereinsplattform f\u00fcr das Mattertal","og_description":"Event-Dossier \u2013 Wenn du eine Veranstaltung organisieren m\u00f6chtest gibt es einige Dinge, die du beachten und bei der Gemeinde einreichen musst. Hier findest du alle ben\u00f6tigten Informationen.","og_url":"https:\/\/www.friizit-mattertal.ch\/fr\/actualites-de-friizit-mattertal\/","og_site_name":"Friizit Mattertal","article_modified_time":"2026-02-19T09:53:58+00:00","og_image":[{"url":"https:\/\/www.friizit-mattertal.ch\/wp-content\/uploads\/2025\/05\/grafik-overlay-hintergrund-der-netzwerkverbindung-auf-dem-computerbildschirm-1024x614.jpg","type":"","width":"","height":""}],"twitter_card":"summary_large_image","twitter_misc":{"Dur\u00e9e de lecture estim\u00e9e":"4 minutes"},"schema":{"@context":"https:\/\/schema.org","@graph":[{"@type":"WebPage","@id":"https:\/\/www.friizit-mattertal.ch\/fr\/actualites-de-friizit-mattertal\/","url":"https:\/\/www.friizit-mattertal.ch\/fr\/actualites-de-friizit-mattertal\/","name":"Actualit\u00e9s de Friizit Mattertal &#8211; Friizit Mattertal |\u00a0Deine Vereinsplattform f\u00fcr das Mattertal","isPartOf":{"@id":"https:\/\/www.friizit-mattertal.ch\/#website"},"primaryImageOfPage":{"@id":"https:\/\/www.friizit-mattertal.ch\/fr\/actualites-de-friizit-mattertal\/#primaryimage"},"image":{"@id":"https:\/\/www.friizit-mattertal.ch\/fr\/actualites-de-friizit-mattertal\/#primaryimage"},"thumbnailUrl":"https:\/\/www.friizit-mattertal.ch\/wp-content\/uploads\/2025\/05\/grafik-overlay-hintergrund-der-netzwerkverbindung-auf-dem-computerbildschirm-1024x614.jpg","datePublished":"2025-05-14T06:24:23+00:00","dateModified":"2026-02-19T09:53:58+00:00","description":"Event-Dossier \u2013 Wenn du eine Veranstaltung organisieren m\u00f6chtest gibt es einige Dinge, die du beachten und bei der Gemeinde einreichen musst. Hier findest du alle ben\u00f6tigten Informationen.","breadcrumb":{"@id":"https:\/\/www.friizit-mattertal.ch\/fr\/actualites-de-friizit-mattertal\/#breadcrumb"},"inLanguage":"fr-FR","potentialAction":[{"@type":"ReadAction","target":["https:\/\/www.friizit-mattertal.ch\/fr\/actualites-de-friizit-mattertal\/"]}]},{"@type":"ImageObject","inLanguage":"fr-FR","@id":"https:\/\/www.friizit-mattertal.ch\/fr\/actualites-de-friizit-mattertal\/#primaryimage","url":"https:\/\/www.friizit-mattertal.ch\/wp-content\/uploads\/2025\/05\/grafik-overlay-hintergrund-der-netzwerkverbindung-auf-dem-computerbildschirm-1024x614.jpg","contentUrl":"https:\/\/www.friizit-mattertal.ch\/wp-content\/uploads\/2025\/05\/grafik-overlay-hintergrund-der-netzwerkverbindung-auf-dem-computerbildschirm-1024x614.jpg"},{"@type":"BreadcrumbList","@id":"https:\/\/www.friizit-mattertal.ch\/fr\/actualites-de-friizit-mattertal\/#breadcrumb","itemListElement":[{"@type":"ListItem","position":1,"name":"Home","item":"https:\/\/www.friizit-mattertal.ch\/fr\/"},{"@type":"ListItem","position":2,"name":"Actualit\u00e9s de Friizit Mattertal"}]},{"@type":"WebSite","@id":"https:\/\/www.friizit-mattertal.ch\/#website","url":"https:\/\/www.friizit-mattertal.ch\/","name":"Friizit Mattertal |\u00a0Deine Vereinsplattform f\u00fcr das Mattertal","description":"","publisher":{"@id":"https:\/\/www.friizit-mattertal.ch\/#organization"},"potentialAction":[{"@type":"SearchAction","target":{"@type":"EntryPoint","urlTemplate":"https:\/\/www.friizit-mattertal.ch\/?s={search_term_string}"},"query-input":{"@type":"PropertyValueSpecification","valueRequired":true,"valueName":"search_term_string"}}],"inLanguage":"fr-FR"},{"@type":"Organization","@id":"https:\/\/www.friizit-mattertal.ch\/#organization","name":"Friizit Mattertal |\u00a0Deine Vereinsplattform f\u00fcr das Mattertal","url":"https:\/\/www.friizit-mattertal.ch\/","logo":{"@type":"ImageObject","inLanguage":"fr-FR","@id":"https:\/\/www.friizit-mattertal.ch\/#\/schema\/logo\/image\/","url":"https:\/\/www.friizit-mattertal.ch\/wp-content\/uploads\/2024\/08\/jastow-icon-1.svg","contentUrl":"https:\/\/www.friizit-mattertal.ch\/wp-content\/uploads\/2024\/08\/jastow-icon-1.svg","width":64,"height":69,"caption":"Friizit Mattertal |\u00a0Deine Vereinsplattform f\u00fcr das Mattertal"},"image":{"@id":"https:\/\/www.friizit-mattertal.ch\/#\/schema\/logo\/image\/"}}]}},"_links":{"self":[{"href":"https:\/\/www.friizit-mattertal.ch\/fr\/wp-json\/wp\/v2\/pages\/2976","targetHints":{"allow":["GET"]}}],"collection":[{"href":"https:\/\/www.friizit-mattertal.ch\/fr\/wp-json\/wp\/v2\/pages"}],"about":[{"href":"https:\/\/www.friizit-mattertal.ch\/fr\/wp-json\/wp\/v2\/types\/page"}],"author":[{"embeddable":true,"href":"https:\/\/www.friizit-mattertal.ch\/fr\/wp-json\/wp\/v2\/users\/2"}],"replies":[{"embeddable":true,"href":"https:\/\/www.friizit-mattertal.ch\/fr\/wp-json\/wp\/v2\/comments?post=2976"}],"version-history":[{"count":22,"href":"https:\/\/www.friizit-mattertal.ch\/fr\/wp-json\/wp\/v2\/pages\/2976\/revisions"}],"predecessor-version":[{"id":4671,"href":"https:\/\/www.friizit-mattertal.ch\/fr\/wp-json\/wp\/v2\/pages\/2976\/revisions\/4671"}],"wp:attachment":[{"href":"https:\/\/www.friizit-mattertal.ch\/fr\/wp-json\/wp\/v2\/media?parent=2976"}],"curies":[{"name":"wp","href":"https:\/\/api.w.org\/{rel}","templated":true}]}}