{"id":3190,"date":"2025-05-14T14:26:07","date_gmt":"2025-05-14T14:26:07","guid":{"rendered":"https:\/\/www.friizit-mattertal.ch\/?page_id=3190"},"modified":"2025-10-30T13:09:08","modified_gmt":"2025-10-30T13:09:08","slug":"laperitif-des-associations","status":"publish","type":"page","link":"https:\/\/www.friizit-mattertal.ch\/fr\/laperitif-des-associations\/","title":{"rendered":"L\u2019Ap\u00e9ritif des associations"},"content":{"rendered":"\t\t<div data-elementor-type=\"wp-page\" data-elementor-id=\"3190\" class=\"elementor elementor-3190 elementor-3188\" data-elementor-post-type=\"page\">\n\t\t\t\t<div class=\"elementor-element elementor-element-af92f08 e-con-full e-flex e-con e-parent\" data-id=\"af92f08\" data-element_type=\"container\" data-e-type=\"container\">\n\t\t\t\t<div class=\"elementor-element elementor-element-8f59db9 image-slider elementor-widget elementor-widget-image-carousel\" data-id=\"8f59db9\" data-element_type=\"widget\" data-e-type=\"widget\" data-settings=\"{&quot;slides_to_show&quot;:&quot;3&quot;,&quot;navigation&quot;:&quot;none&quot;,&quot;image_spacing_custom&quot;:{&quot;unit&quot;:&quot;px&quot;,&quot;size&quot;:0,&quot;sizes&quot;:[]},&quot;autoplay&quot;:&quot;yes&quot;,&quot;autoplay_speed&quot;:5000,&quot;infinite&quot;:&quot;yes&quot;,&quot;speed&quot;:500,&quot;image_spacing_custom_tablet&quot;:{&quot;unit&quot;:&quot;px&quot;,&quot;size&quot;:&quot;&quot;,&quot;sizes&quot;:[]},&quot;image_spacing_custom_mobile&quot;:{&quot;unit&quot;:&quot;px&quot;,&quot;size&quot;:&quot;&quot;,&quot;sizes&quot;:[]}}\" data-widget_type=\"image-carousel.default\">\n\t\t\t\t<div class=\"elementor-widget-container\">\n\t\t\t\t\t\t\t<div class=\"elementor-image-carousel-wrapper swiper\" role=\"region\" aria-roledescription=\"carousel\" aria-label=\"Bild Karussell\" dir=\"ltr\">\n\t\t\t<div class=\"elementor-image-carousel swiper-wrapper swiper-image-stretch\" aria-live=\"off\">\n\t\t\t\t\t\t\t\t<div class=\"swiper-slide\" role=\"group\" aria-roledescription=\"slide\" aria-label=\"1 sur 5\"><figure class=\"swiper-slide-inner\"><img decoding=\"async\" class=\"swiper-slide-image\" src=\"https:\/\/www.friizit-mattertal.ch\/wp-content\/uploads\/2024\/08\/378327a7-d376-46f5-b1e7-b3312b6f9aca-1024x577.jpg\" alt=\"378327a7-d376-46f5-b1e7-b3312b6f9aca\" \/><\/figure><\/div><div class=\"swiper-slide\" role=\"group\" aria-roledescription=\"slide\" aria-label=\"2 sur 5\"><figure class=\"swiper-slide-inner\"><img decoding=\"async\" class=\"swiper-slide-image\" src=\"https:\/\/www.friizit-mattertal.ch\/wp-content\/uploads\/2024\/08\/JFW-SM2018-40-1024x683.jpg\" alt=\"JFW-SM2018-40\" \/><\/figure><\/div><div class=\"swiper-slide\" role=\"group\" aria-roledescription=\"slide\" aria-label=\"3 sur 5\"><figure class=\"swiper-slide-inner\"><img decoding=\"async\" class=\"swiper-slide-image\" src=\"https:\/\/www.friizit-mattertal.ch\/wp-content\/uploads\/2024\/08\/Bikeclub-Mattertal-1024x683.jpg\" alt=\"Bikeclub Mattertal\" \/><\/figure><\/div><div class=\"swiper-slide\" role=\"group\" aria-roledescription=\"slide\" aria-label=\"4 sur 5\"><figure class=\"swiper-slide-inner\"><img decoding=\"async\" class=\"swiper-slide-image\" src=\"https:\/\/www.friizit-mattertal.ch\/wp-content\/uploads\/2024\/08\/1657895670-1024x768.jpg\" alt=\"1657895670\" \/><\/figure><\/div><div class=\"swiper-slide\" role=\"group\" aria-roledescription=\"slide\" aria-label=\"5 sur 5\"><figure class=\"swiper-slide-inner\"><img decoding=\"async\" class=\"swiper-slide-image\" src=\"https:\/\/www.friizit-mattertal.ch\/wp-content\/uploads\/2024\/08\/20220627_1933421-2048x1536-1-1024x768.jpg\" alt=\"20220627_1933421-2048x1536\" \/><\/figure><\/div>\t\t\t<\/div>\n\t\t\t\t\t\t\t\n\t\t\t\t\t\t\t\t\t<\/div>\n\t\t\t\t\t\t<\/div>\n\t\t\t\t<\/div>\n\t\t\t\t<\/div>\n\t\t<div class=\"elementor-element elementor-element-45d5cb9 e-con-full breadcrumb e-flex e-con e-parent\" data-id=\"45d5cb9\" data-element_type=\"container\" data-e-type=\"container\">\n\t\t\t\t<div class=\"elementor-element elementor-element-4ac1830 elementor-widget elementor-widget-shortcode\" data-id=\"4ac1830\" data-element_type=\"widget\" data-e-type=\"widget\" data-widget_type=\"shortcode.default\">\n\t\t\t\t<div class=\"elementor-widget-container\">\n\t\t\t\t\t\t\t<div class=\"elementor-shortcode\"><span><span><a href=\"https:\/\/www.friizit-mattertal.ch\/fr\/\">Home<\/a><\/span><\/span>\n<\/div>\n\t\t\t\t\t\t<\/div>\n\t\t\t\t<\/div>\n\t\t\t\t<\/div>\n\t\t<section class=\"elementor-element elementor-element-e0e3794 e-flex e-con-boxed elementor-invisible e-con e-parent\" data-id=\"e0e3794\" data-element_type=\"container\" data-e-type=\"container\" data-settings=\"{&quot;animation&quot;:&quot;fadeInUp&quot;}\">\n\t\t\t\t\t<div class=\"e-con-inner\">\n\t\t\t\t<div class=\"elementor-element elementor-element-2f7cca3 elementor-widget elementor-widget-heading\" data-id=\"2f7cca3\" data-element_type=\"widget\" data-e-type=\"widget\" data-widget_type=\"heading.default\">\n\t\t\t\t<div class=\"elementor-widget-container\">\n\t\t\t\t\t<h1 class=\"elementor-heading-title elementor-size-default\">L\u2019<strong>Ap\u00e9ritif des associations<\/strong><\/h1>\t\t\t\t<\/div>\n\t\t\t\t<\/div>\n\t\t\t\t<div class=\"elementor-element elementor-element-54cedf6 elementor-widget elementor-widget-text-editor\" data-id=\"54cedf6\" data-element_type=\"widget\" data-e-type=\"widget\" data-widget_type=\"text-editor.default\">\n\t\t\t\t<div class=\"elementor-widget-container\">\n\t\t\t\t\t\t\t\t\t<p class=\"\" data-start=\"1882\" data-end=\"2173\">L\u2019<strong data-start=\"1884\" data-end=\"1923\">Ap\u00e9ritif des associations Mattertal<\/strong> est une rencontre annuelle ouverte \u00e0 toutes les associations de <strong data-start=\"1988\" data-end=\"2015\">Randa, T\u00e4sch et Zermatt<\/strong>. L\u2019\u00e9v\u00e9nement, organis\u00e9 par le <strong data-start=\"2046\" data-end=\"2091\">Jugendarbeitsstelle Mattertal<\/strong>, met l\u2019accent sur l\u2019\u00e9change, la coop\u00e9ration et la recherche commune de solutions.<\/p><h3 data-start=\"2175\" data-end=\"2351\">\u26a1 <strong data-start=\"2177\" data-end=\"2206\">Objectifs de l\u2019ap\u00e9ritif :<\/strong><\/h3><p>\u2022 Renforcer le travail associatif local<br data-start=\"2248\" data-end=\"2251\" \/>\u2022 Identifier les d\u00e9fis<br data-start=\"2273\" data-end=\"2276\" \/>\u2022 D\u00e9velopper des id\u00e9es ensemble<br data-start=\"2307\" data-end=\"2310\" \/>\u2022 Stimuler une culture de loisirs vivante<\/p><h3 data-start=\"2353\" data-end=\"2634\">\ud83d\udcda <strong data-start=\"2356\" data-end=\"2385\">Retour sur l\u2019\u00e9dition 2024<\/strong><\/h3><p class=\"\" data-start=\"2353\" data-end=\"2634\">Le 23 f\u00e9vrier 2024 a eu lieu le tout premier ap\u00e9ritif \u2013 avec plus de <strong data-start=\"2457\" data-end=\"2479\">85 participant\u00b7e\u00b7s<\/strong> repr\u00e9sentant <strong data-start=\"2493\" data-end=\"2520\">plus de 50 associations<\/strong>.<br data-start=\"2521\" data-end=\"2524\" \/>Des exp\u00e9riences ont \u00e9t\u00e9 partag\u00e9es, des d\u00e9fis abord\u00e9s et des solutions \u00e9labor\u00e9es dans des ateliers interactifs.<\/p><p class=\"\" data-start=\"2636\" data-end=\"2747\">\ud83d\udd17 <a href=\"https:\/\/www.jastow.ch\/wp-content\/uploads\/2024\/08\/Auswertung-Vereinsapero.pdf\"><strong data-start=\"2639\" data-end=\"2698\">Les r\u00e9sultats des ateliers peuvent \u00eatre consult\u00e9s ici<\/strong><\/a><\/p><h3 data-start=\"2749\" data-end=\"3059\">\ud83d\udcda <strong data-start=\"2752\" data-end=\"2781\">Retour sur l\u2019\u00e9dition 2025<\/strong><\/h3><p class=\"\" data-start=\"2749\" data-end=\"3059\">Le 28 f\u00e9vrier 2025, l\u2019accent a \u00e9t\u00e9 mis sur les \u00e9changes concrets.<br data-start=\"2849\" data-end=\"2852\" \/>Les ateliers ont port\u00e9 sur des th\u00e8mes tels que <strong data-start=\"2899\" data-end=\"2933\">faire connaissance &amp; r\u00e9seauter<\/strong>, <strong data-start=\"2935\" data-end=\"2952\">le sponsoring<\/strong>, <strong data-start=\"2954\" data-end=\"2986\">offrir ou demander de l\u2019aide<\/strong>.<br data-start=\"2987\" data-end=\"2990\" \/>De nouvelles connexions pr\u00e9cieuses entre associations ont vu le jour.<\/p><p class=\"\" data-start=\"3061\" data-end=\"3188\">\ud83d\ude4f Merci \u00e0 toutes et tous pour votre participation active et votre engagement pour un tissu associatif fort dans le Mattertal !<\/p><h3 data-start=\"3190\" data-end=\"3276\">\ud83c\udf10 <strong data-start=\"3193\" data-end=\"3212\">Et maintenant ?<\/strong><\/h3><p class=\"\" data-start=\"3190\" data-end=\"3276\">Avec <strong data-start=\"3220\" data-end=\"3241\">Friizit Mattertal<\/strong>, une plateforme a vu le jour qui :<\/p><p class=\"\" data-start=\"3278\" data-end=\"3478\">\u2022 Donne une vitrine aux associations<br data-start=\"3314\" data-end=\"3317\" \/>\u2022 Met en valeur les offres de loisirs<br data-start=\"3354\" data-end=\"3357\" \/>\u2022 Propose des fonctions de recherche et de filtrage utiles<br data-start=\"3415\" data-end=\"3418\" \/>\u2022 Regroupe informations, r\u00e9servations et outils d\u2019\u00e9v\u00e9nements<\/p><h3 data-start=\"3480\" data-end=\"3517\">\ud83d\udcc6 <strong data-start=\"3483\" data-end=\"3517\">Prochain ap\u00e9ritif : d\u00e9but 2026<\/strong><\/h3>\t\t\t\t\t\t\t\t<\/div>\n\t\t\t\t<\/div>\n\t\t\t\t\t<\/div>\n\t\t\t\t<\/section>\n\t\t\t\t<\/div>\n\t\t","protected":false},"excerpt":{"rendered":"<p>L\u2019Ap\u00e9ritif des associations L\u2019Ap\u00e9ritif des associations Mattertal est une rencontre annuelle ouverte \u00e0 toutes les associations de Randa, T\u00e4sch et Zermatt. L\u2019\u00e9v\u00e9nement, organis\u00e9 par le Jugendarbeitsstelle Mattertal, met l\u2019accent sur l\u2019\u00e9change, la coop\u00e9ration et la recherche commune de solutions. \u26a1 Objectifs de l\u2019ap\u00e9ritif : \u2022 Renforcer le travail associatif local\u2022 Identifier les d\u00e9fis\u2022 D\u00e9velopper des [&hellip;]<\/p>\n","protected":false},"author":2,"featured_media":0,"parent":0,"menu_order":0,"comment_status":"closed","ping_status":"closed","template":"","meta":{"_acf_changed":false,"footnotes":""},"class_list":["post-3190","page","type-page","status-publish","hentry"],"acf":[],"yoast_head":"<!-- This site is optimized with the Yoast SEO plugin v27.3 - https:\/\/yoast.com\/product\/yoast-seo-wordpress\/ -->\n<title>L\u2019Ap\u00e9ritif des associations &#8211; Friizit Mattertal |\u00a0Deine Vereinsplattform f\u00fcr das Mattertal<\/title>\n<meta name=\"robots\" content=\"index, follow, max-snippet:-1, max-image-preview:large, max-video-preview:-1\" \/>\n<link rel=\"canonical\" href=\"https:\/\/www.friizit-mattertal.ch\/fr\/laperitif-des-associations\/\" \/>\n<meta property=\"og:locale\" content=\"fr_FR\" \/>\n<meta property=\"og:type\" content=\"article\" \/>\n<meta property=\"og:title\" content=\"L\u2019Ap\u00e9ritif des associations &#8211; Friizit Mattertal |\u00a0Deine Vereinsplattform f\u00fcr das Mattertal\" \/>\n<meta property=\"og:description\" content=\"L\u2019Ap\u00e9ritif des associations L\u2019Ap\u00e9ritif des associations Mattertal est une rencontre annuelle ouverte \u00e0 toutes les associations de Randa, T\u00e4sch et Zermatt. L\u2019\u00e9v\u00e9nement, organis\u00e9 par le Jugendarbeitsstelle Mattertal, met l\u2019accent sur l\u2019\u00e9change, la coop\u00e9ration et la recherche commune de solutions. \u26a1 Objectifs de l\u2019ap\u00e9ritif : \u2022 Renforcer le travail associatif local\u2022 Identifier les d\u00e9fis\u2022 D\u00e9velopper des [&hellip;]\" \/>\n<meta property=\"og:url\" content=\"https:\/\/www.friizit-mattertal.ch\/fr\/laperitif-des-associations\/\" \/>\n<meta property=\"og:site_name\" content=\"Friizit Mattertal\" \/>\n<meta property=\"article:modified_time\" content=\"2025-10-30T13:09:08+00:00\" \/>\n<meta property=\"og:image\" content=\"https:\/\/www.friizit-mattertal.ch\/wp-content\/uploads\/2024\/08\/378327a7-d376-46f5-b1e7-b3312b6f9aca-1024x577.jpg\" \/>\n<meta name=\"twitter:card\" content=\"summary_large_image\" \/>\n<meta name=\"twitter:label1\" content=\"Dur\u00e9e de lecture estim\u00e9e\" \/>\n\t<meta name=\"twitter:data1\" content=\"3 minutes\" \/>\n<script type=\"application\/ld+json\" class=\"yoast-schema-graph\">{\"@context\":\"https:\\\/\\\/schema.org\",\"@graph\":[{\"@type\":\"WebPage\",\"@id\":\"https:\\\/\\\/www.friizit-mattertal.ch\\\/fr\\\/laperitif-des-associations\\\/\",\"url\":\"https:\\\/\\\/www.friizit-mattertal.ch\\\/fr\\\/laperitif-des-associations\\\/\",\"name\":\"L\u2019Ap\u00e9ritif des associations &#8211; Friizit Mattertal |\u00a0Deine Vereinsplattform f\u00fcr das Mattertal\",\"isPartOf\":{\"@id\":\"https:\\\/\\\/www.friizit-mattertal.ch\\\/#website\"},\"primaryImageOfPage\":{\"@id\":\"https:\\\/\\\/www.friizit-mattertal.ch\\\/fr\\\/laperitif-des-associations\\\/#primaryimage\"},\"image\":{\"@id\":\"https:\\\/\\\/www.friizit-mattertal.ch\\\/fr\\\/laperitif-des-associations\\\/#primaryimage\"},\"thumbnailUrl\":\"https:\\\/\\\/www.friizit-mattertal.ch\\\/wp-content\\\/uploads\\\/2024\\\/08\\\/378327a7-d376-46f5-b1e7-b3312b6f9aca-1024x577.jpg\",\"datePublished\":\"2025-05-14T14:26:07+00:00\",\"dateModified\":\"2025-10-30T13:09:08+00:00\",\"breadcrumb\":{\"@id\":\"https:\\\/\\\/www.friizit-mattertal.ch\\\/fr\\\/laperitif-des-associations\\\/#breadcrumb\"},\"inLanguage\":\"fr-FR\",\"potentialAction\":[{\"@type\":\"ReadAction\",\"target\":[\"https:\\\/\\\/www.friizit-mattertal.ch\\\/fr\\\/laperitif-des-associations\\\/\"]}]},{\"@type\":\"ImageObject\",\"inLanguage\":\"fr-FR\",\"@id\":\"https:\\\/\\\/www.friizit-mattertal.ch\\\/fr\\\/laperitif-des-associations\\\/#primaryimage\",\"url\":\"https:\\\/\\\/www.friizit-mattertal.ch\\\/wp-content\\\/uploads\\\/2024\\\/08\\\/378327a7-d376-46f5-b1e7-b3312b6f9aca-1024x577.jpg\",\"contentUrl\":\"https:\\\/\\\/www.friizit-mattertal.ch\\\/wp-content\\\/uploads\\\/2024\\\/08\\\/378327a7-d376-46f5-b1e7-b3312b6f9aca-1024x577.jpg\"},{\"@type\":\"BreadcrumbList\",\"@id\":\"https:\\\/\\\/www.friizit-mattertal.ch\\\/fr\\\/laperitif-des-associations\\\/#breadcrumb\",\"itemListElement\":[{\"@type\":\"ListItem\",\"position\":1,\"name\":\"Home\",\"item\":\"https:\\\/\\\/www.friizit-mattertal.ch\\\/fr\\\/\"},{\"@type\":\"ListItem\",\"position\":2,\"name\":\"L\u2019Ap\u00e9ritif des associations\"}]},{\"@type\":\"WebSite\",\"@id\":\"https:\\\/\\\/www.friizit-mattertal.ch\\\/#website\",\"url\":\"https:\\\/\\\/www.friizit-mattertal.ch\\\/\",\"name\":\"Friizit Mattertal |\u00a0Deine Vereinsplattform f\u00fcr das Mattertal\",\"description\":\"\",\"publisher\":{\"@id\":\"https:\\\/\\\/www.friizit-mattertal.ch\\\/#organization\"},\"potentialAction\":[{\"@type\":\"SearchAction\",\"target\":{\"@type\":\"EntryPoint\",\"urlTemplate\":\"https:\\\/\\\/www.friizit-mattertal.ch\\\/?s={search_term_string}\"},\"query-input\":{\"@type\":\"PropertyValueSpecification\",\"valueRequired\":true,\"valueName\":\"search_term_string\"}}],\"inLanguage\":\"fr-FR\"},{\"@type\":\"Organization\",\"@id\":\"https:\\\/\\\/www.friizit-mattertal.ch\\\/#organization\",\"name\":\"Friizit Mattertal |\u00a0Deine Vereinsplattform f\u00fcr das Mattertal\",\"url\":\"https:\\\/\\\/www.friizit-mattertal.ch\\\/\",\"logo\":{\"@type\":\"ImageObject\",\"inLanguage\":\"fr-FR\",\"@id\":\"https:\\\/\\\/www.friizit-mattertal.ch\\\/#\\\/schema\\\/logo\\\/image\\\/\",\"url\":\"https:\\\/\\\/www.friizit-mattertal.ch\\\/wp-content\\\/uploads\\\/2024\\\/08\\\/jastow-icon-1.svg\",\"contentUrl\":\"https:\\\/\\\/www.friizit-mattertal.ch\\\/wp-content\\\/uploads\\\/2024\\\/08\\\/jastow-icon-1.svg\",\"width\":64,\"height\":69,\"caption\":\"Friizit Mattertal |\u00a0Deine Vereinsplattform f\u00fcr das Mattertal\"},\"image\":{\"@id\":\"https:\\\/\\\/www.friizit-mattertal.ch\\\/#\\\/schema\\\/logo\\\/image\\\/\"}}]}<\/script>\n<!-- \/ Yoast SEO plugin. -->","yoast_head_json":{"title":"L\u2019Ap\u00e9ritif des associations &#8211; Friizit Mattertal |\u00a0Deine Vereinsplattform f\u00fcr das Mattertal","robots":{"index":"index","follow":"follow","max-snippet":"max-snippet:-1","max-image-preview":"max-image-preview:large","max-video-preview":"max-video-preview:-1"},"canonical":"https:\/\/www.friizit-mattertal.ch\/fr\/laperitif-des-associations\/","og_locale":"fr_FR","og_type":"article","og_title":"L\u2019Ap\u00e9ritif des associations &#8211; Friizit Mattertal |\u00a0Deine Vereinsplattform f\u00fcr das Mattertal","og_description":"L\u2019Ap\u00e9ritif des associations L\u2019Ap\u00e9ritif des associations Mattertal est une rencontre annuelle ouverte \u00e0 toutes les associations de Randa, T\u00e4sch et Zermatt. L\u2019\u00e9v\u00e9nement, organis\u00e9 par le Jugendarbeitsstelle Mattertal, met l\u2019accent sur l\u2019\u00e9change, la coop\u00e9ration et la recherche commune de solutions. \u26a1 Objectifs de l\u2019ap\u00e9ritif : \u2022 Renforcer le travail associatif local\u2022 Identifier les d\u00e9fis\u2022 D\u00e9velopper des [&hellip;]","og_url":"https:\/\/www.friizit-mattertal.ch\/fr\/laperitif-des-associations\/","og_site_name":"Friizit Mattertal","article_modified_time":"2025-10-30T13:09:08+00:00","og_image":[{"url":"https:\/\/www.friizit-mattertal.ch\/wp-content\/uploads\/2024\/08\/378327a7-d376-46f5-b1e7-b3312b6f9aca-1024x577.jpg","type":"","width":"","height":""}],"twitter_card":"summary_large_image","twitter_misc":{"Dur\u00e9e de lecture estim\u00e9e":"3 minutes"},"schema":{"@context":"https:\/\/schema.org","@graph":[{"@type":"WebPage","@id":"https:\/\/www.friizit-mattertal.ch\/fr\/laperitif-des-associations\/","url":"https:\/\/www.friizit-mattertal.ch\/fr\/laperitif-des-associations\/","name":"L\u2019Ap\u00e9ritif des associations &#8211; Friizit Mattertal |\u00a0Deine Vereinsplattform f\u00fcr das Mattertal","isPartOf":{"@id":"https:\/\/www.friizit-mattertal.ch\/#website"},"primaryImageOfPage":{"@id":"https:\/\/www.friizit-mattertal.ch\/fr\/laperitif-des-associations\/#primaryimage"},"image":{"@id":"https:\/\/www.friizit-mattertal.ch\/fr\/laperitif-des-associations\/#primaryimage"},"thumbnailUrl":"https:\/\/www.friizit-mattertal.ch\/wp-content\/uploads\/2024\/08\/378327a7-d376-46f5-b1e7-b3312b6f9aca-1024x577.jpg","datePublished":"2025-05-14T14:26:07+00:00","dateModified":"2025-10-30T13:09:08+00:00","breadcrumb":{"@id":"https:\/\/www.friizit-mattertal.ch\/fr\/laperitif-des-associations\/#breadcrumb"},"inLanguage":"fr-FR","potentialAction":[{"@type":"ReadAction","target":["https:\/\/www.friizit-mattertal.ch\/fr\/laperitif-des-associations\/"]}]},{"@type":"ImageObject","inLanguage":"fr-FR","@id":"https:\/\/www.friizit-mattertal.ch\/fr\/laperitif-des-associations\/#primaryimage","url":"https:\/\/www.friizit-mattertal.ch\/wp-content\/uploads\/2024\/08\/378327a7-d376-46f5-b1e7-b3312b6f9aca-1024x577.jpg","contentUrl":"https:\/\/www.friizit-mattertal.ch\/wp-content\/uploads\/2024\/08\/378327a7-d376-46f5-b1e7-b3312b6f9aca-1024x577.jpg"},{"@type":"BreadcrumbList","@id":"https:\/\/www.friizit-mattertal.ch\/fr\/laperitif-des-associations\/#breadcrumb","itemListElement":[{"@type":"ListItem","position":1,"name":"Home","item":"https:\/\/www.friizit-mattertal.ch\/fr\/"},{"@type":"ListItem","position":2,"name":"L\u2019Ap\u00e9ritif des associations"}]},{"@type":"WebSite","@id":"https:\/\/www.friizit-mattertal.ch\/#website","url":"https:\/\/www.friizit-mattertal.ch\/","name":"Friizit Mattertal |\u00a0Deine Vereinsplattform f\u00fcr das Mattertal","description":"","publisher":{"@id":"https:\/\/www.friizit-mattertal.ch\/#organization"},"potentialAction":[{"@type":"SearchAction","target":{"@type":"EntryPoint","urlTemplate":"https:\/\/www.friizit-mattertal.ch\/?s={search_term_string}"},"query-input":{"@type":"PropertyValueSpecification","valueRequired":true,"valueName":"search_term_string"}}],"inLanguage":"fr-FR"},{"@type":"Organization","@id":"https:\/\/www.friizit-mattertal.ch\/#organization","name":"Friizit Mattertal |\u00a0Deine Vereinsplattform f\u00fcr das Mattertal","url":"https:\/\/www.friizit-mattertal.ch\/","logo":{"@type":"ImageObject","inLanguage":"fr-FR","@id":"https:\/\/www.friizit-mattertal.ch\/#\/schema\/logo\/image\/","url":"https:\/\/www.friizit-mattertal.ch\/wp-content\/uploads\/2024\/08\/jastow-icon-1.svg","contentUrl":"https:\/\/www.friizit-mattertal.ch\/wp-content\/uploads\/2024\/08\/jastow-icon-1.svg","width":64,"height":69,"caption":"Friizit Mattertal |\u00a0Deine Vereinsplattform f\u00fcr das Mattertal"},"image":{"@id":"https:\/\/www.friizit-mattertal.ch\/#\/schema\/logo\/image\/"}}]}},"_links":{"self":[{"href":"https:\/\/www.friizit-mattertal.ch\/fr\/wp-json\/wp\/v2\/pages\/3190","targetHints":{"allow":["GET"]}}],"collection":[{"href":"https:\/\/www.friizit-mattertal.ch\/fr\/wp-json\/wp\/v2\/pages"}],"about":[{"href":"https:\/\/www.friizit-mattertal.ch\/fr\/wp-json\/wp\/v2\/types\/page"}],"author":[{"embeddable":true,"href":"https:\/\/www.friizit-mattertal.ch\/fr\/wp-json\/wp\/v2\/users\/2"}],"replies":[{"embeddable":true,"href":"https:\/\/www.friizit-mattertal.ch\/fr\/wp-json\/wp\/v2\/comments?post=3190"}],"version-history":[{"count":9,"href":"https:\/\/www.friizit-mattertal.ch\/fr\/wp-json\/wp\/v2\/pages\/3190\/revisions"}],"predecessor-version":[{"id":3577,"href":"https:\/\/www.friizit-mattertal.ch\/fr\/wp-json\/wp\/v2\/pages\/3190\/revisions\/3577"}],"wp:attachment":[{"href":"https:\/\/www.friizit-mattertal.ch\/fr\/wp-json\/wp\/v2\/media?parent=3190"}],"curies":[{"name":"wp","href":"https:\/\/api.w.org\/{rel}","templated":true}]}}