{"id":1346,"date":"2024-08-08T06:37:21","date_gmt":"2024-08-08T06:37:21","guid":{"rendered":"https:\/\/www.friizit-mattertal.ch\/home\/"},"modified":"2026-02-03T11:11:54","modified_gmt":"2026-02-03T11:11:54","slug":"home","status":"publish","type":"page","link":"https:\/\/www.friizit-mattertal.ch\/pt-pt\/","title":{"rendered":"Home"},"content":{"rendered":"\t\t<div data-elementor-type=\"wp-page\" data-elementor-id=\"1346\" class=\"elementor elementor-1346 elementor-2\" data-elementor-post-type=\"page\">\n\t\t\t\t<div class=\"elementor-element elementor-element-21e6009 e-con-full big-intro e-flex e-con e-parent\" data-id=\"21e6009\" data-element_type=\"container\" data-e-type=\"container\" data-settings=\"{&quot;background_background&quot;:&quot;slideshow&quot;,&quot;background_slideshow_gallery&quot;:[{&quot;id&quot;:3264,&quot;url&quot;:&quot;https:\\\/\\\/www.friizit-mattertal.ch\\\/wp-content\\\/uploads\\\/2024\\\/10\\\/133-P1136113-1-scaled.jpg&quot;},{&quot;id&quot;:1248,&quot;url&quot;:&quot;https:\\\/\\\/www.friizit-mattertal.ch\\\/wp-content\\\/uploads\\\/2024\\\/08\\\/Bikeclub-Mattertal.jpg&quot;},{&quot;id&quot;:2960,&quot;url&quot;:&quot;https:\\\/\\\/www.friizit-mattertal.ch\\\/wp-content\\\/uploads\\\/2025\\\/04\\\/67c01bf4e717c.jpg&quot;},{&quot;id&quot;:1254,&quot;url&quot;:&quot;https:\\\/\\\/www.friizit-mattertal.ch\\\/wp-content\\\/uploads\\\/2024\\\/08\\\/378327a7-d376-46f5-b1e7-b3312b6f9aca-scaled.jpg&quot;},{&quot;id&quot;:3403,&quot;url&quot;:&quot;https:\\\/\\\/www.friizit-mattertal.ch\\\/wp-content\\\/uploads\\\/2024\\\/08\\\/Golfplatz-Matterhorn-Zermatt-Golfclub-43.jpg&quot;},{&quot;id&quot;:1257,&quot;url&quot;:&quot;https:\\\/\\\/www.friizit-mattertal.ch\\\/wp-content\\\/uploads\\\/2024\\\/08\\\/20220627_1933421-2048x1536-1.jpg&quot;},{&quot;id&quot;:1236,&quot;url&quot;:&quot;https:\\\/\\\/www.friizit-mattertal.ch\\\/wp-content\\\/uploads\\\/2024\\\/08\\\/1657895670-scaled.jpg&quot;},{&quot;id&quot;:1251,&quot;url&quot;:&quot;https:\\\/\\\/www.friizit-mattertal.ch\\\/wp-content\\\/uploads\\\/2024\\\/08\\\/JFW-SM2018-40.jpg&quot;},{&quot;id&quot;:2797,&quot;url&quot;:&quot;https:\\\/\\\/www.friizit-mattertal.ch\\\/wp-content\\\/uploads\\\/2024\\\/08\\\/IMG_2420-1-scaled.jpg&quot;},{&quot;id&quot;:2964,&quot;url&quot;:&quot;https:\\\/\\\/www.friizit-mattertal.ch\\\/wp-content\\\/uploads\\\/2024\\\/08\\\/GRuppe-2019.1.jpg&quot;},{&quot;id&quot;:3240,&quot;url&quot;:&quot;https:\\\/\\\/www.friizit-mattertal.ch\\\/wp-content\\\/uploads\\\/2024\\\/08\\\/image0-scaled.jpeg&quot;},{&quot;id&quot;:3248,&quot;url&quot;:&quot;https:\\\/\\\/www.friizit-mattertal.ch\\\/wp-content\\\/uploads\\\/2024\\\/08\\\/thumbnail_Titelbild-fuer-Webseite_2018.jpg&quot;},{&quot;id&quot;:1263,&quot;url&quot;:&quot;https:\\\/\\\/www.friizit-mattertal.ch\\\/wp-content\\\/uploads\\\/2024\\\/08\\\/Stellisee-scaled.jpg&quot;}],&quot;background_slideshow_lazyload&quot;:&quot;yes&quot;,&quot;background_slideshow_ken_burns&quot;:&quot;yes&quot;,&quot;background_slideshow_loop&quot;:&quot;yes&quot;,&quot;background_slideshow_slide_duration&quot;:5000,&quot;background_slideshow_slide_transition&quot;:&quot;fade&quot;,&quot;background_slideshow_transition_duration&quot;:500,&quot;background_slideshow_ken_burns_zoom_direction&quot;:&quot;in&quot;}\">\n\t\t\t\t<div class=\"elementor-element elementor-element-d5a1fda elementor-widget elementor-widget-heading\" data-id=\"d5a1fda\" data-element_type=\"widget\" data-e-type=\"widget\" data-widget_type=\"heading.default\">\n\t\t\t\t<div class=\"elementor-widget-container\">\n\t\t\t\t\t<h1 class=\"elementor-heading-title elementor-size-default\">Friizit Mattertal<\/h1>\t\t\t\t<\/div>\n\t\t\t\t<\/div>\n\t\t\t\t<div class=\"elementor-element elementor-element-159323c elementor-widget elementor-widget-text-editor\" data-id=\"159323c\" data-element_type=\"widget\" data-e-type=\"widget\" data-widget_type=\"text-editor.default\">\n\t\t\t\t<div class=\"elementor-widget-container\">\n\t\t\t\t\t\t\t\t\t<p>A sua plataforma de associa\u00e7\u00f5es para a regi\u00e3o do Mattertal<\/p>\t\t\t\t\t\t\t\t<\/div>\n\t\t\t\t<\/div>\n\t\t\t\t<div class=\"elementor-element elementor-element-2afe989 elementor-view-stacked animated-slow e-transform elementor-shape-circle elementor-invisible elementor-widget elementor-widget-icon\" data-id=\"2afe989\" data-element_type=\"widget\" data-e-type=\"widget\" data-settings=\"{&quot;_animation&quot;:&quot;bounce&quot;,&quot;_transform_skewX_effect&quot;:{&quot;unit&quot;:&quot;px&quot;,&quot;size&quot;:&quot;&quot;,&quot;sizes&quot;:[]},&quot;_transform_skewX_effect_tablet&quot;:{&quot;unit&quot;:&quot;deg&quot;,&quot;size&quot;:&quot;&quot;,&quot;sizes&quot;:[]},&quot;_transform_skewX_effect_mobile&quot;:{&quot;unit&quot;:&quot;deg&quot;,&quot;size&quot;:&quot;&quot;,&quot;sizes&quot;:[]},&quot;_transform_skewY_effect&quot;:{&quot;unit&quot;:&quot;px&quot;,&quot;size&quot;:&quot;&quot;,&quot;sizes&quot;:[]},&quot;_transform_skewY_effect_tablet&quot;:{&quot;unit&quot;:&quot;deg&quot;,&quot;size&quot;:&quot;&quot;,&quot;sizes&quot;:[]},&quot;_transform_skewY_effect_mobile&quot;:{&quot;unit&quot;:&quot;deg&quot;,&quot;size&quot;:&quot;&quot;,&quot;sizes&quot;:[]}}\" data-widget_type=\"icon.default\">\n\t\t\t\t<div class=\"elementor-widget-container\">\n\t\t\t\t\t\t\t<div class=\"elementor-icon-wrapper\">\n\t\t\t<div class=\"elementor-icon\">\n\t\t\t<i aria-hidden=\"true\" class=\"fas fa-arrow-down\"><\/i>\t\t\t<\/div>\n\t\t<\/div>\n\t\t\t\t\t\t<\/div>\n\t\t\t\t<\/div>\n\t\t\t\t<\/div>\n\t\t<section class=\"elementor-element elementor-element-23e6b47 e-flex e-con-boxed e-con e-parent\" data-id=\"23e6b47\" data-element_type=\"container\" data-e-type=\"container\">\n\t\t\t\t\t<div class=\"e-con-inner\">\n\t\t\t\t<div class=\"elementor-element elementor-element-0cf6c34 elementor-widget elementor-widget-text-editor\" data-id=\"0cf6c34\" data-element_type=\"widget\" data-e-type=\"widget\" data-widget_type=\"text-editor.default\">\n\t\t\t\t<div class=\"elementor-widget-container\">\n\t\t\t\t\t\t\t\t\t<h2>O que \u00e9 o Friizit Mattertal? \ud83c\udf0d\ud83c\udfad\u26bd<\/h2><p>A <strong>plataforma central<\/strong> para a vida associativa no Mattertal! Aqui voc\u00ea encontra todas as <strong>informa\u00e7\u00f5es<\/strong> sobre associa\u00e7\u00f5es, trabalho volunt\u00e1rio, eventos e suporte para planear seu pr\u00f3prio evento. \ud83d\ude80<\/p>\t\t\t\t\t\t\t\t<\/div>\n\t\t\t\t<\/div>\n\t\t\t\t\t<\/div>\n\t\t\t\t<\/section>\n\t\t<section class=\"elementor-element elementor-element-ee99544 e-flex e-con-boxed e-con e-parent\" data-id=\"ee99544\" data-element_type=\"container\" data-e-type=\"container\">\n\t\t\t\t\t<div class=\"e-con-inner\">\n\t\t\t\t<div class=\"elementor-element elementor-element-6381698 elementor-widget elementor-widget-text-editor\" data-id=\"6381698\" data-element_type=\"widget\" data-e-type=\"widget\" data-widget_type=\"text-editor.default\">\n\t\t\t\t<div class=\"elementor-widget-container\">\n\t\t\t\t\t\t\t\t\t<h3>\ud83c\udfc0 <strong data-start=\"3677\" data-end=\"3705\">Descubra todos as associa\u00e7\u00f5es<\/strong><\/h3>\n<p data-start=\"3674\" data-end=\"3908\">Friizit Mattertal re\u00fane todos as <strong>associa\u00e7\u00f5es da regi\u00e3o<\/strong> em uma \u00fanica plataforma! No nosso resumo das associa\u00e7\u00f5es, voc\u00ea encontrar\u00e1 todas as informa\u00e7\u00f5es importantes sobre as associa\u00e7\u00f5es, incluindo os contatos, para que possa entrar em contato diretamente com elas.&nbsp;\ud83d\udce9<\/p>\n<p data-start=\"3910\" data-end=\"4064\">\ud83d\udca1 <strong data-start=\"3913\" data-end=\"3926\">Descubra:<\/strong><br data-start=\"3926\" data-end=\"3929\">\u2714\ufe0f Quais&nbsp;<span style=\"font-weight: bolder;\">associa\u00e7\u00f5es&nbsp;<\/span><strong>est\u00e3o ativas<\/strong>&nbsp;\ud83c\udfc0\ud83c\udfb6\ud83c\udfa8<br data-start=\"3964\" data-end=\"3967\">\u2714\ufe0f Como voc\u00ea pode <strong>participar ou ajudar<\/strong> \ud83e\udd1d<br data-start=\"4008\" data-end=\"4011\">\u2714\ufe0f Filtre por interesses e encontre o seu lugar! \ud83d\udd0d<\/p>\n<p data-start=\"4066\" data-end=\"4138\"><strong>Descubra a diversidade das nossas associa\u00e7\u00f5es<\/strong> e <strong>encontre a ideal para voc\u00ea<\/strong>!<\/p>\t\t\t\t\t\t\t\t<\/div>\n\t\t\t\t<\/div>\n\t\t\t\t<div class=\"elementor-element elementor-element-2e6cc94 elementor-widget elementor-widget-button\" data-id=\"2e6cc94\" data-element_type=\"widget\" data-e-type=\"widget\" data-widget_type=\"button.default\">\n\t\t\t\t<div class=\"elementor-widget-container\">\n\t\t\t\t\t\t\t\t\t<div class=\"elementor-button-wrapper\">\n\t\t\t\t\t<a class=\"elementor-button elementor-button-link elementor-size-sm\" href=\"https:\/\/www.friizit-mattertal.ch\/pt-pt\/verein\/\">\n\t\t\t\t\t\t<span class=\"elementor-button-content-wrapper\">\n\t\t\t\t\t\t<span class=\"elementor-button-icon\">\n\t\t\t\t<i aria-hidden=\"true\" class=\"fas fa-link\"><\/i>\t\t\t<\/span>\n\t\t\t\t\t\t\t\t\t<span class=\"elementor-button-text\">Para a vis\u00e3o geral das associa\u00e7\u00f5es<\/span>\n\t\t\t\t\t<\/span>\n\t\t\t\t\t<\/a>\n\t\t\t\t<\/div>\n\t\t\t\t\t\t\t\t<\/div>\n\t\t\t\t<\/div>\n\t\t\t\t\t<\/div>\n\t\t\t\t<\/section>\n\t\t<section class=\"elementor-element elementor-element-4f16112 e-flex e-con-boxed e-con e-parent\" data-id=\"4f16112\" data-element_type=\"container\" data-e-type=\"container\">\n\t\t\t\t\t<div class=\"e-con-inner\">\n\t\t\t\t<div class=\"elementor-element elementor-element-11f6935 elementor-widget elementor-widget-text-editor\" data-id=\"11f6935\" data-element_type=\"widget\" data-e-type=\"widget\" data-widget_type=\"text-editor.default\">\n\t\t\t\t<div class=\"elementor-widget-container\">\n\t\t\t\t\t\t\t\t\t<h3>\ud83d\udca1 <strong data-start=\"4173\" data-end=\"4197\">Trabalho associativo<\/strong><\/h3><p data-start=\"4170\" data-end=\"4261\">Tudo o que voc\u00ea precisa saber sobre a estrutura de associa\u00e7\u00f5es!<\/p><p data-start=\"4263\" data-end=\"4388\">\u2795 <strong data-start=\"4265\" data-end=\"4288\">Cria\u00e7\u00e3o de uma associa\u00e7\u00e3o<\/strong> \u2013 Comece sua pr\u00f3pria associa\u00e7\u00e3o. \ud83c\udfd7\ufe0f<br data-start=\"4320\" data-end=\"4323\" \/>\u2795 <strong data-start=\"4325\" data-end=\"4352\">Op\u00e7\u00f5es de financiamento<\/strong> \u2013 Dicas &amp; suporte para associa\u00e7\u00f5es. \ud83d\udcb0<\/p>\t\t\t\t\t\t\t\t<\/div>\n\t\t\t\t<\/div>\n\t\t\t\t<div class=\"elementor-element elementor-element-cb3d972 elementor-widget elementor-widget-button\" data-id=\"cb3d972\" data-element_type=\"widget\" data-e-type=\"widget\" data-widget_type=\"button.default\">\n\t\t\t\t<div class=\"elementor-widget-container\">\n\t\t\t\t\t\t\t\t\t<div class=\"elementor-button-wrapper\">\n\t\t\t\t\t<a class=\"elementor-button elementor-button-link elementor-size-sm\" href=\"https:\/\/www.friizit-mattertal.ch\/pt-pt\/trabalho-associativo\/\">\n\t\t\t\t\t\t<span class=\"elementor-button-content-wrapper\">\n\t\t\t\t\t\t<span class=\"elementor-button-icon\">\n\t\t\t\t<i aria-hidden=\"true\" class=\"fas fa-link\"><\/i>\t\t\t<\/span>\n\t\t\t\t\t\t\t\t\t<span class=\"elementor-button-text\">Saiba mais sobre o trabalho associativo<\/span>\n\t\t\t\t\t<\/span>\n\t\t\t\t\t<\/a>\n\t\t\t\t<\/div>\n\t\t\t\t\t\t\t\t<\/div>\n\t\t\t\t<\/div>\n\t\t\t\t\t<\/div>\n\t\t\t\t<\/section>\n\t\t<section class=\"elementor-element elementor-element-9845862 e-flex e-con-boxed e-con e-parent\" data-id=\"9845862\" data-element_type=\"container\" data-e-type=\"container\">\n\t\t\t\t\t<div class=\"e-con-inner\">\n\t\t\t\t<div class=\"elementor-element elementor-element-29a10be elementor-widget elementor-widget-text-editor\" data-id=\"29a10be\" data-element_type=\"widget\" data-e-type=\"widget\" data-widget_type=\"text-editor.default\">\n\t\t\t\t<div class=\"elementor-widget-container\">\n\t\t\t\t\t\t\t\t\t<h3>\ud83d\udcc5 <strong data-start=\"4440\" data-end=\"4451\">Eventos<\/strong><\/h3><p data-start=\"4437\" data-end=\"4535\">Fique por dentro e descubra todos os <strong>eventos da nossa regi\u00e3o em um s\u00f3 lugar<\/strong>! \ud83c\udf89<\/p><p data-start=\"4537\" data-end=\"4664\">\ud83d\udccc <strong>Acompanhe regularmente<\/strong> para n\u00e3o perder nenhum evento.<br data-start=\"4593\" data-end=\"4596\" \/>\ud83d\udccc Adicione seus pr\u00f3prios eventos na p\u00e1gina do <strong>Turismo de Zermatt<\/strong>!<\/p>\t\t\t\t\t\t\t\t<\/div>\n\t\t\t\t<\/div>\n\t\t\t\t<div class=\"elementor-element elementor-element-91af8e4 elementor-widget elementor-widget-button\" data-id=\"91af8e4\" data-element_type=\"widget\" data-e-type=\"widget\" data-widget_type=\"button.default\">\n\t\t\t\t<div class=\"elementor-widget-container\">\n\t\t\t\t\t\t\t\t\t<div class=\"elementor-button-wrapper\">\n\t\t\t\t\t<a class=\"elementor-button elementor-button-link elementor-size-sm\" href=\"https:\/\/ztnet.ch\/de\/Aktuelles\/Agenda\">\n\t\t\t\t\t\t<span class=\"elementor-button-content-wrapper\">\n\t\t\t\t\t\t<span class=\"elementor-button-icon\">\n\t\t\t\t<i aria-hidden=\"true\" class=\"fas fa-link\"><\/i>\t\t\t<\/span>\n\t\t\t\t\t\t\t\t\t<span class=\"elementor-button-text\">Para o calend\u00e1rio de eventos<\/span>\n\t\t\t\t\t<\/span>\n\t\t\t\t\t<\/a>\n\t\t\t\t<\/div>\n\t\t\t\t\t\t\t\t<\/div>\n\t\t\t\t<\/div>\n\t\t\t\t\t<\/div>\n\t\t\t\t<\/section>\n\t\t<section class=\"elementor-element elementor-element-5b685b3 e-flex e-con-boxed e-con e-parent\" data-id=\"5b685b3\" data-element_type=\"container\" data-e-type=\"container\">\n\t\t\t\t\t<div class=\"e-con-inner\">\n\t\t\t\t<div class=\"elementor-element elementor-element-c668dd9 elementor-widget elementor-widget-text-editor\" data-id=\"c668dd9\" data-element_type=\"widget\" data-e-type=\"widget\" data-widget_type=\"text-editor.default\">\n\t\t\t\t<div class=\"elementor-widget-container\">\n\t\t\t\t\t\t\t\t\t<h3>\ud83c\udfaf <strong data-start=\"4705\" data-end=\"4732\">Planejamento de eventos<\/strong><\/h3><p data-start=\"4702\" data-end=\"4814\">Planeie seu pr\u00f3prio evento na regi\u00e3o \u2013 de forma <strong>r\u00e1pida, f\u00e1cil &amp; sem estresse<\/strong>!<\/p><p data-start=\"4816\" data-end=\"4986\"><strong>\ud83d\udd39 Passos essenciais para o planeamento \ud83d\udccb<\/strong><br data-start=\"4859\" data-end=\"4862\" \/><strong>\ud83d\udd39 Leis &amp; regulamentos \u2696\ufe0f<\/strong><br data-start=\"4887\" data-end=\"4890\" \/><strong>\ud83d\udd39 Normas de seguran\u00e7a &amp; autoriza\u00e7\u00f5es \ud83d\udea8<\/strong><br data-start=\"4930\" data-end=\"4933\" \/><strong>\ud83d\udd39 Todos os documentos &amp; formul\u00e1rios necess\u00e1rios \ud83d\udcdd<\/strong><\/p><p data-start=\"4988\" data-end=\"5116\">Seja um pequeno aperitivo ou um grande evento \u2013 nossa <strong>p\u00e1gina de planeamento de eventos ajuda voc\u00ea a manter tudo sob controle<\/strong>!<\/p>\t\t\t\t\t\t\t\t<\/div>\n\t\t\t\t<\/div>\n\t\t\t\t<div class=\"elementor-element elementor-element-db8a628 elementor-widget elementor-widget-button\" data-id=\"db8a628\" data-element_type=\"widget\" data-e-type=\"widget\" data-widget_type=\"button.default\">\n\t\t\t\t<div class=\"elementor-widget-container\">\n\t\t\t\t\t\t\t\t\t<div class=\"elementor-button-wrapper\">\n\t\t\t\t\t<a class=\"elementor-button elementor-button-link elementor-size-sm\" href=\"https:\/\/www.friizit-mattertal.ch\/pt-pt\/dossie-do-evento\/\">\n\t\t\t\t\t\t<span class=\"elementor-button-content-wrapper\">\n\t\t\t\t\t\t<span class=\"elementor-button-icon\">\n\t\t\t\t<i aria-hidden=\"true\" class=\"fas fa-link\"><\/i>\t\t\t<\/span>\n\t\t\t\t\t\t\t\t\t<span class=\"elementor-button-text\">Para a p\u00e1gina de planeamento<\/span>\n\t\t\t\t\t<\/span>\n\t\t\t\t\t<\/a>\n\t\t\t\t<\/div>\n\t\t\t\t\t\t\t\t<\/div>\n\t\t\t\t<\/div>\n\t\t\t\t\t<\/div>\n\t\t\t\t<\/section>\n\t\t\t\t<\/div>\n\t\t","protected":false},"excerpt":{"rendered":"<p>Friizit Mattertal A sua plataforma de associa\u00e7\u00f5es para a regi\u00e3o do Mattertal O que \u00e9 o Friizit Mattertal? \ud83c\udf0d\ud83c\udfad\u26bd A plataforma central para a vida associativa no Mattertal! Aqui voc\u00ea encontra todas as informa\u00e7\u00f5es sobre associa\u00e7\u00f5es, trabalho volunt\u00e1rio, eventos e suporte para planear seu pr\u00f3prio evento. \ud83d\ude80 \ud83c\udfc0 Descubra todos as associa\u00e7\u00f5es Friizit Mattertal re\u00fane [&hellip;]<\/p>\n","protected":false},"author":1,"featured_media":0,"parent":0,"menu_order":0,"comment_status":"closed","ping_status":"closed","template":"","meta":{"_acf_changed":false,"footnotes":""},"class_list":["post-1346","page","type-page","status-publish","hentry"],"acf":[],"yoast_head":"<!-- This site is optimized with the Yoast SEO plugin v27.3 - https:\/\/yoast.com\/product\/yoast-seo-wordpress\/ -->\n<title>Home &#8211; Friizit Mattertal |\u00a0Deine Vereinsplattform f\u00fcr das Mattertal<\/title>\n<meta name=\"description\" content=\"Friizit Mattertal \u2013 Deine Vereinsplattform f\u00fcr die Region Mattertal. Alle Vereine der Region auf einer Seite. Hier findest du alle wichtigen Informationen zu den Vereinen, inklusive Kontaktm\u00f6glichkeiten, damit du direkt in Verbindung treten kannst, wenn du interessiert bist.\" \/>\n<meta name=\"robots\" content=\"index, follow, max-snippet:-1, max-image-preview:large, max-video-preview:-1\" \/>\n<link rel=\"canonical\" href=\"https:\/\/www.friizit-mattertal.ch\/pt-pt\/\" \/>\n<meta property=\"og:locale\" content=\"pt_PT\" \/>\n<meta property=\"og:type\" content=\"article\" \/>\n<meta property=\"og:title\" content=\"Home &#8211; Friizit Mattertal |\u00a0Deine Vereinsplattform f\u00fcr das Mattertal\" \/>\n<meta property=\"og:description\" content=\"Friizit Mattertal \u2013 Deine Vereinsplattform f\u00fcr die Region Mattertal. Alle Vereine der Region auf einer Seite. Hier findest du alle wichtigen Informationen zu den Vereinen, inklusive Kontaktm\u00f6glichkeiten, damit du direkt in Verbindung treten kannst, wenn du interessiert bist.\" \/>\n<meta property=\"og:url\" content=\"https:\/\/www.friizit-mattertal.ch\/pt-pt\/\" \/>\n<meta property=\"og:site_name\" content=\"Friizit Mattertal\" \/>\n<meta property=\"article:modified_time\" content=\"2026-02-03T11:11:54+00:00\" \/>\n<meta name=\"twitter:card\" content=\"summary_large_image\" \/>\n<meta name=\"twitter:label1\" content=\"Tempo estimado de leitura\" \/>\n\t<meta name=\"twitter:data1\" content=\"8 minutos\" \/>\n<script type=\"application\/ld+json\" class=\"yoast-schema-graph\">{\"@context\":\"https:\\\/\\\/schema.org\",\"@graph\":[{\"@type\":\"WebPage\",\"@id\":\"https:\\\/\\\/www.friizit-mattertal.ch\\\/pt-pt\\\/\",\"url\":\"https:\\\/\\\/www.friizit-mattertal.ch\\\/pt-pt\\\/\",\"name\":\"Home &#8211; Friizit Mattertal |\u00a0Deine Vereinsplattform f\u00fcr das Mattertal\",\"isPartOf\":{\"@id\":\"https:\\\/\\\/www.friizit-mattertal.ch\\\/#website\"},\"datePublished\":\"2024-08-08T06:37:21+00:00\",\"dateModified\":\"2026-02-03T11:11:54+00:00\",\"description\":\"Friizit Mattertal \u2013 Deine Vereinsplattform f\u00fcr die Region Mattertal. Alle Vereine der Region auf einer Seite. Hier findest du alle wichtigen Informationen zu den Vereinen, inklusive Kontaktm\u00f6glichkeiten, damit du direkt in Verbindung treten kannst, wenn du interessiert bist.\",\"breadcrumb\":{\"@id\":\"https:\\\/\\\/www.friizit-mattertal.ch\\\/pt-pt\\\/#breadcrumb\"},\"inLanguage\":\"pt-PT\",\"potentialAction\":[{\"@type\":\"ReadAction\",\"target\":[\"https:\\\/\\\/www.friizit-mattertal.ch\\\/pt-pt\\\/\"]}]},{\"@type\":\"BreadcrumbList\",\"@id\":\"https:\\\/\\\/www.friizit-mattertal.ch\\\/pt-pt\\\/#breadcrumb\",\"itemListElement\":[{\"@type\":\"ListItem\",\"position\":1,\"name\":\"Home\",\"item\":\"https:\\\/\\\/www.friizit-mattertal.ch\\\/pt-pt\\\/\"},{\"@type\":\"ListItem\",\"position\":2,\"name\":\"Home\"}]},{\"@type\":\"WebSite\",\"@id\":\"https:\\\/\\\/www.friizit-mattertal.ch\\\/#website\",\"url\":\"https:\\\/\\\/www.friizit-mattertal.ch\\\/\",\"name\":\"Friizit Mattertal |\u00a0Deine Vereinsplattform f\u00fcr das Mattertal\",\"description\":\"\",\"publisher\":{\"@id\":\"https:\\\/\\\/www.friizit-mattertal.ch\\\/#organization\"},\"potentialAction\":[{\"@type\":\"SearchAction\",\"target\":{\"@type\":\"EntryPoint\",\"urlTemplate\":\"https:\\\/\\\/www.friizit-mattertal.ch\\\/?s={search_term_string}\"},\"query-input\":{\"@type\":\"PropertyValueSpecification\",\"valueRequired\":true,\"valueName\":\"search_term_string\"}}],\"inLanguage\":\"pt-PT\"},{\"@type\":\"Organization\",\"@id\":\"https:\\\/\\\/www.friizit-mattertal.ch\\\/#organization\",\"name\":\"Friizit Mattertal |\u00a0Deine Vereinsplattform f\u00fcr das Mattertal\",\"url\":\"https:\\\/\\\/www.friizit-mattertal.ch\\\/\",\"logo\":{\"@type\":\"ImageObject\",\"inLanguage\":\"pt-PT\",\"@id\":\"https:\\\/\\\/www.friizit-mattertal.ch\\\/#\\\/schema\\\/logo\\\/image\\\/\",\"url\":\"https:\\\/\\\/www.friizit-mattertal.ch\\\/wp-content\\\/uploads\\\/2024\\\/08\\\/jastow-icon-1.svg\",\"contentUrl\":\"https:\\\/\\\/www.friizit-mattertal.ch\\\/wp-content\\\/uploads\\\/2024\\\/08\\\/jastow-icon-1.svg\",\"width\":64,\"height\":69,\"caption\":\"Friizit Mattertal |\u00a0Deine Vereinsplattform f\u00fcr das Mattertal\"},\"image\":{\"@id\":\"https:\\\/\\\/www.friizit-mattertal.ch\\\/#\\\/schema\\\/logo\\\/image\\\/\"}}]}<\/script>\n<!-- \/ Yoast SEO plugin. -->","yoast_head_json":{"title":"Home &#8211; Friizit Mattertal |\u00a0Deine Vereinsplattform f\u00fcr das Mattertal","description":"Friizit Mattertal \u2013 Deine Vereinsplattform f\u00fcr die Region Mattertal. Alle Vereine der Region auf einer Seite. Hier findest du alle wichtigen Informationen zu den Vereinen, inklusive Kontaktm\u00f6glichkeiten, damit du direkt in Verbindung treten kannst, wenn du interessiert bist.","robots":{"index":"index","follow":"follow","max-snippet":"max-snippet:-1","max-image-preview":"max-image-preview:large","max-video-preview":"max-video-preview:-1"},"canonical":"https:\/\/www.friizit-mattertal.ch\/pt-pt\/","og_locale":"pt_PT","og_type":"article","og_title":"Home &#8211; Friizit Mattertal |\u00a0Deine Vereinsplattform f\u00fcr das Mattertal","og_description":"Friizit Mattertal \u2013 Deine Vereinsplattform f\u00fcr die Region Mattertal. Alle Vereine der Region auf einer Seite. Hier findest du alle wichtigen Informationen zu den Vereinen, inklusive Kontaktm\u00f6glichkeiten, damit du direkt in Verbindung treten kannst, wenn du interessiert bist.","og_url":"https:\/\/www.friizit-mattertal.ch\/pt-pt\/","og_site_name":"Friizit Mattertal","article_modified_time":"2026-02-03T11:11:54+00:00","twitter_card":"summary_large_image","twitter_misc":{"Tempo estimado de leitura":"8 minutos"},"schema":{"@context":"https:\/\/schema.org","@graph":[{"@type":"WebPage","@id":"https:\/\/www.friizit-mattertal.ch\/pt-pt\/","url":"https:\/\/www.friizit-mattertal.ch\/pt-pt\/","name":"Home &#8211; Friizit Mattertal |\u00a0Deine Vereinsplattform f\u00fcr das Mattertal","isPartOf":{"@id":"https:\/\/www.friizit-mattertal.ch\/#website"},"datePublished":"2024-08-08T06:37:21+00:00","dateModified":"2026-02-03T11:11:54+00:00","description":"Friizit Mattertal \u2013 Deine Vereinsplattform f\u00fcr die Region Mattertal. Alle Vereine der Region auf einer Seite. Hier findest du alle wichtigen Informationen zu den Vereinen, inklusive Kontaktm\u00f6glichkeiten, damit du direkt in Verbindung treten kannst, wenn du interessiert bist.","breadcrumb":{"@id":"https:\/\/www.friizit-mattertal.ch\/pt-pt\/#breadcrumb"},"inLanguage":"pt-PT","potentialAction":[{"@type":"ReadAction","target":["https:\/\/www.friizit-mattertal.ch\/pt-pt\/"]}]},{"@type":"BreadcrumbList","@id":"https:\/\/www.friizit-mattertal.ch\/pt-pt\/#breadcrumb","itemListElement":[{"@type":"ListItem","position":1,"name":"Home","item":"https:\/\/www.friizit-mattertal.ch\/pt-pt\/"},{"@type":"ListItem","position":2,"name":"Home"}]},{"@type":"WebSite","@id":"https:\/\/www.friizit-mattertal.ch\/#website","url":"https:\/\/www.friizit-mattertal.ch\/","name":"Friizit Mattertal |\u00a0Deine Vereinsplattform f\u00fcr das Mattertal","description":"","publisher":{"@id":"https:\/\/www.friizit-mattertal.ch\/#organization"},"potentialAction":[{"@type":"SearchAction","target":{"@type":"EntryPoint","urlTemplate":"https:\/\/www.friizit-mattertal.ch\/?s={search_term_string}"},"query-input":{"@type":"PropertyValueSpecification","valueRequired":true,"valueName":"search_term_string"}}],"inLanguage":"pt-PT"},{"@type":"Organization","@id":"https:\/\/www.friizit-mattertal.ch\/#organization","name":"Friizit Mattertal |\u00a0Deine Vereinsplattform f\u00fcr das Mattertal","url":"https:\/\/www.friizit-mattertal.ch\/","logo":{"@type":"ImageObject","inLanguage":"pt-PT","@id":"https:\/\/www.friizit-mattertal.ch\/#\/schema\/logo\/image\/","url":"https:\/\/www.friizit-mattertal.ch\/wp-content\/uploads\/2024\/08\/jastow-icon-1.svg","contentUrl":"https:\/\/www.friizit-mattertal.ch\/wp-content\/uploads\/2024\/08\/jastow-icon-1.svg","width":64,"height":69,"caption":"Friizit Mattertal |\u00a0Deine Vereinsplattform f\u00fcr das Mattertal"},"image":{"@id":"https:\/\/www.friizit-mattertal.ch\/#\/schema\/logo\/image\/"}}]}},"_links":{"self":[{"href":"https:\/\/www.friizit-mattertal.ch\/pt-pt\/wp-json\/wp\/v2\/pages\/1346","targetHints":{"allow":["GET"]}}],"collection":[{"href":"https:\/\/www.friizit-mattertal.ch\/pt-pt\/wp-json\/wp\/v2\/pages"}],"about":[{"href":"https:\/\/www.friizit-mattertal.ch\/pt-pt\/wp-json\/wp\/v2\/types\/page"}],"author":[{"embeddable":true,"href":"https:\/\/www.friizit-mattertal.ch\/pt-pt\/wp-json\/wp\/v2\/users\/1"}],"replies":[{"embeddable":true,"href":"https:\/\/www.friizit-mattertal.ch\/pt-pt\/wp-json\/wp\/v2\/comments?post=1346"}],"version-history":[{"count":60,"href":"https:\/\/www.friizit-mattertal.ch\/pt-pt\/wp-json\/wp\/v2\/pages\/1346\/revisions"}],"predecessor-version":[{"id":4302,"href":"https:\/\/www.friizit-mattertal.ch\/pt-pt\/wp-json\/wp\/v2\/pages\/1346\/revisions\/4302"}],"wp:attachment":[{"href":"https:\/\/www.friizit-mattertal.ch\/pt-pt\/wp-json\/wp\/v2\/media?parent=1346"}],"curies":[{"name":"wp","href":"https:\/\/api.w.org\/{rel}","templated":true}]}}