{"id":2325,"date":"2025-03-04T14:50:45","date_gmt":"2025-03-04T14:50:45","guid":{"rendered":"https:\/\/www.friizit-mattertal.ch\/finanzierungsmoeglichkeiten\/"},"modified":"2025-04-07T06:53:04","modified_gmt":"2025-04-07T06:53:04","slug":"opcoes-de-financiamento","status":"publish","type":"page","link":"https:\/\/www.friizit-mattertal.ch\/pt-pt\/opcoes-de-financiamento\/","title":{"rendered":"Op\u00e7\u00f5es de financiamento"},"content":{"rendered":"\t\t<div data-elementor-type=\"wp-page\" data-elementor-id=\"2325\" class=\"elementor elementor-2325 elementor-2059\" data-elementor-post-type=\"page\">\n\t\t\t\t<div class=\"elementor-element elementor-element-e8e2f22 e-con-full e-flex e-con e-parent\" data-id=\"e8e2f22\" data-element_type=\"container\" data-e-type=\"container\">\n\t\t\t\t<div class=\"elementor-element elementor-element-3ac20f1 image-slider elementor-widget elementor-widget-image-carousel\" data-id=\"3ac20f1\" data-element_type=\"widget\" data-e-type=\"widget\" data-settings=\"{&quot;slides_to_show&quot;:&quot;3&quot;,&quot;navigation&quot;:&quot;none&quot;,&quot;image_spacing_custom&quot;:{&quot;unit&quot;:&quot;px&quot;,&quot;size&quot;:0,&quot;sizes&quot;:[]},&quot;autoplay&quot;:&quot;yes&quot;,&quot;autoplay_speed&quot;:5000,&quot;infinite&quot;:&quot;yes&quot;,&quot;speed&quot;:500,&quot;image_spacing_custom_tablet&quot;:{&quot;unit&quot;:&quot;px&quot;,&quot;size&quot;:&quot;&quot;,&quot;sizes&quot;:[]},&quot;image_spacing_custom_mobile&quot;:{&quot;unit&quot;:&quot;px&quot;,&quot;size&quot;:&quot;&quot;,&quot;sizes&quot;:[]}}\" data-widget_type=\"image-carousel.default\">\n\t\t\t\t<div class=\"elementor-widget-container\">\n\t\t\t\t\t\t\t<div class=\"elementor-image-carousel-wrapper swiper\" role=\"region\" aria-roledescription=\"carousel\" aria-label=\"Carrossel de imagens\" dir=\"ltr\">\n\t\t\t<div class=\"elementor-image-carousel swiper-wrapper swiper-image-stretch\" aria-live=\"off\">\n\t\t\t\t\t\t\t\t<div class=\"swiper-slide\" role=\"group\" aria-roledescription=\"slide\" aria-label=\"1 of 5\"><figure class=\"swiper-slide-inner\"><img decoding=\"async\" class=\"swiper-slide-image\" src=\"https:\/\/www.friizit-mattertal.ch\/wp-content\/uploads\/2025\/03\/startup-594090-1024x683.jpg\" alt=\"startup-594090\" \/><\/figure><\/div><div class=\"swiper-slide\" role=\"group\" aria-roledescription=\"slide\" aria-label=\"2 of 5\"><figure class=\"swiper-slide-inner\"><img decoding=\"async\" class=\"swiper-slide-image\" src=\"https:\/\/www.friizit-mattertal.ch\/wp-content\/uploads\/2025\/03\/team-386673-1024x768.jpg\" alt=\"team-386673\" \/><\/figure><\/div><div class=\"swiper-slide\" role=\"group\" aria-roledescription=\"slide\" aria-label=\"3 of 5\"><figure class=\"swiper-slide-inner\"><img decoding=\"async\" class=\"swiper-slide-image\" src=\"https:\/\/www.friizit-mattertal.ch\/wp-content\/uploads\/2025\/03\/team-7278740-1024x683.jpg\" alt=\"team-7278740\" \/><\/figure><\/div><div class=\"swiper-slide\" role=\"group\" aria-roledescription=\"slide\" aria-label=\"4 of 5\"><figure class=\"swiper-slide-inner\"><img decoding=\"async\" class=\"swiper-slide-image\" src=\"https:\/\/www.friizit-mattertal.ch\/wp-content\/uploads\/2025\/03\/unit-5559160-1024x645.jpg\" alt=\"unit-5559160\" \/><\/figure><\/div><div class=\"swiper-slide\" role=\"group\" aria-roledescription=\"slide\" aria-label=\"5 of 5\"><figure class=\"swiper-slide-inner\"><img decoding=\"async\" class=\"swiper-slide-image\" src=\"https:\/\/www.friizit-mattertal.ch\/wp-content\/uploads\/2025\/03\/cloud-7374149-1024x683.jpg\" alt=\"cloud-7374149\" \/><\/figure><\/div>\t\t\t<\/div>\n\t\t\t\t\t\t\t\n\t\t\t\t\t\t\t\t\t<\/div>\n\t\t\t\t\t\t<\/div>\n\t\t\t\t<\/div>\n\t\t\t\t<\/div>\n\t\t<div class=\"elementor-element elementor-element-81bdf6b e-con-full breadcrumb e-flex e-con e-parent\" data-id=\"81bdf6b\" data-element_type=\"container\" data-e-type=\"container\">\n\t\t\t\t<div class=\"elementor-element elementor-element-3866760 elementor-widget elementor-widget-shortcode\" data-id=\"3866760\" data-element_type=\"widget\" data-e-type=\"widget\" data-widget_type=\"shortcode.default\">\n\t\t\t\t<div class=\"elementor-widget-container\">\n\t\t\t\t\t\t\t<div class=\"elementor-shortcode\"><span><span><a href=\"https:\/\/www.friizit-mattertal.ch\/pt-pt\/\">Home<\/a><\/span><\/span>\n<\/div>\n\t\t\t\t\t\t<\/div>\n\t\t\t\t<\/div>\n\t\t\t\t<\/div>\n\t\t<section class=\"elementor-element elementor-element-f9449d0 e-flex e-con-boxed elementor-invisible e-con e-parent\" data-id=\"f9449d0\" data-element_type=\"container\" data-e-type=\"container\" data-settings=\"{&quot;animation&quot;:&quot;fadeInUp&quot;}\">\n\t\t\t\t\t<div class=\"e-con-inner\">\n\t\t\t\t<div class=\"elementor-element elementor-element-d57f4a8 elementor-widget elementor-widget-heading\" data-id=\"d57f4a8\" data-element_type=\"widget\" data-e-type=\"widget\" data-widget_type=\"heading.default\">\n\t\t\t\t<div class=\"elementor-widget-container\">\n\t\t\t\t\t<h1 class=\"elementor-heading-title elementor-size-default\">Op\u00e7\u00f5es de financiamento para associa\u00e7\u00f5es<\/h1>\t\t\t\t<\/div>\n\t\t\t\t<\/div>\n\t\t\t\t\t<\/div>\n\t\t\t\t<\/section>\n\t\t<section class=\"elementor-element elementor-element-4988f0d e-flex e-con-boxed e-con e-parent\" data-id=\"4988f0d\" data-element_type=\"container\" data-e-type=\"container\">\n\t\t\t\t\t<div class=\"e-con-inner\">\n\t\t\t\t<div class=\"elementor-element elementor-element-4392c71 elementor-widget elementor-widget-text-editor\" data-id=\"4392c71\" data-element_type=\"widget\" data-e-type=\"widget\" data-widget_type=\"text-editor.default\">\n\t\t\t\t<div class=\"elementor-widget-container\">\n\t\t\t\t\t\t\t\t\t<p>As associa\u00e7\u00f5es podem obter recursos financeiros de v\u00e1rias maneiras para realizar seus <strong>projetos e atividades<\/strong> \ud83d\ude80. Aqui est\u00e3o os <strong>m\u00e9todos de financiamento mais comuns<\/strong>:<\/p>\t\t\t\t\t\t\t\t<\/div>\n\t\t\t\t<\/div>\n\t\t\t\t<div class=\"elementor-element elementor-element-ad40d74 elementor-widget elementor-widget-text-editor\" data-id=\"ad40d74\" data-element_type=\"widget\" data-e-type=\"widget\" data-widget_type=\"text-editor.default\">\n\t\t\t\t<div class=\"elementor-widget-container\">\n\t\t\t\t\t\t\t\t\t<h3 data-start=\"514\" data-end=\"542\">Taxas de associados \ud83d\udcb3<\/h3><p data-start=\"544\" data-end=\"718\">As contribui\u00e7\u00f5es regulares dos membros da associa\u00e7\u00e3o muitas vezes formam a base financeira de uma associa\u00e7\u00e3o. Elas garantem o financiamento b\u00e1sico e permitem o planejamento de atividades.<\/p><h3 data-start=\"514\" data-end=\"542\">Doa\u00e7\u00f5es \u2764\ufe0f<\/h3><p data-start=\"740\" data-end=\"830\">\ud83d\udcb8 <strong data-start=\"6203\" data-end=\"6224\">Doa\u00e7\u00f5es privadas:<\/strong> Indiv\u00edduos apoiam a associa\u00e7\u00e3o financeiramente sem esperar nada em troca.<br data-start=\"6298\" data-end=\"6301\" \/>\ud83c\udfe2 <strong data-start=\"6304\" data-end=\"6329\">Doa\u00e7\u00f5es empresariais:<\/strong> Empresas apoiam as associa\u00e7\u00f5es como parte de sua Responsabilidade Social Corporativa (CSR).<\/p><h3 data-start=\"514\" data-end=\"542\">Patroc\u00ednio \ud83e\udd1d<\/h3><p data-start=\"964\" data-end=\"1153\">Empresas oferecem apoio financeiro ou em bens, mas esperam oportunidades de publicidade em troca, como logotipos em materiais da associa\u00e7\u00e3o ou men\u00e7\u00f5es em publica\u00e7\u00f5es. O valor desejado deve ser comunicado ao patrocinador, e as contrapartidas ser\u00e3o discutidas. \u00c9 importante que a associa\u00e7\u00e3o pense nas contrapartidas que pode e quer oferecer para determinado valor.<br \/><strong>\u2794 <a href=\"https:\/\/www.friizit-mattertal.ch\/wp-content\/uploads\/2025\/03\/Vorlage-Sponsoringdossier.docx\">\ud83d\udd17 Modelo de Dossi\u00ea de Patroc\u00ednio<\/a><\/strong><\/p><h3 data-start=\"514\" data-end=\"542\">Subven\u00e7\u00f5es e Apoios P\u00fablicos \ud83c\udfdb\ufe0f<\/h3><p data-start=\"1286\" data-end=\"1379\">\ud83d\udccd <strong data-start=\"6887\" data-end=\"6907\">Apoio Municipal:<\/strong> Muitas prefeituras oferecem assist\u00eancia financeira para associa\u00e7\u00f5es locais.<br data-start=\"6983\" data-end=\"6986\" \/>Na regi\u00e3o, o Fundo Jovem nas prefeituras de Zermatt, T\u00e4sch e Randa apoia projetos para crian\u00e7as, jovens e jovens adultos at\u00e9 25 anos.<br \/><strong>\u2794 <a href=\"https:\/\/www.jastow.ch\/jugendfonds-der-gemeinde-zermatt\/\" target=\"_blank\" rel=\"noopener\">\ud83d\udd17 Fundo Jovem<\/a><\/strong><\/p><p data-start=\"1381\" data-end=\"1500\">\u2696\ufe0f <strong data-start=\"7143\" data-end=\"7180\">Financiamento Cantonal e Federal:<\/strong> Dependendo do projeto, podem ser solicitadas subven\u00e7\u00f5es junto \u00e0s autoridades cantonais ou federais.<br \/><strong>\u2794 <a href=\"https:\/\/www.vs.ch\/de\/web\/scj\/soutien-aux-projets\" target=\"_blank\" rel=\"noopener\">\ud83d\udd17 Comiss\u00e3o Jovem do Cant\u00e3o de Valais<\/a><br \/>\u2794 <a href=\"https:\/\/sport.vs.ch\/de\/fonds-du-sport\" target=\"_blank\" rel=\"noopener\">\ud83d\udd17 Fundo de Esportes de Valais<\/a><\/strong><\/p><h3 data-start=\"514\" data-end=\"542\">Funda\u00e7\u00f5es \ud83c\udfc6<\/h3><p data-start=\"1531\" data-end=\"1672\">Existem v\u00e1rias funda\u00e7\u00f5es que apoiam projetos sem fins lucrativos. \u00c9 recomend\u00e1vel pesquisar funda\u00e7\u00f5es que se alinhem ao seu projeto. O objetivo e a miss\u00e3o de uma funda\u00e7\u00e3o devem estar em sintonia com os objetivos do seu projeto ou evento.<br \/><strong>\u2794 <a href=\"https:\/\/stiftungschweiz.ch\/stiftungsverzeichnis\/\" target=\"_blank\" rel=\"noopener\">\ud83d\udd17Diret\u00f3rio de Funda\u00e7\u00f5es<\/a><\/strong><\/p><h3 data-start=\"1739\" data-end=\"1770\">A\u00e7\u00f5es de Capta\u00e7\u00e3o de Recursos \ud83c\udf9f\ufe0f<\/h3><p data-start=\"1772\" data-end=\"1883\">Eventos como concertos beneficentes, feiras de pulgas ou rifas podem gerar recursos adicionais.<br data-start=\"7781\" data-end=\"7784\" \/>\u26a0\ufe0f Nota: A capta\u00e7\u00e3o de recursos \u00e9 reservada para <strong>organiza\u00e7\u00f5es sem fins lucrativos<\/strong>!<br \/><strong>\u2794 <a href=\"https:\/\/www.lokalhelden.ch\/start.html\" target=\"_blank\" rel=\"noopener\">\ud83d\udd17 Local Heroes Raiffeisen Bank<\/a><\/strong><\/p><h3 data-start=\"1885\" data-end=\"1908\"><strong data-start=\"1889\" data-end=\"1908\">Crowdfunding \ud83c\udf10<\/strong><\/h3><p data-start=\"1910\" data-end=\"2007\">Plataformas online permitem apresentar projetos e conquistar apoiadores financeiros.<br \/><strong>\u2794 <a href=\"https:\/\/www.lokalhelden.ch\/start.html\" target=\"_blank\" rel=\"noopener\">\ud83d\udd17 Local Heroes Raiffeisen Bank<\/a><\/strong><\/p><p data-start=\"2014\" data-end=\"2276\">\u26a0\ufe0f Nota: \u00c9 importante encontrar as op\u00e7\u00f5es de financiamento adequadas para a sua associa\u00e7\u00e3o e desenvolver conceitos correspondentes. Um planejamento cuidadoso e uma comunica\u00e7\u00e3o transparente aumentam as chances de sucesso na capta\u00e7\u00e3o de recursos. O contato pessoal pode favorecer o sucesso na obten\u00e7\u00e3o de recursos, e uma boa prepara\u00e7\u00e3o para apresentar seu projeto \u00e9 essencial para convencer os poss\u00edveis financiadores da viabilidade do seu projeto.<\/p>\t\t\t\t\t\t\t\t<\/div>\n\t\t\t\t<\/div>\n\t\t\t\t\t<\/div>\n\t\t\t\t<\/section>\n\t\t\t\t<\/div>\n\t\t","protected":false},"excerpt":{"rendered":"<p>Op\u00e7\u00f5es de financiamento para associa\u00e7\u00f5es As associa\u00e7\u00f5es podem obter recursos financeiros de v\u00e1rias maneiras para realizar seus projetos e atividades \ud83d\ude80. Aqui est\u00e3o os m\u00e9todos de financiamento mais comuns: Taxas de associados \ud83d\udcb3 As contribui\u00e7\u00f5es regulares dos membros da associa\u00e7\u00e3o muitas vezes formam a base financeira de uma associa\u00e7\u00e3o. Elas garantem o financiamento b\u00e1sico e [&hellip;]<\/p>\n","protected":false},"author":2,"featured_media":0,"parent":0,"menu_order":0,"comment_status":"closed","ping_status":"closed","template":"","meta":{"_acf_changed":false,"footnotes":""},"class_list":["post-2325","page","type-page","status-publish","hentry"],"acf":[],"yoast_head":"<!-- This site is optimized with the Yoast SEO plugin v27.3 - https:\/\/yoast.com\/product\/yoast-seo-wordpress\/ -->\n<title>Op\u00e7\u00f5es de financiamento &#8211; Friizit Mattertal |\u00a0Deine Vereinsplattform f\u00fcr das Mattertal<\/title>\n<meta name=\"description\" content=\"Event-Dossier \u2013 Wenn du eine Veranstaltung organisieren m\u00f6chtest gibt es einige Dinge, die du beachten und bei der Gemeinde einreichen musst. Hier findest du alle ben\u00f6tigten Informationen.\" \/>\n<meta name=\"robots\" content=\"index, follow, max-snippet:-1, max-image-preview:large, max-video-preview:-1\" \/>\n<link rel=\"canonical\" href=\"https:\/\/www.friizit-mattertal.ch\/pt-pt\/opcoes-de-financiamento\/\" \/>\n<meta property=\"og:locale\" content=\"pt_PT\" \/>\n<meta property=\"og:type\" content=\"article\" \/>\n<meta property=\"og:title\" content=\"Op\u00e7\u00f5es de financiamento &#8211; Friizit Mattertal |\u00a0Deine Vereinsplattform f\u00fcr das Mattertal\" \/>\n<meta property=\"og:description\" content=\"Event-Dossier \u2013 Wenn du eine Veranstaltung organisieren m\u00f6chtest gibt es einige Dinge, die du beachten und bei der Gemeinde einreichen musst. Hier findest du alle ben\u00f6tigten Informationen.\" \/>\n<meta property=\"og:url\" content=\"https:\/\/www.friizit-mattertal.ch\/pt-pt\/opcoes-de-financiamento\/\" \/>\n<meta property=\"og:site_name\" content=\"Friizit Mattertal\" \/>\n<meta property=\"article:modified_time\" content=\"2025-04-07T06:53:04+00:00\" \/>\n<meta property=\"og:image\" content=\"https:\/\/www.friizit-mattertal.ch\/wp-content\/uploads\/2025\/03\/startup-594090-1024x683.jpg\" \/>\n<meta name=\"twitter:card\" content=\"summary_large_image\" \/>\n<meta name=\"twitter:label1\" content=\"Tempo estimado de leitura\" \/>\n\t<meta name=\"twitter:data1\" content=\"4 minutos\" \/>\n<script type=\"application\/ld+json\" class=\"yoast-schema-graph\">{\"@context\":\"https:\\\/\\\/schema.org\",\"@graph\":[{\"@type\":\"WebPage\",\"@id\":\"https:\\\/\\\/www.friizit-mattertal.ch\\\/pt-pt\\\/opcoes-de-financiamento\\\/\",\"url\":\"https:\\\/\\\/www.friizit-mattertal.ch\\\/pt-pt\\\/opcoes-de-financiamento\\\/\",\"name\":\"Op\u00e7\u00f5es de financiamento &#8211; Friizit Mattertal |\u00a0Deine Vereinsplattform f\u00fcr das Mattertal\",\"isPartOf\":{\"@id\":\"https:\\\/\\\/www.friizit-mattertal.ch\\\/#website\"},\"primaryImageOfPage\":{\"@id\":\"https:\\\/\\\/www.friizit-mattertal.ch\\\/pt-pt\\\/opcoes-de-financiamento\\\/#primaryimage\"},\"image\":{\"@id\":\"https:\\\/\\\/www.friizit-mattertal.ch\\\/pt-pt\\\/opcoes-de-financiamento\\\/#primaryimage\"},\"thumbnailUrl\":\"https:\\\/\\\/www.friizit-mattertal.ch\\\/wp-content\\\/uploads\\\/2025\\\/03\\\/startup-594090-1024x683.jpg\",\"datePublished\":\"2025-03-04T14:50:45+00:00\",\"dateModified\":\"2025-04-07T06:53:04+00:00\",\"description\":\"Event-Dossier \u2013 Wenn du eine Veranstaltung organisieren m\u00f6chtest gibt es einige Dinge, die du beachten und bei der Gemeinde einreichen musst. Hier findest du alle ben\u00f6tigten Informationen.\",\"breadcrumb\":{\"@id\":\"https:\\\/\\\/www.friizit-mattertal.ch\\\/pt-pt\\\/opcoes-de-financiamento\\\/#breadcrumb\"},\"inLanguage\":\"pt-PT\",\"potentialAction\":[{\"@type\":\"ReadAction\",\"target\":[\"https:\\\/\\\/www.friizit-mattertal.ch\\\/pt-pt\\\/opcoes-de-financiamento\\\/\"]}]},{\"@type\":\"ImageObject\",\"inLanguage\":\"pt-PT\",\"@id\":\"https:\\\/\\\/www.friizit-mattertal.ch\\\/pt-pt\\\/opcoes-de-financiamento\\\/#primaryimage\",\"url\":\"https:\\\/\\\/www.friizit-mattertal.ch\\\/wp-content\\\/uploads\\\/2025\\\/03\\\/startup-594090-1024x683.jpg\",\"contentUrl\":\"https:\\\/\\\/www.friizit-mattertal.ch\\\/wp-content\\\/uploads\\\/2025\\\/03\\\/startup-594090-1024x683.jpg\"},{\"@type\":\"BreadcrumbList\",\"@id\":\"https:\\\/\\\/www.friizit-mattertal.ch\\\/pt-pt\\\/opcoes-de-financiamento\\\/#breadcrumb\",\"itemListElement\":[{\"@type\":\"ListItem\",\"position\":1,\"name\":\"Home\",\"item\":\"https:\\\/\\\/www.friizit-mattertal.ch\\\/pt-pt\\\/\"},{\"@type\":\"ListItem\",\"position\":2,\"name\":\"Op\u00e7\u00f5es de financiamento\"}]},{\"@type\":\"WebSite\",\"@id\":\"https:\\\/\\\/www.friizit-mattertal.ch\\\/#website\",\"url\":\"https:\\\/\\\/www.friizit-mattertal.ch\\\/\",\"name\":\"Friizit Mattertal |\u00a0Deine Vereinsplattform f\u00fcr das Mattertal\",\"description\":\"\",\"publisher\":{\"@id\":\"https:\\\/\\\/www.friizit-mattertal.ch\\\/#organization\"},\"potentialAction\":[{\"@type\":\"SearchAction\",\"target\":{\"@type\":\"EntryPoint\",\"urlTemplate\":\"https:\\\/\\\/www.friizit-mattertal.ch\\\/?s={search_term_string}\"},\"query-input\":{\"@type\":\"PropertyValueSpecification\",\"valueRequired\":true,\"valueName\":\"search_term_string\"}}],\"inLanguage\":\"pt-PT\"},{\"@type\":\"Organization\",\"@id\":\"https:\\\/\\\/www.friizit-mattertal.ch\\\/#organization\",\"name\":\"Friizit Mattertal |\u00a0Deine Vereinsplattform f\u00fcr das Mattertal\",\"url\":\"https:\\\/\\\/www.friizit-mattertal.ch\\\/\",\"logo\":{\"@type\":\"ImageObject\",\"inLanguage\":\"pt-PT\",\"@id\":\"https:\\\/\\\/www.friizit-mattertal.ch\\\/#\\\/schema\\\/logo\\\/image\\\/\",\"url\":\"https:\\\/\\\/www.friizit-mattertal.ch\\\/wp-content\\\/uploads\\\/2024\\\/08\\\/jastow-icon-1.svg\",\"contentUrl\":\"https:\\\/\\\/www.friizit-mattertal.ch\\\/wp-content\\\/uploads\\\/2024\\\/08\\\/jastow-icon-1.svg\",\"width\":64,\"height\":69,\"caption\":\"Friizit Mattertal |\u00a0Deine Vereinsplattform f\u00fcr das Mattertal\"},\"image\":{\"@id\":\"https:\\\/\\\/www.friizit-mattertal.ch\\\/#\\\/schema\\\/logo\\\/image\\\/\"}}]}<\/script>\n<!-- \/ Yoast SEO plugin. -->","yoast_head_json":{"title":"Op\u00e7\u00f5es de financiamento &#8211; Friizit Mattertal |\u00a0Deine Vereinsplattform f\u00fcr das Mattertal","description":"Event-Dossier \u2013 Wenn du eine Veranstaltung organisieren m\u00f6chtest gibt es einige Dinge, die du beachten und bei der Gemeinde einreichen musst. Hier findest du alle ben\u00f6tigten Informationen.","robots":{"index":"index","follow":"follow","max-snippet":"max-snippet:-1","max-image-preview":"max-image-preview:large","max-video-preview":"max-video-preview:-1"},"canonical":"https:\/\/www.friizit-mattertal.ch\/pt-pt\/opcoes-de-financiamento\/","og_locale":"pt_PT","og_type":"article","og_title":"Op\u00e7\u00f5es de financiamento &#8211; Friizit Mattertal |\u00a0Deine Vereinsplattform f\u00fcr das Mattertal","og_description":"Event-Dossier \u2013 Wenn du eine Veranstaltung organisieren m\u00f6chtest gibt es einige Dinge, die du beachten und bei der Gemeinde einreichen musst. Hier findest du alle ben\u00f6tigten Informationen.","og_url":"https:\/\/www.friizit-mattertal.ch\/pt-pt\/opcoes-de-financiamento\/","og_site_name":"Friizit Mattertal","article_modified_time":"2025-04-07T06:53:04+00:00","og_image":[{"url":"https:\/\/www.friizit-mattertal.ch\/wp-content\/uploads\/2025\/03\/startup-594090-1024x683.jpg","type":"","width":"","height":""}],"twitter_card":"summary_large_image","twitter_misc":{"Tempo estimado de leitura":"4 minutos"},"schema":{"@context":"https:\/\/schema.org","@graph":[{"@type":"WebPage","@id":"https:\/\/www.friizit-mattertal.ch\/pt-pt\/opcoes-de-financiamento\/","url":"https:\/\/www.friizit-mattertal.ch\/pt-pt\/opcoes-de-financiamento\/","name":"Op\u00e7\u00f5es de financiamento &#8211; Friizit Mattertal |\u00a0Deine Vereinsplattform f\u00fcr das Mattertal","isPartOf":{"@id":"https:\/\/www.friizit-mattertal.ch\/#website"},"primaryImageOfPage":{"@id":"https:\/\/www.friizit-mattertal.ch\/pt-pt\/opcoes-de-financiamento\/#primaryimage"},"image":{"@id":"https:\/\/www.friizit-mattertal.ch\/pt-pt\/opcoes-de-financiamento\/#primaryimage"},"thumbnailUrl":"https:\/\/www.friizit-mattertal.ch\/wp-content\/uploads\/2025\/03\/startup-594090-1024x683.jpg","datePublished":"2025-03-04T14:50:45+00:00","dateModified":"2025-04-07T06:53:04+00:00","description":"Event-Dossier \u2013 Wenn du eine Veranstaltung organisieren m\u00f6chtest gibt es einige Dinge, die du beachten und bei der Gemeinde einreichen musst. Hier findest du alle ben\u00f6tigten Informationen.","breadcrumb":{"@id":"https:\/\/www.friizit-mattertal.ch\/pt-pt\/opcoes-de-financiamento\/#breadcrumb"},"inLanguage":"pt-PT","potentialAction":[{"@type":"ReadAction","target":["https:\/\/www.friizit-mattertal.ch\/pt-pt\/opcoes-de-financiamento\/"]}]},{"@type":"ImageObject","inLanguage":"pt-PT","@id":"https:\/\/www.friizit-mattertal.ch\/pt-pt\/opcoes-de-financiamento\/#primaryimage","url":"https:\/\/www.friizit-mattertal.ch\/wp-content\/uploads\/2025\/03\/startup-594090-1024x683.jpg","contentUrl":"https:\/\/www.friizit-mattertal.ch\/wp-content\/uploads\/2025\/03\/startup-594090-1024x683.jpg"},{"@type":"BreadcrumbList","@id":"https:\/\/www.friizit-mattertal.ch\/pt-pt\/opcoes-de-financiamento\/#breadcrumb","itemListElement":[{"@type":"ListItem","position":1,"name":"Home","item":"https:\/\/www.friizit-mattertal.ch\/pt-pt\/"},{"@type":"ListItem","position":2,"name":"Op\u00e7\u00f5es de financiamento"}]},{"@type":"WebSite","@id":"https:\/\/www.friizit-mattertal.ch\/#website","url":"https:\/\/www.friizit-mattertal.ch\/","name":"Friizit Mattertal |\u00a0Deine Vereinsplattform f\u00fcr das Mattertal","description":"","publisher":{"@id":"https:\/\/www.friizit-mattertal.ch\/#organization"},"potentialAction":[{"@type":"SearchAction","target":{"@type":"EntryPoint","urlTemplate":"https:\/\/www.friizit-mattertal.ch\/?s={search_term_string}"},"query-input":{"@type":"PropertyValueSpecification","valueRequired":true,"valueName":"search_term_string"}}],"inLanguage":"pt-PT"},{"@type":"Organization","@id":"https:\/\/www.friizit-mattertal.ch\/#organization","name":"Friizit Mattertal |\u00a0Deine Vereinsplattform f\u00fcr das Mattertal","url":"https:\/\/www.friizit-mattertal.ch\/","logo":{"@type":"ImageObject","inLanguage":"pt-PT","@id":"https:\/\/www.friizit-mattertal.ch\/#\/schema\/logo\/image\/","url":"https:\/\/www.friizit-mattertal.ch\/wp-content\/uploads\/2024\/08\/jastow-icon-1.svg","contentUrl":"https:\/\/www.friizit-mattertal.ch\/wp-content\/uploads\/2024\/08\/jastow-icon-1.svg","width":64,"height":69,"caption":"Friizit Mattertal |\u00a0Deine Vereinsplattform f\u00fcr das Mattertal"},"image":{"@id":"https:\/\/www.friizit-mattertal.ch\/#\/schema\/logo\/image\/"}}]}},"_links":{"self":[{"href":"https:\/\/www.friizit-mattertal.ch\/pt-pt\/wp-json\/wp\/v2\/pages\/2325","targetHints":{"allow":["GET"]}}],"collection":[{"href":"https:\/\/www.friizit-mattertal.ch\/pt-pt\/wp-json\/wp\/v2\/pages"}],"about":[{"href":"https:\/\/www.friizit-mattertal.ch\/pt-pt\/wp-json\/wp\/v2\/types\/page"}],"author":[{"embeddable":true,"href":"https:\/\/www.friizit-mattertal.ch\/pt-pt\/wp-json\/wp\/v2\/users\/2"}],"replies":[{"embeddable":true,"href":"https:\/\/www.friizit-mattertal.ch\/pt-pt\/wp-json\/wp\/v2\/comments?post=2325"}],"version-history":[{"count":8,"href":"https:\/\/www.friizit-mattertal.ch\/pt-pt\/wp-json\/wp\/v2\/pages\/2325\/revisions"}],"predecessor-version":[{"id":2814,"href":"https:\/\/www.friizit-mattertal.ch\/pt-pt\/wp-json\/wp\/v2\/pages\/2325\/revisions\/2814"}],"wp:attachment":[{"href":"https:\/\/www.friizit-mattertal.ch\/pt-pt\/wp-json\/wp\/v2\/media?parent=2325"}],"curies":[{"name":"wp","href":"https:\/\/api.w.org\/{rel}","templated":true}]}}