{"id":2977,"date":"2025-05-14T06:24:23","date_gmt":"2025-05-14T06:24:23","guid":{"rendered":"https:\/\/www.friizit-mattertal.ch\/?page_id=2977"},"modified":"2026-02-19T09:56:04","modified_gmt":"2026-02-19T09:56:04","slug":"atualizacoes-do-friizit-mattertal","status":"publish","type":"page","link":"https:\/\/www.friizit-mattertal.ch\/pt-pt\/atualizacoes-do-friizit-mattertal\/","title":{"rendered":"Atualiza\u00e7\u00f5es do Friizit Mattertal"},"content":{"rendered":"\t\t<div data-elementor-type=\"wp-page\" data-elementor-id=\"2977\" class=\"elementor elementor-2977 elementor-2974\" data-elementor-post-type=\"page\">\n\t\t\t\t<div class=\"elementor-element elementor-element-e8e2f22 e-con-full e-flex e-con e-parent\" data-id=\"e8e2f22\" data-element_type=\"container\" data-e-type=\"container\">\n\t\t\t\t<div class=\"elementor-element elementor-element-3ac20f1 image-slider elementor-widget elementor-widget-image-carousel\" data-id=\"3ac20f1\" data-element_type=\"widget\" data-e-type=\"widget\" data-settings=\"{&quot;slides_to_show&quot;:&quot;3&quot;,&quot;navigation&quot;:&quot;none&quot;,&quot;image_spacing_custom&quot;:{&quot;unit&quot;:&quot;px&quot;,&quot;size&quot;:0,&quot;sizes&quot;:[]},&quot;autoplay&quot;:&quot;yes&quot;,&quot;autoplay_speed&quot;:5000,&quot;infinite&quot;:&quot;yes&quot;,&quot;speed&quot;:500,&quot;image_spacing_custom_tablet&quot;:{&quot;unit&quot;:&quot;px&quot;,&quot;size&quot;:&quot;&quot;,&quot;sizes&quot;:[]},&quot;image_spacing_custom_mobile&quot;:{&quot;unit&quot;:&quot;px&quot;,&quot;size&quot;:&quot;&quot;,&quot;sizes&quot;:[]}}\" data-widget_type=\"image-carousel.default\">\n\t\t\t\t<div class=\"elementor-widget-container\">\n\t\t\t\t\t\t\t<div class=\"elementor-image-carousel-wrapper swiper\" role=\"region\" aria-roledescription=\"carousel\" aria-label=\"Carrossel de imagens\" dir=\"ltr\">\n\t\t\t<div class=\"elementor-image-carousel swiper-wrapper swiper-image-stretch\" aria-live=\"off\">\n\t\t\t\t\t\t\t\t<div class=\"swiper-slide\" role=\"group\" aria-roledescription=\"slide\" aria-label=\"1 of 3\"><figure class=\"swiper-slide-inner\"><img decoding=\"async\" class=\"swiper-slide-image\" src=\"https:\/\/www.friizit-mattertal.ch\/wp-content\/uploads\/2025\/05\/news-alert-ankundigung-broadcast-artikelkonzept-1024x1024.jpg\" alt=\"News Alert Announcement Broadcast Article Concept\" \/><\/figure><\/div><div class=\"swiper-slide\" role=\"group\" aria-roledescription=\"slide\" aria-label=\"2 of 3\"><figure class=\"swiper-slide-inner\"><img decoding=\"async\" class=\"swiper-slide-image\" src=\"https:\/\/www.friizit-mattertal.ch\/wp-content\/uploads\/2025\/05\/mann-liest-zeitung-1024x683.jpg\" alt=\"mann-liest-zeitung\" \/><\/figure><\/div><div class=\"swiper-slide\" role=\"group\" aria-roledescription=\"slide\" aria-label=\"3 of 3\"><figure class=\"swiper-slide-inner\"><img decoding=\"async\" class=\"swiper-slide-image\" src=\"https:\/\/www.friizit-mattertal.ch\/wp-content\/uploads\/2025\/05\/grafik-overlay-hintergrund-der-netzwerkverbindung-auf-dem-computerbildschirm-1024x614.jpg\" alt=\"Network connection graphic overlay background on computer screen\" \/><\/figure><\/div>\t\t\t<\/div>\n\t\t\t\t\t\t\t\n\t\t\t\t\t\t\t\t\t<\/div>\n\t\t\t\t\t\t<\/div>\n\t\t\t\t<\/div>\n\t\t\t\t<\/div>\n\t\t<div class=\"elementor-element elementor-element-81bdf6b e-con-full breadcrumb e-flex e-con e-parent\" data-id=\"81bdf6b\" data-element_type=\"container\" data-e-type=\"container\">\n\t\t\t\t<div class=\"elementor-element elementor-element-3866760 elementor-widget elementor-widget-shortcode\" data-id=\"3866760\" data-element_type=\"widget\" data-e-type=\"widget\" data-widget_type=\"shortcode.default\">\n\t\t\t\t<div class=\"elementor-widget-container\">\n\t\t\t\t\t\t\t<div class=\"elementor-shortcode\"><span><span><a href=\"https:\/\/www.friizit-mattertal.ch\/pt-pt\/\">Home<\/a><\/span><\/span>\n<\/div>\n\t\t\t\t\t\t<\/div>\n\t\t\t\t<\/div>\n\t\t\t\t<\/div>\n\t\t<section class=\"elementor-element elementor-element-f9449d0 e-flex e-con-boxed elementor-invisible e-con e-parent\" data-id=\"f9449d0\" data-element_type=\"container\" data-e-type=\"container\" data-settings=\"{&quot;animation&quot;:&quot;fadeInUp&quot;}\">\n\t\t\t\t\t<div class=\"e-con-inner\">\n\t\t\t\t<div class=\"elementor-element elementor-element-d57f4a8 elementor-widget elementor-widget-heading\" data-id=\"d57f4a8\" data-element_type=\"widget\" data-e-type=\"widget\" data-widget_type=\"heading.default\">\n\t\t\t\t<div class=\"elementor-widget-container\">\n\t\t\t\t\t<h1 class=\"elementor-heading-title elementor-size-default\">Atualiza\u00e7\u00f5es do Friizit Mattertal<\/h1>\t\t\t\t<\/div>\n\t\t\t\t<\/div>\n\t\t\t\t\t<\/div>\n\t\t\t\t<\/section>\n\t\t<section class=\"elementor-element elementor-element-4988f0d e-flex e-con-boxed e-con e-parent\" data-id=\"4988f0d\" data-element_type=\"container\" data-e-type=\"container\">\n\t\t\t\t\t<div class=\"e-con-inner\">\n\t\t\t\t<div class=\"elementor-element elementor-element-ad40d74 elementor-widget elementor-widget-text-editor\" data-id=\"ad40d74\" data-element_type=\"widget\" data-e-type=\"widget\" data-widget_type=\"text-editor.default\">\n\t\t\t\t<div class=\"elementor-widget-container\">\n\t\t\t\t\t\t\t\t\t<h3 data-start=\"1856\" data-end=\"1902\"><strong data-start=\"1865\" data-end=\"1902\">\ud83d\udcf0 Todas as novidades num s\u00f3 olhar<\/strong><\/h3><p data-start=\"1904\" data-end=\"2077\">Aqui encontras todas as atualiza\u00e7\u00f5es importantes da plataforma Friizit Mattertal. O que foi adicionado? O que mudou? E o que j\u00e1 existe h\u00e1 algum tempo? Mantemos-te informado!<\/p><p data-start=\"1904\" data-end=\"2077\">\u00a0<\/p><h3 data-start=\"2507\" data-end=\"2593\">Abril 2025 \u2013 Atualiza\u00e7\u00f5es:<\/h3><h4 data-start=\"2507\" data-end=\"2593\">\ud83d\udccb <strong data-start=\"2557\" data-end=\"2591\">Lista de <a href=\"https:\/\/www.friizit-mattertal.ch\/pt-pt\/verein\/\" target=\"_blank\" rel=\"noopener\">associa\u00e7\u00f5es melhorada<\/a><\/strong><\/h4><ul data-start=\"2594\" data-end=\"2759\"><li data-start=\"2594\" data-end=\"2661\"><p data-start=\"2596\" data-end=\"2661\"><strong>Mais filtros para pesquisa por tema<\/strong>, idade ou tipo de atividade<\/p><\/li><li data-start=\"2662\" data-end=\"2707\"><p data-start=\"2664\" data-end=\"2707\"><strong>Upload de logotipo<\/strong> e imagem da associa\u00e7\u00e3o<\/p><\/li><li data-start=\"2708\" data-end=\"2759\"><p data-start=\"2710\" data-end=\"2759\"><strong>Programas anuais<\/strong> podem ser adicionados aos perfis<\/p><\/li><\/ul><h4 data-start=\"2761\" data-end=\"2848\">\ud83d\udd0e <strong data-start=\"2764\" data-end=\"2801\">Nova sec\u00e7\u00e3o: <a href=\"https:\/\/www.friizit-mattertal.ch\/pt-pt\/procurado-encontrado\/\" target=\"_blank\" rel=\"noopener\">Procurar &amp; Encontrar<\/a><\/strong><\/h4><p data-start=\"2761\" data-end=\"2848\">Uma plataforma para trocas e colabora\u00e7\u00f5es:<\/p><ul data-start=\"2849\" data-end=\"2972\"><li data-start=\"2849\" data-end=\"2926\"><p data-start=\"2851\" data-end=\"2926\"><a href=\"https:\/\/www.friizit-mattertal.ch\/pt-pt\/pagina-de-anuncios\/\" target=\"_blank\" rel=\"noopener\"><strong data-start=\"2851\" data-end=\"2863\">An\u00fancios<\/strong><\/a>: Publica o que procuras ou ofereces (ajuda, materiais, etc.)<\/p><\/li><li data-start=\"2927\" data-end=\"2972\"><p data-start=\"2929\" data-end=\"2972\">Ideal para associa\u00e7\u00f5es, grupos e indiv\u00edduos<\/p><\/li><\/ul><h4 data-start=\"2974\" data-end=\"3318\">\ud83e\udde9 <strong data-start=\"2977\" data-end=\"3024\">Novas p\u00e1ginas informativas para associa\u00e7\u00f5es<\/strong><\/h4><ul><li data-start=\"2974\" data-end=\"3318\"><a href=\"https:\/\/www.friizit-mattertal.ch\/pt-pt\/trabalho-associativo\/\" target=\"_blank\" rel=\"noopener\"><strong data-start=\"3027\" data-end=\"3051\">Trabalho associativo<\/strong><\/a>: Fun\u00e7\u00f5es no comit\u00e9, ferramentas digitais, modelos \u00fateis<\/li><li data-start=\"2974\" data-end=\"3318\"><a href=\"https:\/\/www.friizit-mattertal.ch\/pt-pt\/criacao-de-uma-associacao\/\" target=\"_blank\" rel=\"noopener\"><strong data-start=\"3110\" data-end=\"3136\">Cria\u00e7\u00e3o de associa\u00e7\u00f5es<\/strong><\/a>: Guia passo a passo com base jur\u00eddica<\/li><li data-start=\"2974\" data-end=\"3318\"><a href=\"https:\/\/www.friizit-mattertal.ch\/pt-pt\/opcoes-de-financiamento\/\" target=\"_blank\" rel=\"noopener\"><strong data-start=\"3177\" data-end=\"3194\">Financiamento<\/strong><\/a>: Apoios, ideias de angaria\u00e7\u00e3o de fundos, dicas de candidatura<\/li><li data-start=\"2974\" data-end=\"3318\"><a href=\"https:\/\/www.friizit-mattertal.ch\/pt-pt\/voluntarios-para-eventos\/\" target=\"_blank\" rel=\"noopener\"><strong data-start=\"3259\" data-end=\"3278\">Apoio a eventos<\/strong><\/a>: Encontra ou oferece ajuda para eventos<\/li><\/ul><hr \/><h3 data-start=\"2079\" data-end=\"2505\">2024 \u2013 <strong data-start=\"2081\" data-end=\"2127\">Estes conte\u00fados j\u00e1 existiam desde o in\u00edcio<\/strong>:<\/h3><ul><li data-start=\"2079\" data-end=\"2505\"><a href=\"https:\/\/www.friizit-mattertal.ch\/pt-pt\/verein\/\" target=\"_blank\" rel=\"noopener\"><strong data-start=\"2131\" data-end=\"2155\">Lista de associa\u00e7\u00f5es<\/strong><\/a><br data-start=\"2155\" data-end=\"2158\" \/>Todas as associa\u00e7\u00f5es ativas no Mattertal \u2013 com contactos e possibilidades de participa\u00e7\u00e3o.<\/li><li data-start=\"2079\" data-end=\"2505\"><a href=\"https:\/\/www.friizit-mattertal.ch\/pt-pt\/dossie-do-evento\/\" target=\"_blank\" rel=\"noopener\"><strong data-start=\"2251\" data-end=\"2273\">Dossier de eventos<\/strong><\/a><br data-start=\"2273\" data-end=\"2276\" \/>Modelo simples para quem quer organizar um evento.<\/li><li data-start=\"2079\" data-end=\"2505\"><a href=\"https:\/\/www.friizit-mattertal.ch\/pt-pt\/links-uteis\/\" target=\"_blank\" rel=\"noopener\"><strong data-start=\"2329\" data-end=\"2344\">Links \u00fateis<\/strong><\/a><br data-start=\"2344\" data-end=\"2347\" \/>Acesso direto a ferramentas e recursos sobre organiza\u00e7\u00e3o de eventos.<\/li><li data-start=\"2079\" data-end=\"2505\"><a href=\"https:\/\/ztnet.ch\/de\/Aktuelles\/Agenda\" target=\"_blank\" rel=\"noopener\"><strong data-start=\"2418\" data-end=\"2443\">Calend\u00e1rio de eventos<\/strong><\/a><br data-start=\"2443\" data-end=\"2446\" \/>Todos os eventos p\u00fablicos da regi\u00e3o num calend\u00e1rio pr\u00e1tico.<\/li><\/ul><p data-start=\"3320\" data-end=\"3460\">\ud83d\udce2 <strong data-start=\"3323\" data-end=\"3332\">Nota:<\/strong> O Friizit Mattertal est\u00e1 sempre a crescer \u2013 visita-nos regularmente ou segue-nos no Instagram para ficares a par das novidades!<\/p>\t\t\t\t\t\t\t\t<\/div>\n\t\t\t\t<\/div>\n\t\t\t\t\t<\/div>\n\t\t\t\t<\/section>\n\t\t\t\t<\/div>\n\t\t","protected":false},"excerpt":{"rendered":"<p>Atualiza\u00e7\u00f5es do Friizit Mattertal \ud83d\udcf0 Todas as novidades num s\u00f3 olhar Aqui encontras todas as atualiza\u00e7\u00f5es importantes da plataforma Friizit Mattertal. O que foi adicionado? O que mudou? E o que j\u00e1 existe h\u00e1 algum tempo? Mantemos-te informado! \u00a0 Abril 2025 \u2013 Atualiza\u00e7\u00f5es: \ud83d\udccb Lista de associa\u00e7\u00f5es melhorada Mais filtros para pesquisa por tema, idade [&hellip;]<\/p>\n","protected":false},"author":2,"featured_media":0,"parent":0,"menu_order":0,"comment_status":"closed","ping_status":"closed","template":"","meta":{"_acf_changed":false,"footnotes":""},"class_list":["post-2977","page","type-page","status-publish","hentry"],"acf":[],"yoast_head":"<!-- This site is optimized with the Yoast SEO plugin v27.5 - https:\/\/yoast.com\/product\/yoast-seo-wordpress\/ -->\n<title>Atualiza\u00e7\u00f5es do Friizit Mattertal &#8211; Friizit Mattertal |\u00a0Deine Vereinsplattform f\u00fcr das Mattertal<\/title>\n<meta name=\"description\" content=\"Event-Dossier \u2013 Wenn du eine Veranstaltung organisieren m\u00f6chtest gibt es einige Dinge, die du beachten und bei der Gemeinde einreichen musst. Hier findest du alle ben\u00f6tigten Informationen.\" \/>\n<meta name=\"robots\" content=\"index, follow, max-snippet:-1, max-image-preview:large, max-video-preview:-1\" \/>\n<link rel=\"canonical\" href=\"https:\/\/www.friizit-mattertal.ch\/pt-pt\/atualizacoes-do-friizit-mattertal\/\" \/>\n<meta property=\"og:locale\" content=\"pt_PT\" \/>\n<meta property=\"og:type\" content=\"article\" \/>\n<meta property=\"og:title\" content=\"Atualiza\u00e7\u00f5es do Friizit Mattertal &#8211; Friizit Mattertal |\u00a0Deine Vereinsplattform f\u00fcr das Mattertal\" \/>\n<meta property=\"og:description\" content=\"Event-Dossier \u2013 Wenn du eine Veranstaltung organisieren m\u00f6chtest gibt es einige Dinge, die du beachten und bei der Gemeinde einreichen musst. Hier findest du alle ben\u00f6tigten Informationen.\" \/>\n<meta property=\"og:url\" content=\"https:\/\/www.friizit-mattertal.ch\/pt-pt\/atualizacoes-do-friizit-mattertal\/\" \/>\n<meta property=\"og:site_name\" content=\"Friizit Mattertal\" \/>\n<meta property=\"article:modified_time\" content=\"2026-02-19T09:56:04+00:00\" \/>\n<meta property=\"og:image\" content=\"https:\/\/www.friizit-mattertal.ch\/wp-content\/uploads\/2025\/05\/news-alert-ankundigung-broadcast-artikelkonzept-1024x1024.jpg\" \/>\n<meta name=\"twitter:card\" content=\"summary_large_image\" \/>\n<meta name=\"twitter:label1\" content=\"Tempo estimado de leitura\" \/>\n\t<meta name=\"twitter:data1\" content=\"4 minutos\" \/>\n<script type=\"application\/ld+json\" class=\"yoast-schema-graph\">{\"@context\":\"https:\\\/\\\/schema.org\",\"@graph\":[{\"@type\":\"WebPage\",\"@id\":\"https:\\\/\\\/www.friizit-mattertal.ch\\\/pt-pt\\\/atualizacoes-do-friizit-mattertal\\\/\",\"url\":\"https:\\\/\\\/www.friizit-mattertal.ch\\\/pt-pt\\\/atualizacoes-do-friizit-mattertal\\\/\",\"name\":\"Atualiza\u00e7\u00f5es do Friizit Mattertal &#8211; Friizit Mattertal |\u00a0Deine Vereinsplattform f\u00fcr das Mattertal\",\"isPartOf\":{\"@id\":\"https:\\\/\\\/www.friizit-mattertal.ch\\\/#website\"},\"primaryImageOfPage\":{\"@id\":\"https:\\\/\\\/www.friizit-mattertal.ch\\\/pt-pt\\\/atualizacoes-do-friizit-mattertal\\\/#primaryimage\"},\"image\":{\"@id\":\"https:\\\/\\\/www.friizit-mattertal.ch\\\/pt-pt\\\/atualizacoes-do-friizit-mattertal\\\/#primaryimage\"},\"thumbnailUrl\":\"https:\\\/\\\/www.friizit-mattertal.ch\\\/wp-content\\\/uploads\\\/2025\\\/05\\\/news-alert-ankundigung-broadcast-artikelkonzept-1024x1024.jpg\",\"datePublished\":\"2025-05-14T06:24:23+00:00\",\"dateModified\":\"2026-02-19T09:56:04+00:00\",\"description\":\"Event-Dossier \u2013 Wenn du eine Veranstaltung organisieren m\u00f6chtest gibt es einige Dinge, die du beachten und bei der Gemeinde einreichen musst. Hier findest du alle ben\u00f6tigten Informationen.\",\"breadcrumb\":{\"@id\":\"https:\\\/\\\/www.friizit-mattertal.ch\\\/pt-pt\\\/atualizacoes-do-friizit-mattertal\\\/#breadcrumb\"},\"inLanguage\":\"pt-PT\",\"potentialAction\":[{\"@type\":\"ReadAction\",\"target\":[\"https:\\\/\\\/www.friizit-mattertal.ch\\\/pt-pt\\\/atualizacoes-do-friizit-mattertal\\\/\"]}]},{\"@type\":\"ImageObject\",\"inLanguage\":\"pt-PT\",\"@id\":\"https:\\\/\\\/www.friizit-mattertal.ch\\\/pt-pt\\\/atualizacoes-do-friizit-mattertal\\\/#primaryimage\",\"url\":\"https:\\\/\\\/www.friizit-mattertal.ch\\\/wp-content\\\/uploads\\\/2025\\\/05\\\/news-alert-ankundigung-broadcast-artikelkonzept-1024x1024.jpg\",\"contentUrl\":\"https:\\\/\\\/www.friizit-mattertal.ch\\\/wp-content\\\/uploads\\\/2025\\\/05\\\/news-alert-ankundigung-broadcast-artikelkonzept-1024x1024.jpg\"},{\"@type\":\"BreadcrumbList\",\"@id\":\"https:\\\/\\\/www.friizit-mattertal.ch\\\/pt-pt\\\/atualizacoes-do-friizit-mattertal\\\/#breadcrumb\",\"itemListElement\":[{\"@type\":\"ListItem\",\"position\":1,\"name\":\"Home\",\"item\":\"https:\\\/\\\/www.friizit-mattertal.ch\\\/pt-pt\\\/\"},{\"@type\":\"ListItem\",\"position\":2,\"name\":\"Atualiza\u00e7\u00f5es do Friizit Mattertal\"}]},{\"@type\":\"WebSite\",\"@id\":\"https:\\\/\\\/www.friizit-mattertal.ch\\\/#website\",\"url\":\"https:\\\/\\\/www.friizit-mattertal.ch\\\/\",\"name\":\"Friizit Mattertal |\u00a0Deine Vereinsplattform f\u00fcr das Mattertal\",\"description\":\"\",\"publisher\":{\"@id\":\"https:\\\/\\\/www.friizit-mattertal.ch\\\/#organization\"},\"potentialAction\":[{\"@type\":\"SearchAction\",\"target\":{\"@type\":\"EntryPoint\",\"urlTemplate\":\"https:\\\/\\\/www.friizit-mattertal.ch\\\/?s={search_term_string}\"},\"query-input\":{\"@type\":\"PropertyValueSpecification\",\"valueRequired\":true,\"valueName\":\"search_term_string\"}}],\"inLanguage\":\"pt-PT\"},{\"@type\":\"Organization\",\"@id\":\"https:\\\/\\\/www.friizit-mattertal.ch\\\/#organization\",\"name\":\"Friizit Mattertal |\u00a0Deine Vereinsplattform f\u00fcr das Mattertal\",\"url\":\"https:\\\/\\\/www.friizit-mattertal.ch\\\/\",\"logo\":{\"@type\":\"ImageObject\",\"inLanguage\":\"pt-PT\",\"@id\":\"https:\\\/\\\/www.friizit-mattertal.ch\\\/#\\\/schema\\\/logo\\\/image\\\/\",\"url\":\"https:\\\/\\\/www.friizit-mattertal.ch\\\/wp-content\\\/uploads\\\/2024\\\/08\\\/jastow-icon-1.svg\",\"contentUrl\":\"https:\\\/\\\/www.friizit-mattertal.ch\\\/wp-content\\\/uploads\\\/2024\\\/08\\\/jastow-icon-1.svg\",\"width\":64,\"height\":69,\"caption\":\"Friizit Mattertal |\u00a0Deine Vereinsplattform f\u00fcr das Mattertal\"},\"image\":{\"@id\":\"https:\\\/\\\/www.friizit-mattertal.ch\\\/#\\\/schema\\\/logo\\\/image\\\/\"}}]}<\/script>\n<!-- \/ Yoast SEO plugin. -->","yoast_head_json":{"title":"Atualiza\u00e7\u00f5es do Friizit Mattertal &#8211; Friizit Mattertal |\u00a0Deine Vereinsplattform f\u00fcr das Mattertal","description":"Event-Dossier \u2013 Wenn du eine Veranstaltung organisieren m\u00f6chtest gibt es einige Dinge, die du beachten und bei der Gemeinde einreichen musst. Hier findest du alle ben\u00f6tigten Informationen.","robots":{"index":"index","follow":"follow","max-snippet":"max-snippet:-1","max-image-preview":"max-image-preview:large","max-video-preview":"max-video-preview:-1"},"canonical":"https:\/\/www.friizit-mattertal.ch\/pt-pt\/atualizacoes-do-friizit-mattertal\/","og_locale":"pt_PT","og_type":"article","og_title":"Atualiza\u00e7\u00f5es do Friizit Mattertal &#8211; Friizit Mattertal |\u00a0Deine Vereinsplattform f\u00fcr das Mattertal","og_description":"Event-Dossier \u2013 Wenn du eine Veranstaltung organisieren m\u00f6chtest gibt es einige Dinge, die du beachten und bei der Gemeinde einreichen musst. Hier findest du alle ben\u00f6tigten Informationen.","og_url":"https:\/\/www.friizit-mattertal.ch\/pt-pt\/atualizacoes-do-friizit-mattertal\/","og_site_name":"Friizit Mattertal","article_modified_time":"2026-02-19T09:56:04+00:00","og_image":[{"url":"https:\/\/www.friizit-mattertal.ch\/wp-content\/uploads\/2025\/05\/news-alert-ankundigung-broadcast-artikelkonzept-1024x1024.jpg","type":"","width":"","height":""}],"twitter_card":"summary_large_image","twitter_misc":{"Tempo estimado de leitura":"4 minutos"},"schema":{"@context":"https:\/\/schema.org","@graph":[{"@type":"WebPage","@id":"https:\/\/www.friizit-mattertal.ch\/pt-pt\/atualizacoes-do-friizit-mattertal\/","url":"https:\/\/www.friizit-mattertal.ch\/pt-pt\/atualizacoes-do-friizit-mattertal\/","name":"Atualiza\u00e7\u00f5es do Friizit Mattertal &#8211; Friizit Mattertal |\u00a0Deine Vereinsplattform f\u00fcr das Mattertal","isPartOf":{"@id":"https:\/\/www.friizit-mattertal.ch\/#website"},"primaryImageOfPage":{"@id":"https:\/\/www.friizit-mattertal.ch\/pt-pt\/atualizacoes-do-friizit-mattertal\/#primaryimage"},"image":{"@id":"https:\/\/www.friizit-mattertal.ch\/pt-pt\/atualizacoes-do-friizit-mattertal\/#primaryimage"},"thumbnailUrl":"https:\/\/www.friizit-mattertal.ch\/wp-content\/uploads\/2025\/05\/news-alert-ankundigung-broadcast-artikelkonzept-1024x1024.jpg","datePublished":"2025-05-14T06:24:23+00:00","dateModified":"2026-02-19T09:56:04+00:00","description":"Event-Dossier \u2013 Wenn du eine Veranstaltung organisieren m\u00f6chtest gibt es einige Dinge, die du beachten und bei der Gemeinde einreichen musst. Hier findest du alle ben\u00f6tigten Informationen.","breadcrumb":{"@id":"https:\/\/www.friizit-mattertal.ch\/pt-pt\/atualizacoes-do-friizit-mattertal\/#breadcrumb"},"inLanguage":"pt-PT","potentialAction":[{"@type":"ReadAction","target":["https:\/\/www.friizit-mattertal.ch\/pt-pt\/atualizacoes-do-friizit-mattertal\/"]}]},{"@type":"ImageObject","inLanguage":"pt-PT","@id":"https:\/\/www.friizit-mattertal.ch\/pt-pt\/atualizacoes-do-friizit-mattertal\/#primaryimage","url":"https:\/\/www.friizit-mattertal.ch\/wp-content\/uploads\/2025\/05\/news-alert-ankundigung-broadcast-artikelkonzept-1024x1024.jpg","contentUrl":"https:\/\/www.friizit-mattertal.ch\/wp-content\/uploads\/2025\/05\/news-alert-ankundigung-broadcast-artikelkonzept-1024x1024.jpg"},{"@type":"BreadcrumbList","@id":"https:\/\/www.friizit-mattertal.ch\/pt-pt\/atualizacoes-do-friizit-mattertal\/#breadcrumb","itemListElement":[{"@type":"ListItem","position":1,"name":"Home","item":"https:\/\/www.friizit-mattertal.ch\/pt-pt\/"},{"@type":"ListItem","position":2,"name":"Atualiza\u00e7\u00f5es do Friizit Mattertal"}]},{"@type":"WebSite","@id":"https:\/\/www.friizit-mattertal.ch\/#website","url":"https:\/\/www.friizit-mattertal.ch\/","name":"Friizit Mattertal |\u00a0Deine Vereinsplattform f\u00fcr das Mattertal","description":"","publisher":{"@id":"https:\/\/www.friizit-mattertal.ch\/#organization"},"potentialAction":[{"@type":"SearchAction","target":{"@type":"EntryPoint","urlTemplate":"https:\/\/www.friizit-mattertal.ch\/?s={search_term_string}"},"query-input":{"@type":"PropertyValueSpecification","valueRequired":true,"valueName":"search_term_string"}}],"inLanguage":"pt-PT"},{"@type":"Organization","@id":"https:\/\/www.friizit-mattertal.ch\/#organization","name":"Friizit Mattertal |\u00a0Deine Vereinsplattform f\u00fcr das Mattertal","url":"https:\/\/www.friizit-mattertal.ch\/","logo":{"@type":"ImageObject","inLanguage":"pt-PT","@id":"https:\/\/www.friizit-mattertal.ch\/#\/schema\/logo\/image\/","url":"https:\/\/www.friizit-mattertal.ch\/wp-content\/uploads\/2024\/08\/jastow-icon-1.svg","contentUrl":"https:\/\/www.friizit-mattertal.ch\/wp-content\/uploads\/2024\/08\/jastow-icon-1.svg","width":64,"height":69,"caption":"Friizit Mattertal |\u00a0Deine Vereinsplattform f\u00fcr das Mattertal"},"image":{"@id":"https:\/\/www.friizit-mattertal.ch\/#\/schema\/logo\/image\/"}}]}},"_links":{"self":[{"href":"https:\/\/www.friizit-mattertal.ch\/pt-pt\/wp-json\/wp\/v2\/pages\/2977","targetHints":{"allow":["GET"]}}],"collection":[{"href":"https:\/\/www.friizit-mattertal.ch\/pt-pt\/wp-json\/wp\/v2\/pages"}],"about":[{"href":"https:\/\/www.friizit-mattertal.ch\/pt-pt\/wp-json\/wp\/v2\/types\/page"}],"author":[{"embeddable":true,"href":"https:\/\/www.friizit-mattertal.ch\/pt-pt\/wp-json\/wp\/v2\/users\/2"}],"replies":[{"embeddable":true,"href":"https:\/\/www.friizit-mattertal.ch\/pt-pt\/wp-json\/wp\/v2\/comments?post=2977"}],"version-history":[{"count":25,"href":"https:\/\/www.friizit-mattertal.ch\/pt-pt\/wp-json\/wp\/v2\/pages\/2977\/revisions"}],"predecessor-version":[{"id":4678,"href":"https:\/\/www.friizit-mattertal.ch\/pt-pt\/wp-json\/wp\/v2\/pages\/2977\/revisions\/4678"}],"wp:attachment":[{"href":"https:\/\/www.friizit-mattertal.ch\/pt-pt\/wp-json\/wp\/v2\/media?parent=2977"}],"curies":[{"name":"wp","href":"https:\/\/api.w.org\/{rel}","templated":true}]}}