{"id":3153,"date":"2025-05-14T14:10:12","date_gmt":"2025-05-14T14:10:12","guid":{"rendered":"https:\/\/www.friizit-mattertal.ch\/?page_id=3153"},"modified":"2025-05-14T14:24:39","modified_gmt":"2025-05-14T14:24:39","slug":"quem-somos-nos","status":"publish","type":"page","link":"https:\/\/www.friizit-mattertal.ch\/pt-pt\/quem-somos-nos\/","title":{"rendered":"Quem somos n\u00f3s?"},"content":{"rendered":"\t\t<div data-elementor-type=\"wp-page\" data-elementor-id=\"3153\" class=\"elementor elementor-3153 elementor-3150\" data-elementor-post-type=\"page\">\n\t\t\t\t<div class=\"elementor-element elementor-element-af92f08 e-con-full e-flex e-con e-parent\" data-id=\"af92f08\" data-element_type=\"container\" data-e-type=\"container\">\n\t\t\t\t<div class=\"elementor-element elementor-element-8f59db9 image-slider elementor-widget elementor-widget-image-carousel\" data-id=\"8f59db9\" data-element_type=\"widget\" data-e-type=\"widget\" data-settings=\"{&quot;slides_to_show&quot;:&quot;3&quot;,&quot;navigation&quot;:&quot;none&quot;,&quot;image_spacing_custom&quot;:{&quot;unit&quot;:&quot;px&quot;,&quot;size&quot;:0,&quot;sizes&quot;:[]},&quot;autoplay&quot;:&quot;yes&quot;,&quot;autoplay_speed&quot;:5000,&quot;infinite&quot;:&quot;yes&quot;,&quot;speed&quot;:500,&quot;image_spacing_custom_tablet&quot;:{&quot;unit&quot;:&quot;px&quot;,&quot;size&quot;:&quot;&quot;,&quot;sizes&quot;:[]},&quot;image_spacing_custom_mobile&quot;:{&quot;unit&quot;:&quot;px&quot;,&quot;size&quot;:&quot;&quot;,&quot;sizes&quot;:[]}}\" data-widget_type=\"image-carousel.default\">\n\t\t\t\t<div class=\"elementor-widget-container\">\n\t\t\t\t\t\t\t<div class=\"elementor-image-carousel-wrapper swiper\" role=\"region\" aria-roledescription=\"carousel\" aria-label=\"Carrossel de imagens\" dir=\"ltr\">\n\t\t\t<div class=\"elementor-image-carousel swiper-wrapper swiper-image-stretch\" aria-live=\"off\">\n\t\t\t\t\t\t\t\t<div class=\"swiper-slide\" role=\"group\" aria-roledescription=\"slide\" aria-label=\"1 of 5\"><figure class=\"swiper-slide-inner\"><img decoding=\"async\" class=\"swiper-slide-image\" src=\"https:\/\/www.friizit-mattertal.ch\/wp-content\/uploads\/2024\/08\/378327a7-d376-46f5-b1e7-b3312b6f9aca-1024x577.jpg\" alt=\"378327a7-d376-46f5-b1e7-b3312b6f9aca\" \/><\/figure><\/div><div class=\"swiper-slide\" role=\"group\" aria-roledescription=\"slide\" aria-label=\"2 of 5\"><figure class=\"swiper-slide-inner\"><img decoding=\"async\" class=\"swiper-slide-image\" src=\"https:\/\/www.friizit-mattertal.ch\/wp-content\/uploads\/2024\/08\/JFW-SM2018-40-1024x683.jpg\" alt=\"JFW-SM2018-40\" \/><\/figure><\/div><div class=\"swiper-slide\" role=\"group\" aria-roledescription=\"slide\" aria-label=\"3 of 5\"><figure class=\"swiper-slide-inner\"><img decoding=\"async\" class=\"swiper-slide-image\" src=\"https:\/\/www.friizit-mattertal.ch\/wp-content\/uploads\/2024\/08\/Bikeclub-Mattertal-1024x683.jpg\" alt=\"Bikeclub Mattertal\" \/><\/figure><\/div><div class=\"swiper-slide\" role=\"group\" aria-roledescription=\"slide\" aria-label=\"4 of 5\"><figure class=\"swiper-slide-inner\"><img decoding=\"async\" class=\"swiper-slide-image\" src=\"https:\/\/www.friizit-mattertal.ch\/wp-content\/uploads\/2024\/08\/1657895670-1024x768.jpg\" alt=\"1657895670\" \/><\/figure><\/div><div class=\"swiper-slide\" role=\"group\" aria-roledescription=\"slide\" aria-label=\"5 of 5\"><figure class=\"swiper-slide-inner\"><img decoding=\"async\" class=\"swiper-slide-image\" src=\"https:\/\/www.friizit-mattertal.ch\/wp-content\/uploads\/2024\/08\/20220627_1933421-2048x1536-1-1024x768.jpg\" alt=\"20220627_1933421-2048x1536\" \/><\/figure><\/div>\t\t\t<\/div>\n\t\t\t\t\t\t\t\n\t\t\t\t\t\t\t\t\t<\/div>\n\t\t\t\t\t\t<\/div>\n\t\t\t\t<\/div>\n\t\t\t\t<\/div>\n\t\t<div class=\"elementor-element elementor-element-45d5cb9 e-con-full breadcrumb e-flex e-con e-parent\" data-id=\"45d5cb9\" data-element_type=\"container\" data-e-type=\"container\">\n\t\t\t\t<div class=\"elementor-element elementor-element-4ac1830 elementor-widget elementor-widget-shortcode\" data-id=\"4ac1830\" data-element_type=\"widget\" data-e-type=\"widget\" data-widget_type=\"shortcode.default\">\n\t\t\t\t<div class=\"elementor-widget-container\">\n\t\t\t\t\t\t\t<div class=\"elementor-shortcode\"><span><span><a href=\"https:\/\/www.friizit-mattertal.ch\/pt-pt\/\">Home<\/a><\/span><\/span>\n<\/div>\n\t\t\t\t\t\t<\/div>\n\t\t\t\t<\/div>\n\t\t\t\t<\/div>\n\t\t<section class=\"elementor-element elementor-element-e0e3794 e-flex e-con-boxed elementor-invisible e-con e-parent\" data-id=\"e0e3794\" data-element_type=\"container\" data-e-type=\"container\" data-settings=\"{&quot;animation&quot;:&quot;fadeInUp&quot;}\">\n\t\t\t\t\t<div class=\"e-con-inner\">\n\t\t\t\t<div class=\"elementor-element elementor-element-2f7cca3 elementor-widget elementor-widget-heading\" data-id=\"2f7cca3\" data-element_type=\"widget\" data-e-type=\"widget\" data-widget_type=\"heading.default\">\n\t\t\t\t<div class=\"elementor-widget-container\">\n\t\t\t\t\t<h1 class=\"elementor-heading-title elementor-size-default\">Quem somos n\u00f3s?<\/h1>\t\t\t\t<\/div>\n\t\t\t\t<\/div>\n\t\t\t\t<div class=\"elementor-element elementor-element-d0411cf elementor-widget elementor-widget-text-editor\" data-id=\"d0411cf\" data-element_type=\"widget\" data-e-type=\"widget\" data-widget_type=\"text-editor.default\">\n\t\t\t\t<div class=\"elementor-widget-container\">\n\t\t\t\t\t\t\t\t\t<p class=\"\" data-start=\"2666\" data-end=\"2871\"><strong data-start=\"2666\" data-end=\"2687\">Friizit Mattertal<\/strong> \u00e9 uma iniciativa da <strong data-start=\"2708\" data-end=\"2756\">Jugendarbeitsstelle Mattertal (JAST)<\/strong>. Queremos fortalecer a vida associativa local e torn\u00e1-la vis\u00edvel \u2013 tanto para residentes como para rec\u00e9m-chegados.<\/p><p class=\"\" data-start=\"2873\" data-end=\"2936\">A plataforma de associa\u00e7\u00f5es \u00e9 uma parte essencial desta miss\u00e3o.<\/p><h3 class=\"\" data-start=\"2943\" data-end=\"2983\">\ud83c\udf0d O que queremos com a plataforma<\/h3><p class=\"\" data-start=\"2984\" data-end=\"3178\">Nem todos sabem quantas associa\u00e7\u00f5es existem no Mattertal. Por isso, <strong data-start=\"3052\" data-end=\"3073\">Friizit Mattertal<\/strong> re\u00fane num s\u00f3 lugar as principais informa\u00e7\u00f5es sobre as associa\u00e7\u00f5es de <strong data-start=\"3143\" data-end=\"3152\">Randa<\/strong>, <strong data-start=\"3154\" data-end=\"3163\">T\u00e4sch<\/strong> e <strong data-start=\"3166\" data-end=\"3177\">Zermatt<\/strong>.<\/p><p class=\"\" data-start=\"3180\" data-end=\"3359\"><strong data-start=\"3180\" data-end=\"3194\">Objetivos:<\/strong><br data-start=\"3194\" data-end=\"3197\" \/>\u2022 \ud83d\udd0d Dar visibilidade \u00e0s associa\u00e7\u00f5es<br data-start=\"3233\" data-end=\"3236\" \/>\u2022 \u2705 Facilitar o acesso \u00e0 informa\u00e7\u00e3o<br data-start=\"3271\" data-end=\"3274\" \/>\u2022 \u267b\ufe0f Promover colabora\u00e7\u00e3o entre associa\u00e7\u00f5es<br data-start=\"3317\" data-end=\"3320\" \/>\u2022 \ud83d\ude80 Reunir e divulgar ofertas de lazer<\/p><p class=\"\" data-start=\"3361\" data-end=\"3442\">O conte\u00fado \u00e9 mantido atualizado pela <strong data-start=\"2708\" data-end=\"2756\">Jugendarbeitsstelle Mattertal<\/strong>, com a colabora\u00e7\u00e3o das associa\u00e7\u00f5es.<\/p><h3 class=\"\" data-start=\"3449\" data-end=\"3466\">\ud83d\udcac D\u00favidas?<\/h3><p class=\"\" data-start=\"3467\" data-end=\"3619\"><strong data-start=\"4722\" data-end=\"4758\">Jugendarbeitsstelle Mattertal<\/strong><br \/>Englischer Viertel 8, 3920 Zermatt<br data-start=\"3545\" data-end=\"3548\" \/>\ud83d\udcde 079 303 45 04<br data-start=\"3564\" data-end=\"3567\" \/>\ud83d\udce7 <a class=\"\" href=\"mailto:mattertal@jastow.ch\" rel=\"noopener\" data-start=\"3570\" data-end=\"3619\">mattertal@jastow.ch<\/a><\/p>\t\t\t\t\t\t\t\t<\/div>\n\t\t\t\t<\/div>\n\t\t\t\t\t<\/div>\n\t\t\t\t<\/section>\n\t\t\t\t<\/div>\n\t\t","protected":false},"excerpt":{"rendered":"<p>Quem somos n\u00f3s? Friizit Mattertal \u00e9 uma iniciativa da Jugendarbeitsstelle Mattertal (JAST). Queremos fortalecer a vida associativa local e torn\u00e1-la vis\u00edvel \u2013 tanto para residentes como para rec\u00e9m-chegados. A plataforma de associa\u00e7\u00f5es \u00e9 uma parte essencial desta miss\u00e3o. \ud83c\udf0d O que queremos com a plataforma Nem todos sabem quantas associa\u00e7\u00f5es existem no Mattertal. Por isso, [&hellip;]<\/p>\n","protected":false},"author":2,"featured_media":0,"parent":0,"menu_order":0,"comment_status":"closed","ping_status":"closed","template":"","meta":{"_acf_changed":false,"footnotes":""},"class_list":["post-3153","page","type-page","status-publish","hentry"],"acf":[],"yoast_head":"<!-- This site is optimized with the Yoast SEO plugin v27.3 - https:\/\/yoast.com\/product\/yoast-seo-wordpress\/ -->\n<title>Quem somos n\u00f3s? &#8211; Friizit Mattertal |\u00a0Deine Vereinsplattform f\u00fcr das Mattertal<\/title>\n<meta name=\"robots\" content=\"index, follow, max-snippet:-1, max-image-preview:large, max-video-preview:-1\" \/>\n<link rel=\"canonical\" href=\"https:\/\/www.friizit-mattertal.ch\/pt-pt\/quem-somos-nos\/\" \/>\n<meta property=\"og:locale\" content=\"pt_PT\" \/>\n<meta property=\"og:type\" content=\"article\" \/>\n<meta property=\"og:title\" content=\"Quem somos n\u00f3s? &#8211; Friizit Mattertal |\u00a0Deine Vereinsplattform f\u00fcr das Mattertal\" \/>\n<meta property=\"og:description\" content=\"Quem somos n\u00f3s? Friizit Mattertal \u00e9 uma iniciativa da Jugendarbeitsstelle Mattertal (JAST). Queremos fortalecer a vida associativa local e torn\u00e1-la vis\u00edvel \u2013 tanto para residentes como para rec\u00e9m-chegados. A plataforma de associa\u00e7\u00f5es \u00e9 uma parte essencial desta miss\u00e3o. \ud83c\udf0d O que queremos com a plataforma Nem todos sabem quantas associa\u00e7\u00f5es existem no Mattertal. Por isso, [&hellip;]\" \/>\n<meta property=\"og:url\" content=\"https:\/\/www.friizit-mattertal.ch\/pt-pt\/quem-somos-nos\/\" \/>\n<meta property=\"og:site_name\" content=\"Friizit Mattertal\" \/>\n<meta property=\"article:modified_time\" content=\"2025-05-14T14:24:39+00:00\" \/>\n<meta property=\"og:image\" content=\"https:\/\/www.friizit-mattertal.ch\/wp-content\/uploads\/2024\/08\/378327a7-d376-46f5-b1e7-b3312b6f9aca-1024x577.jpg\" \/>\n<meta name=\"twitter:card\" content=\"summary_large_image\" \/>\n<meta name=\"twitter:label1\" content=\"Tempo estimado de leitura\" \/>\n\t<meta name=\"twitter:data1\" content=\"3 minutos\" \/>\n<script type=\"application\/ld+json\" class=\"yoast-schema-graph\">{\"@context\":\"https:\\\/\\\/schema.org\",\"@graph\":[{\"@type\":\"WebPage\",\"@id\":\"https:\\\/\\\/www.friizit-mattertal.ch\\\/pt-pt\\\/quem-somos-nos\\\/\",\"url\":\"https:\\\/\\\/www.friizit-mattertal.ch\\\/pt-pt\\\/quem-somos-nos\\\/\",\"name\":\"Quem somos n\u00f3s? &#8211; Friizit Mattertal |\u00a0Deine Vereinsplattform f\u00fcr das Mattertal\",\"isPartOf\":{\"@id\":\"https:\\\/\\\/www.friizit-mattertal.ch\\\/#website\"},\"primaryImageOfPage\":{\"@id\":\"https:\\\/\\\/www.friizit-mattertal.ch\\\/pt-pt\\\/quem-somos-nos\\\/#primaryimage\"},\"image\":{\"@id\":\"https:\\\/\\\/www.friizit-mattertal.ch\\\/pt-pt\\\/quem-somos-nos\\\/#primaryimage\"},\"thumbnailUrl\":\"https:\\\/\\\/www.friizit-mattertal.ch\\\/wp-content\\\/uploads\\\/2024\\\/08\\\/378327a7-d376-46f5-b1e7-b3312b6f9aca-1024x577.jpg\",\"datePublished\":\"2025-05-14T14:10:12+00:00\",\"dateModified\":\"2025-05-14T14:24:39+00:00\",\"breadcrumb\":{\"@id\":\"https:\\\/\\\/www.friizit-mattertal.ch\\\/pt-pt\\\/quem-somos-nos\\\/#breadcrumb\"},\"inLanguage\":\"pt-PT\",\"potentialAction\":[{\"@type\":\"ReadAction\",\"target\":[\"https:\\\/\\\/www.friizit-mattertal.ch\\\/pt-pt\\\/quem-somos-nos\\\/\"]}]},{\"@type\":\"ImageObject\",\"inLanguage\":\"pt-PT\",\"@id\":\"https:\\\/\\\/www.friizit-mattertal.ch\\\/pt-pt\\\/quem-somos-nos\\\/#primaryimage\",\"url\":\"https:\\\/\\\/www.friizit-mattertal.ch\\\/wp-content\\\/uploads\\\/2024\\\/08\\\/378327a7-d376-46f5-b1e7-b3312b6f9aca-1024x577.jpg\",\"contentUrl\":\"https:\\\/\\\/www.friizit-mattertal.ch\\\/wp-content\\\/uploads\\\/2024\\\/08\\\/378327a7-d376-46f5-b1e7-b3312b6f9aca-1024x577.jpg\"},{\"@type\":\"BreadcrumbList\",\"@id\":\"https:\\\/\\\/www.friizit-mattertal.ch\\\/pt-pt\\\/quem-somos-nos\\\/#breadcrumb\",\"itemListElement\":[{\"@type\":\"ListItem\",\"position\":1,\"name\":\"Home\",\"item\":\"https:\\\/\\\/www.friizit-mattertal.ch\\\/pt-pt\\\/\"},{\"@type\":\"ListItem\",\"position\":2,\"name\":\"Quem somos n\u00f3s?\"}]},{\"@type\":\"WebSite\",\"@id\":\"https:\\\/\\\/www.friizit-mattertal.ch\\\/#website\",\"url\":\"https:\\\/\\\/www.friizit-mattertal.ch\\\/\",\"name\":\"Friizit Mattertal |\u00a0Deine Vereinsplattform f\u00fcr das Mattertal\",\"description\":\"\",\"publisher\":{\"@id\":\"https:\\\/\\\/www.friizit-mattertal.ch\\\/#organization\"},\"potentialAction\":[{\"@type\":\"SearchAction\",\"target\":{\"@type\":\"EntryPoint\",\"urlTemplate\":\"https:\\\/\\\/www.friizit-mattertal.ch\\\/?s={search_term_string}\"},\"query-input\":{\"@type\":\"PropertyValueSpecification\",\"valueRequired\":true,\"valueName\":\"search_term_string\"}}],\"inLanguage\":\"pt-PT\"},{\"@type\":\"Organization\",\"@id\":\"https:\\\/\\\/www.friizit-mattertal.ch\\\/#organization\",\"name\":\"Friizit Mattertal |\u00a0Deine Vereinsplattform f\u00fcr das Mattertal\",\"url\":\"https:\\\/\\\/www.friizit-mattertal.ch\\\/\",\"logo\":{\"@type\":\"ImageObject\",\"inLanguage\":\"pt-PT\",\"@id\":\"https:\\\/\\\/www.friizit-mattertal.ch\\\/#\\\/schema\\\/logo\\\/image\\\/\",\"url\":\"https:\\\/\\\/www.friizit-mattertal.ch\\\/wp-content\\\/uploads\\\/2024\\\/08\\\/jastow-icon-1.svg\",\"contentUrl\":\"https:\\\/\\\/www.friizit-mattertal.ch\\\/wp-content\\\/uploads\\\/2024\\\/08\\\/jastow-icon-1.svg\",\"width\":64,\"height\":69,\"caption\":\"Friizit Mattertal |\u00a0Deine Vereinsplattform f\u00fcr das Mattertal\"},\"image\":{\"@id\":\"https:\\\/\\\/www.friizit-mattertal.ch\\\/#\\\/schema\\\/logo\\\/image\\\/\"}}]}<\/script>\n<!-- \/ Yoast SEO plugin. -->","yoast_head_json":{"title":"Quem somos n\u00f3s? &#8211; Friizit Mattertal |\u00a0Deine Vereinsplattform f\u00fcr das Mattertal","robots":{"index":"index","follow":"follow","max-snippet":"max-snippet:-1","max-image-preview":"max-image-preview:large","max-video-preview":"max-video-preview:-1"},"canonical":"https:\/\/www.friizit-mattertal.ch\/pt-pt\/quem-somos-nos\/","og_locale":"pt_PT","og_type":"article","og_title":"Quem somos n\u00f3s? &#8211; Friizit Mattertal |\u00a0Deine Vereinsplattform f\u00fcr das Mattertal","og_description":"Quem somos n\u00f3s? Friizit Mattertal \u00e9 uma iniciativa da Jugendarbeitsstelle Mattertal (JAST). Queremos fortalecer a vida associativa local e torn\u00e1-la vis\u00edvel \u2013 tanto para residentes como para rec\u00e9m-chegados. A plataforma de associa\u00e7\u00f5es \u00e9 uma parte essencial desta miss\u00e3o. \ud83c\udf0d O que queremos com a plataforma Nem todos sabem quantas associa\u00e7\u00f5es existem no Mattertal. Por isso, [&hellip;]","og_url":"https:\/\/www.friizit-mattertal.ch\/pt-pt\/quem-somos-nos\/","og_site_name":"Friizit Mattertal","article_modified_time":"2025-05-14T14:24:39+00:00","og_image":[{"url":"https:\/\/www.friizit-mattertal.ch\/wp-content\/uploads\/2024\/08\/378327a7-d376-46f5-b1e7-b3312b6f9aca-1024x577.jpg","type":"","width":"","height":""}],"twitter_card":"summary_large_image","twitter_misc":{"Tempo estimado de leitura":"3 minutos"},"schema":{"@context":"https:\/\/schema.org","@graph":[{"@type":"WebPage","@id":"https:\/\/www.friizit-mattertal.ch\/pt-pt\/quem-somos-nos\/","url":"https:\/\/www.friizit-mattertal.ch\/pt-pt\/quem-somos-nos\/","name":"Quem somos n\u00f3s? &#8211; Friizit Mattertal |\u00a0Deine Vereinsplattform f\u00fcr das Mattertal","isPartOf":{"@id":"https:\/\/www.friizit-mattertal.ch\/#website"},"primaryImageOfPage":{"@id":"https:\/\/www.friizit-mattertal.ch\/pt-pt\/quem-somos-nos\/#primaryimage"},"image":{"@id":"https:\/\/www.friizit-mattertal.ch\/pt-pt\/quem-somos-nos\/#primaryimage"},"thumbnailUrl":"https:\/\/www.friizit-mattertal.ch\/wp-content\/uploads\/2024\/08\/378327a7-d376-46f5-b1e7-b3312b6f9aca-1024x577.jpg","datePublished":"2025-05-14T14:10:12+00:00","dateModified":"2025-05-14T14:24:39+00:00","breadcrumb":{"@id":"https:\/\/www.friizit-mattertal.ch\/pt-pt\/quem-somos-nos\/#breadcrumb"},"inLanguage":"pt-PT","potentialAction":[{"@type":"ReadAction","target":["https:\/\/www.friizit-mattertal.ch\/pt-pt\/quem-somos-nos\/"]}]},{"@type":"ImageObject","inLanguage":"pt-PT","@id":"https:\/\/www.friizit-mattertal.ch\/pt-pt\/quem-somos-nos\/#primaryimage","url":"https:\/\/www.friizit-mattertal.ch\/wp-content\/uploads\/2024\/08\/378327a7-d376-46f5-b1e7-b3312b6f9aca-1024x577.jpg","contentUrl":"https:\/\/www.friizit-mattertal.ch\/wp-content\/uploads\/2024\/08\/378327a7-d376-46f5-b1e7-b3312b6f9aca-1024x577.jpg"},{"@type":"BreadcrumbList","@id":"https:\/\/www.friizit-mattertal.ch\/pt-pt\/quem-somos-nos\/#breadcrumb","itemListElement":[{"@type":"ListItem","position":1,"name":"Home","item":"https:\/\/www.friizit-mattertal.ch\/pt-pt\/"},{"@type":"ListItem","position":2,"name":"Quem somos n\u00f3s?"}]},{"@type":"WebSite","@id":"https:\/\/www.friizit-mattertal.ch\/#website","url":"https:\/\/www.friizit-mattertal.ch\/","name":"Friizit Mattertal |\u00a0Deine Vereinsplattform f\u00fcr das Mattertal","description":"","publisher":{"@id":"https:\/\/www.friizit-mattertal.ch\/#organization"},"potentialAction":[{"@type":"SearchAction","target":{"@type":"EntryPoint","urlTemplate":"https:\/\/www.friizit-mattertal.ch\/?s={search_term_string}"},"query-input":{"@type":"PropertyValueSpecification","valueRequired":true,"valueName":"search_term_string"}}],"inLanguage":"pt-PT"},{"@type":"Organization","@id":"https:\/\/www.friizit-mattertal.ch\/#organization","name":"Friizit Mattertal |\u00a0Deine Vereinsplattform f\u00fcr das Mattertal","url":"https:\/\/www.friizit-mattertal.ch\/","logo":{"@type":"ImageObject","inLanguage":"pt-PT","@id":"https:\/\/www.friizit-mattertal.ch\/#\/schema\/logo\/image\/","url":"https:\/\/www.friizit-mattertal.ch\/wp-content\/uploads\/2024\/08\/jastow-icon-1.svg","contentUrl":"https:\/\/www.friizit-mattertal.ch\/wp-content\/uploads\/2024\/08\/jastow-icon-1.svg","width":64,"height":69,"caption":"Friizit Mattertal |\u00a0Deine Vereinsplattform f\u00fcr das Mattertal"},"image":{"@id":"https:\/\/www.friizit-mattertal.ch\/#\/schema\/logo\/image\/"}}]}},"_links":{"self":[{"href":"https:\/\/www.friizit-mattertal.ch\/pt-pt\/wp-json\/wp\/v2\/pages\/3153","targetHints":{"allow":["GET"]}}],"collection":[{"href":"https:\/\/www.friizit-mattertal.ch\/pt-pt\/wp-json\/wp\/v2\/pages"}],"about":[{"href":"https:\/\/www.friizit-mattertal.ch\/pt-pt\/wp-json\/wp\/v2\/types\/page"}],"author":[{"embeddable":true,"href":"https:\/\/www.friizit-mattertal.ch\/pt-pt\/wp-json\/wp\/v2\/users\/2"}],"replies":[{"embeddable":true,"href":"https:\/\/www.friizit-mattertal.ch\/pt-pt\/wp-json\/wp\/v2\/comments?post=3153"}],"version-history":[{"count":8,"href":"https:\/\/www.friizit-mattertal.ch\/pt-pt\/wp-json\/wp\/v2\/pages\/3153\/revisions"}],"predecessor-version":[{"id":3187,"href":"https:\/\/www.friizit-mattertal.ch\/pt-pt\/wp-json\/wp\/v2\/pages\/3153\/revisions\/3187"}],"wp:attachment":[{"href":"https:\/\/www.friizit-mattertal.ch\/pt-pt\/wp-json\/wp\/v2\/media?parent=3153"}],"curies":[{"name":"wp","href":"https:\/\/api.w.org\/{rel}","templated":true}]}}