{"id":3191,"date":"2025-05-14T14:26:07","date_gmt":"2025-05-14T14:26:07","guid":{"rendered":"https:\/\/www.friizit-mattertal.ch\/?page_id=3191"},"modified":"2025-10-30T13:11:10","modified_gmt":"2025-10-30T13:11:10","slug":"encontro-das-associacoes","status":"publish","type":"page","link":"https:\/\/www.friizit-mattertal.ch\/pt-pt\/encontro-das-associacoes\/","title":{"rendered":"Encontro das Associa\u00e7\u00f5es"},"content":{"rendered":"\t\t<div data-elementor-type=\"wp-page\" data-elementor-id=\"3191\" class=\"elementor elementor-3191 elementor-3188\" data-elementor-post-type=\"page\">\n\t\t\t\t<div class=\"elementor-element elementor-element-af92f08 e-con-full e-flex e-con e-parent\" data-id=\"af92f08\" data-element_type=\"container\" data-e-type=\"container\">\n\t\t\t\t<div class=\"elementor-element elementor-element-8f59db9 image-slider elementor-widget elementor-widget-image-carousel\" data-id=\"8f59db9\" data-element_type=\"widget\" data-e-type=\"widget\" data-settings=\"{&quot;slides_to_show&quot;:&quot;3&quot;,&quot;navigation&quot;:&quot;none&quot;,&quot;image_spacing_custom&quot;:{&quot;unit&quot;:&quot;px&quot;,&quot;size&quot;:0,&quot;sizes&quot;:[]},&quot;autoplay&quot;:&quot;yes&quot;,&quot;autoplay_speed&quot;:5000,&quot;infinite&quot;:&quot;yes&quot;,&quot;speed&quot;:500,&quot;image_spacing_custom_tablet&quot;:{&quot;unit&quot;:&quot;px&quot;,&quot;size&quot;:&quot;&quot;,&quot;sizes&quot;:[]},&quot;image_spacing_custom_mobile&quot;:{&quot;unit&quot;:&quot;px&quot;,&quot;size&quot;:&quot;&quot;,&quot;sizes&quot;:[]}}\" data-widget_type=\"image-carousel.default\">\n\t\t\t\t<div class=\"elementor-widget-container\">\n\t\t\t\t\t\t\t<div class=\"elementor-image-carousel-wrapper swiper\" role=\"region\" aria-roledescription=\"carousel\" aria-label=\"Carrossel de imagens\" dir=\"ltr\">\n\t\t\t<div class=\"elementor-image-carousel swiper-wrapper swiper-image-stretch\" aria-live=\"off\">\n\t\t\t\t\t\t\t\t<div class=\"swiper-slide\" role=\"group\" aria-roledescription=\"slide\" aria-label=\"1 of 5\"><figure class=\"swiper-slide-inner\"><img decoding=\"async\" class=\"swiper-slide-image\" src=\"https:\/\/www.friizit-mattertal.ch\/wp-content\/uploads\/2024\/08\/378327a7-d376-46f5-b1e7-b3312b6f9aca-1024x577.jpg\" alt=\"378327a7-d376-46f5-b1e7-b3312b6f9aca\" \/><\/figure><\/div><div class=\"swiper-slide\" role=\"group\" aria-roledescription=\"slide\" aria-label=\"2 of 5\"><figure class=\"swiper-slide-inner\"><img decoding=\"async\" class=\"swiper-slide-image\" src=\"https:\/\/www.friizit-mattertal.ch\/wp-content\/uploads\/2024\/08\/JFW-SM2018-40-1024x683.jpg\" alt=\"JFW-SM2018-40\" \/><\/figure><\/div><div class=\"swiper-slide\" role=\"group\" aria-roledescription=\"slide\" aria-label=\"3 of 5\"><figure class=\"swiper-slide-inner\"><img decoding=\"async\" class=\"swiper-slide-image\" src=\"https:\/\/www.friizit-mattertal.ch\/wp-content\/uploads\/2024\/08\/Bikeclub-Mattertal-1024x683.jpg\" alt=\"Bikeclub Mattertal\" \/><\/figure><\/div><div class=\"swiper-slide\" role=\"group\" aria-roledescription=\"slide\" aria-label=\"4 of 5\"><figure class=\"swiper-slide-inner\"><img decoding=\"async\" class=\"swiper-slide-image\" src=\"https:\/\/www.friizit-mattertal.ch\/wp-content\/uploads\/2024\/08\/1657895670-1024x768.jpg\" alt=\"1657895670\" \/><\/figure><\/div><div class=\"swiper-slide\" role=\"group\" aria-roledescription=\"slide\" aria-label=\"5 of 5\"><figure class=\"swiper-slide-inner\"><img decoding=\"async\" class=\"swiper-slide-image\" src=\"https:\/\/www.friizit-mattertal.ch\/wp-content\/uploads\/2024\/08\/20220627_1933421-2048x1536-1-1024x768.jpg\" alt=\"20220627_1933421-2048x1536\" \/><\/figure><\/div>\t\t\t<\/div>\n\t\t\t\t\t\t\t\n\t\t\t\t\t\t\t\t\t<\/div>\n\t\t\t\t\t\t<\/div>\n\t\t\t\t<\/div>\n\t\t\t\t<\/div>\n\t\t<div class=\"elementor-element elementor-element-45d5cb9 e-con-full breadcrumb e-flex e-con e-parent\" data-id=\"45d5cb9\" data-element_type=\"container\" data-e-type=\"container\">\n\t\t\t\t<div class=\"elementor-element elementor-element-4ac1830 elementor-widget elementor-widget-shortcode\" data-id=\"4ac1830\" data-element_type=\"widget\" data-e-type=\"widget\" data-widget_type=\"shortcode.default\">\n\t\t\t\t<div class=\"elementor-widget-container\">\n\t\t\t\t\t\t\t<div class=\"elementor-shortcode\"><span><span><a href=\"https:\/\/www.friizit-mattertal.ch\/pt-pt\/\">Home<\/a><\/span><\/span>\n<\/div>\n\t\t\t\t\t\t<\/div>\n\t\t\t\t<\/div>\n\t\t\t\t<\/div>\n\t\t<section class=\"elementor-element elementor-element-e0e3794 e-flex e-con-boxed elementor-invisible e-con e-parent\" data-id=\"e0e3794\" data-element_type=\"container\" data-e-type=\"container\" data-settings=\"{&quot;animation&quot;:&quot;fadeInUp&quot;}\">\n\t\t\t\t\t<div class=\"e-con-inner\">\n\t\t\t\t<div class=\"elementor-element elementor-element-2f7cca3 elementor-widget elementor-widget-heading\" data-id=\"2f7cca3\" data-element_type=\"widget\" data-e-type=\"widget\" data-widget_type=\"heading.default\">\n\t\t\t\t<div class=\"elementor-widget-container\">\n\t\t\t\t\t<h1 class=\"elementor-heading-title elementor-size-default\">Encontro das Associa\u00e7\u00f5es Mattertal<\/h1>\t\t\t\t<\/div>\n\t\t\t\t<\/div>\n\t\t\t\t<div class=\"elementor-element elementor-element-d0411cf elementor-widget elementor-widget-text-editor\" data-id=\"d0411cf\" data-element_type=\"widget\" data-e-type=\"widget\" data-widget_type=\"text-editor.default\">\n\t\t\t\t<div class=\"elementor-widget-container\">\n\t\t\t\t\t\t\t\t\t<p class=\"\" data-start=\"236\" data-end=\"505\">O <strong data-start=\"238\" data-end=\"276\">Encontro das Associa\u00e7\u00f5es Mattertal<\/strong> \u00e9 um evento anual que re\u00fane todas as associa\u00e7\u00f5es de <strong data-start=\"329\" data-end=\"355\">Randa, T\u00e4sch e Zermatt<\/strong>. O foco est\u00e1 na troca de ideias, colabora\u00e7\u00e3o e na procura conjunta de solu\u00e7\u00f5es. O evento \u00e9 organizado pela <strong data-start=\"463\" data-end=\"504\">Jugendarbeitsstelle Mattertal<\/strong>.<\/p><h3 data-start=\"507\" data-end=\"692\">\u26a1 <strong data-start=\"509\" data-end=\"535\">Objetivos do encontro:<\/strong><\/h3><p class=\"\" data-start=\"507\" data-end=\"692\">\u2022 Fortalecer o trabalho associativo local<br data-start=\"579\" data-end=\"582\" \/>\u2022 Tornar vis\u00edveis os desafios<br data-start=\"611\" data-end=\"614\" \/>\u2022 Desenvolver ideias em conjunto<br data-start=\"646\" data-end=\"649\" \/>\u2022 Impulsionar uma cultura de lazer vibrante<\/p><h3 data-start=\"694\" data-end=\"981\">\ud83d\udcda <strong data-start=\"697\" data-end=\"729\">Retrospectiva: Encontro 2024<\/strong><\/h3><p class=\"\" data-start=\"694\" data-end=\"981\">No dia 23 de fevereiro de 2024 teve lugar o primeiro Encontro das Associa\u00e7\u00f5es \u2013 com mais de <strong data-start=\"824\" data-end=\"844\">85 participantes<\/strong> de mais de <strong data-start=\"856\" data-end=\"874\">50 associa\u00e7\u00f5es<\/strong>.<br data-start=\"875\" data-end=\"878\" \/>Nos workshops interativos foram partilhadas experi\u00eancias, discutidos desafios e desenvolvidas solu\u00e7\u00f5es.<\/p><p class=\"\" data-start=\"983\" data-end=\"1090\">\ud83d\udd17 <a href=\"https:\/\/www.jastow.ch\/wp-content\/uploads\/2024\/08\/Auswertung-Vereinsapero.pdf\"><strong data-start=\"986\" data-end=\"1045\">Os resultados dos workshops podem ser consultados aqui.<\/strong><\/a><\/p><h3 data-start=\"1092\" data-end=\"1380\">\ud83d\udcda <strong data-start=\"1095\" data-end=\"1127\">Retrospectiva: Encontro 2025<\/strong><\/h3><p class=\"\" data-start=\"1092\" data-end=\"1380\">No dia 28 de fevereiro de 2025, o foco esteve na troca pr\u00e1tica:<br data-start=\"1193\" data-end=\"1196\" \/>Os workshops abordaram temas como <strong data-start=\"1230\" data-end=\"1255\">conhecer e criar rede<\/strong>, <strong data-start=\"1257\" data-end=\"1271\">patroc\u00ednio<\/strong>, <strong data-start=\"1273\" data-end=\"1291\">oferecer ajuda<\/strong> ou <strong data-start=\"1295\" data-end=\"1310\">pedir apoio<\/strong>.<br data-start=\"1311\" data-end=\"1314\" \/>Surgiram conversas valiosas e novas conex\u00f5es entre as associa\u00e7\u00f5es.<\/p><p class=\"\" data-start=\"1382\" data-end=\"1496\">\ud83d\ude4f Agradecemos a todos pela participa\u00e7\u00e3o ativa e pelo compromisso com uma paisagem associativa forte no Mattertal!<\/p><h3 data-start=\"1498\" data-end=\"1570\">\ud83c\udf10 <strong data-start=\"1501\" data-end=\"1513\">E agora?<\/strong><\/h3><p class=\"\" data-start=\"1498\" data-end=\"1570\">Com o <strong data-start=\"1522\" data-end=\"1543\">Friizit Mattertal<\/strong> surgiu uma plataforma que:<\/p><p class=\"\" data-start=\"1572\" data-end=\"1752\">\u2022 D\u00e1 visibilidade \u00e0s associa\u00e7\u00f5es<br data-start=\"1604\" data-end=\"1607\" \/>\u2022 Torna as ofertas de lazer acess\u00edveis<br data-start=\"1645\" data-end=\"1648\" \/>\u2022 Oferece filtros e ferramentas de pesquisa \u00fateis<br data-start=\"1697\" data-end=\"1700\" \/>\u2022 Re\u00fane num s\u00f3 local informa\u00e7\u00f5es, reservas e eventos<\/p><h3 data-start=\"1754\" data-end=\"1793\">\ud83d\udcc6 <strong data-start=\"1757\" data-end=\"1793\">Pr\u00f3ximo Encontro: In\u00edcio de 2026<\/strong><\/h3>\t\t\t\t\t\t\t\t<\/div>\n\t\t\t\t<\/div>\n\t\t\t\t\t<\/div>\n\t\t\t\t<\/section>\n\t\t\t\t<\/div>\n\t\t","protected":false},"excerpt":{"rendered":"<p>Encontro das Associa\u00e7\u00f5es Mattertal O Encontro das Associa\u00e7\u00f5es Mattertal \u00e9 um evento anual que re\u00fane todas as associa\u00e7\u00f5es de Randa, T\u00e4sch e Zermatt. O foco est\u00e1 na troca de ideias, colabora\u00e7\u00e3o e na procura conjunta de solu\u00e7\u00f5es. O evento \u00e9 organizado pela Jugendarbeitsstelle Mattertal. \u26a1 Objetivos do encontro: \u2022 Fortalecer o trabalho associativo local\u2022 Tornar [&hellip;]<\/p>\n","protected":false},"author":2,"featured_media":0,"parent":0,"menu_order":0,"comment_status":"closed","ping_status":"closed","template":"","meta":{"_acf_changed":false,"footnotes":""},"class_list":["post-3191","page","type-page","status-publish","hentry"],"acf":[],"yoast_head":"<!-- This site is optimized with the Yoast SEO plugin v27.3 - https:\/\/yoast.com\/product\/yoast-seo-wordpress\/ -->\n<title>Encontro das Associa\u00e7\u00f5es &#8211; Friizit Mattertal |\u00a0Deine Vereinsplattform f\u00fcr das Mattertal<\/title>\n<meta name=\"robots\" content=\"index, follow, max-snippet:-1, max-image-preview:large, max-video-preview:-1\" \/>\n<link rel=\"canonical\" href=\"https:\/\/www.friizit-mattertal.ch\/pt-pt\/encontro-das-associacoes\/\" \/>\n<meta property=\"og:locale\" content=\"pt_PT\" \/>\n<meta property=\"og:type\" content=\"article\" \/>\n<meta property=\"og:title\" content=\"Encontro das Associa\u00e7\u00f5es &#8211; Friizit Mattertal |\u00a0Deine Vereinsplattform f\u00fcr das Mattertal\" \/>\n<meta property=\"og:description\" content=\"Encontro das Associa\u00e7\u00f5es Mattertal O Encontro das Associa\u00e7\u00f5es Mattertal \u00e9 um evento anual que re\u00fane todas as associa\u00e7\u00f5es de Randa, T\u00e4sch e Zermatt. O foco est\u00e1 na troca de ideias, colabora\u00e7\u00e3o e na procura conjunta de solu\u00e7\u00f5es. O evento \u00e9 organizado pela Jugendarbeitsstelle Mattertal. \u26a1 Objetivos do encontro: \u2022 Fortalecer o trabalho associativo local\u2022 Tornar [&hellip;]\" \/>\n<meta property=\"og:url\" content=\"https:\/\/www.friizit-mattertal.ch\/pt-pt\/encontro-das-associacoes\/\" \/>\n<meta property=\"og:site_name\" content=\"Friizit Mattertal\" \/>\n<meta property=\"article:modified_time\" content=\"2025-10-30T13:11:10+00:00\" \/>\n<meta property=\"og:image\" content=\"https:\/\/www.friizit-mattertal.ch\/wp-content\/uploads\/2024\/08\/378327a7-d376-46f5-b1e7-b3312b6f9aca-1024x577.jpg\" \/>\n<meta name=\"twitter:card\" content=\"summary_large_image\" \/>\n<meta name=\"twitter:label1\" content=\"Tempo estimado de leitura\" \/>\n\t<meta name=\"twitter:data1\" content=\"3 minutos\" \/>\n<script type=\"application\/ld+json\" class=\"yoast-schema-graph\">{\"@context\":\"https:\\\/\\\/schema.org\",\"@graph\":[{\"@type\":\"WebPage\",\"@id\":\"https:\\\/\\\/www.friizit-mattertal.ch\\\/pt-pt\\\/encontro-das-associacoes\\\/\",\"url\":\"https:\\\/\\\/www.friizit-mattertal.ch\\\/pt-pt\\\/encontro-das-associacoes\\\/\",\"name\":\"Encontro das Associa\u00e7\u00f5es &#8211; Friizit Mattertal |\u00a0Deine Vereinsplattform f\u00fcr das Mattertal\",\"isPartOf\":{\"@id\":\"https:\\\/\\\/www.friizit-mattertal.ch\\\/#website\"},\"primaryImageOfPage\":{\"@id\":\"https:\\\/\\\/www.friizit-mattertal.ch\\\/pt-pt\\\/encontro-das-associacoes\\\/#primaryimage\"},\"image\":{\"@id\":\"https:\\\/\\\/www.friizit-mattertal.ch\\\/pt-pt\\\/encontro-das-associacoes\\\/#primaryimage\"},\"thumbnailUrl\":\"https:\\\/\\\/www.friizit-mattertal.ch\\\/wp-content\\\/uploads\\\/2024\\\/08\\\/378327a7-d376-46f5-b1e7-b3312b6f9aca-1024x577.jpg\",\"datePublished\":\"2025-05-14T14:26:07+00:00\",\"dateModified\":\"2025-10-30T13:11:10+00:00\",\"breadcrumb\":{\"@id\":\"https:\\\/\\\/www.friizit-mattertal.ch\\\/pt-pt\\\/encontro-das-associacoes\\\/#breadcrumb\"},\"inLanguage\":\"pt-PT\",\"potentialAction\":[{\"@type\":\"ReadAction\",\"target\":[\"https:\\\/\\\/www.friizit-mattertal.ch\\\/pt-pt\\\/encontro-das-associacoes\\\/\"]}]},{\"@type\":\"ImageObject\",\"inLanguage\":\"pt-PT\",\"@id\":\"https:\\\/\\\/www.friizit-mattertal.ch\\\/pt-pt\\\/encontro-das-associacoes\\\/#primaryimage\",\"url\":\"https:\\\/\\\/www.friizit-mattertal.ch\\\/wp-content\\\/uploads\\\/2024\\\/08\\\/378327a7-d376-46f5-b1e7-b3312b6f9aca-1024x577.jpg\",\"contentUrl\":\"https:\\\/\\\/www.friizit-mattertal.ch\\\/wp-content\\\/uploads\\\/2024\\\/08\\\/378327a7-d376-46f5-b1e7-b3312b6f9aca-1024x577.jpg\"},{\"@type\":\"BreadcrumbList\",\"@id\":\"https:\\\/\\\/www.friizit-mattertal.ch\\\/pt-pt\\\/encontro-das-associacoes\\\/#breadcrumb\",\"itemListElement\":[{\"@type\":\"ListItem\",\"position\":1,\"name\":\"Home\",\"item\":\"https:\\\/\\\/www.friizit-mattertal.ch\\\/pt-pt\\\/\"},{\"@type\":\"ListItem\",\"position\":2,\"name\":\"Encontro das Associa\u00e7\u00f5es\"}]},{\"@type\":\"WebSite\",\"@id\":\"https:\\\/\\\/www.friizit-mattertal.ch\\\/#website\",\"url\":\"https:\\\/\\\/www.friizit-mattertal.ch\\\/\",\"name\":\"Friizit Mattertal |\u00a0Deine Vereinsplattform f\u00fcr das Mattertal\",\"description\":\"\",\"publisher\":{\"@id\":\"https:\\\/\\\/www.friizit-mattertal.ch\\\/#organization\"},\"potentialAction\":[{\"@type\":\"SearchAction\",\"target\":{\"@type\":\"EntryPoint\",\"urlTemplate\":\"https:\\\/\\\/www.friizit-mattertal.ch\\\/?s={search_term_string}\"},\"query-input\":{\"@type\":\"PropertyValueSpecification\",\"valueRequired\":true,\"valueName\":\"search_term_string\"}}],\"inLanguage\":\"pt-PT\"},{\"@type\":\"Organization\",\"@id\":\"https:\\\/\\\/www.friizit-mattertal.ch\\\/#organization\",\"name\":\"Friizit Mattertal |\u00a0Deine Vereinsplattform f\u00fcr das Mattertal\",\"url\":\"https:\\\/\\\/www.friizit-mattertal.ch\\\/\",\"logo\":{\"@type\":\"ImageObject\",\"inLanguage\":\"pt-PT\",\"@id\":\"https:\\\/\\\/www.friizit-mattertal.ch\\\/#\\\/schema\\\/logo\\\/image\\\/\",\"url\":\"https:\\\/\\\/www.friizit-mattertal.ch\\\/wp-content\\\/uploads\\\/2024\\\/08\\\/jastow-icon-1.svg\",\"contentUrl\":\"https:\\\/\\\/www.friizit-mattertal.ch\\\/wp-content\\\/uploads\\\/2024\\\/08\\\/jastow-icon-1.svg\",\"width\":64,\"height\":69,\"caption\":\"Friizit Mattertal |\u00a0Deine Vereinsplattform f\u00fcr das Mattertal\"},\"image\":{\"@id\":\"https:\\\/\\\/www.friizit-mattertal.ch\\\/#\\\/schema\\\/logo\\\/image\\\/\"}}]}<\/script>\n<!-- \/ Yoast SEO plugin. -->","yoast_head_json":{"title":"Encontro das Associa\u00e7\u00f5es &#8211; Friizit Mattertal |\u00a0Deine Vereinsplattform f\u00fcr das Mattertal","robots":{"index":"index","follow":"follow","max-snippet":"max-snippet:-1","max-image-preview":"max-image-preview:large","max-video-preview":"max-video-preview:-1"},"canonical":"https:\/\/www.friizit-mattertal.ch\/pt-pt\/encontro-das-associacoes\/","og_locale":"pt_PT","og_type":"article","og_title":"Encontro das Associa\u00e7\u00f5es &#8211; Friizit Mattertal |\u00a0Deine Vereinsplattform f\u00fcr das Mattertal","og_description":"Encontro das Associa\u00e7\u00f5es Mattertal O Encontro das Associa\u00e7\u00f5es Mattertal \u00e9 um evento anual que re\u00fane todas as associa\u00e7\u00f5es de Randa, T\u00e4sch e Zermatt. O foco est\u00e1 na troca de ideias, colabora\u00e7\u00e3o e na procura conjunta de solu\u00e7\u00f5es. O evento \u00e9 organizado pela Jugendarbeitsstelle Mattertal. \u26a1 Objetivos do encontro: \u2022 Fortalecer o trabalho associativo local\u2022 Tornar [&hellip;]","og_url":"https:\/\/www.friizit-mattertal.ch\/pt-pt\/encontro-das-associacoes\/","og_site_name":"Friizit Mattertal","article_modified_time":"2025-10-30T13:11:10+00:00","og_image":[{"url":"https:\/\/www.friizit-mattertal.ch\/wp-content\/uploads\/2024\/08\/378327a7-d376-46f5-b1e7-b3312b6f9aca-1024x577.jpg","type":"","width":"","height":""}],"twitter_card":"summary_large_image","twitter_misc":{"Tempo estimado de leitura":"3 minutos"},"schema":{"@context":"https:\/\/schema.org","@graph":[{"@type":"WebPage","@id":"https:\/\/www.friizit-mattertal.ch\/pt-pt\/encontro-das-associacoes\/","url":"https:\/\/www.friizit-mattertal.ch\/pt-pt\/encontro-das-associacoes\/","name":"Encontro das Associa\u00e7\u00f5es &#8211; Friizit Mattertal |\u00a0Deine Vereinsplattform f\u00fcr das Mattertal","isPartOf":{"@id":"https:\/\/www.friizit-mattertal.ch\/#website"},"primaryImageOfPage":{"@id":"https:\/\/www.friizit-mattertal.ch\/pt-pt\/encontro-das-associacoes\/#primaryimage"},"image":{"@id":"https:\/\/www.friizit-mattertal.ch\/pt-pt\/encontro-das-associacoes\/#primaryimage"},"thumbnailUrl":"https:\/\/www.friizit-mattertal.ch\/wp-content\/uploads\/2024\/08\/378327a7-d376-46f5-b1e7-b3312b6f9aca-1024x577.jpg","datePublished":"2025-05-14T14:26:07+00:00","dateModified":"2025-10-30T13:11:10+00:00","breadcrumb":{"@id":"https:\/\/www.friizit-mattertal.ch\/pt-pt\/encontro-das-associacoes\/#breadcrumb"},"inLanguage":"pt-PT","potentialAction":[{"@type":"ReadAction","target":["https:\/\/www.friizit-mattertal.ch\/pt-pt\/encontro-das-associacoes\/"]}]},{"@type":"ImageObject","inLanguage":"pt-PT","@id":"https:\/\/www.friizit-mattertal.ch\/pt-pt\/encontro-das-associacoes\/#primaryimage","url":"https:\/\/www.friizit-mattertal.ch\/wp-content\/uploads\/2024\/08\/378327a7-d376-46f5-b1e7-b3312b6f9aca-1024x577.jpg","contentUrl":"https:\/\/www.friizit-mattertal.ch\/wp-content\/uploads\/2024\/08\/378327a7-d376-46f5-b1e7-b3312b6f9aca-1024x577.jpg"},{"@type":"BreadcrumbList","@id":"https:\/\/www.friizit-mattertal.ch\/pt-pt\/encontro-das-associacoes\/#breadcrumb","itemListElement":[{"@type":"ListItem","position":1,"name":"Home","item":"https:\/\/www.friizit-mattertal.ch\/pt-pt\/"},{"@type":"ListItem","position":2,"name":"Encontro das Associa\u00e7\u00f5es"}]},{"@type":"WebSite","@id":"https:\/\/www.friizit-mattertal.ch\/#website","url":"https:\/\/www.friizit-mattertal.ch\/","name":"Friizit Mattertal |\u00a0Deine Vereinsplattform f\u00fcr das Mattertal","description":"","publisher":{"@id":"https:\/\/www.friizit-mattertal.ch\/#organization"},"potentialAction":[{"@type":"SearchAction","target":{"@type":"EntryPoint","urlTemplate":"https:\/\/www.friizit-mattertal.ch\/?s={search_term_string}"},"query-input":{"@type":"PropertyValueSpecification","valueRequired":true,"valueName":"search_term_string"}}],"inLanguage":"pt-PT"},{"@type":"Organization","@id":"https:\/\/www.friizit-mattertal.ch\/#organization","name":"Friizit Mattertal |\u00a0Deine Vereinsplattform f\u00fcr das Mattertal","url":"https:\/\/www.friizit-mattertal.ch\/","logo":{"@type":"ImageObject","inLanguage":"pt-PT","@id":"https:\/\/www.friizit-mattertal.ch\/#\/schema\/logo\/image\/","url":"https:\/\/www.friizit-mattertal.ch\/wp-content\/uploads\/2024\/08\/jastow-icon-1.svg","contentUrl":"https:\/\/www.friizit-mattertal.ch\/wp-content\/uploads\/2024\/08\/jastow-icon-1.svg","width":64,"height":69,"caption":"Friizit Mattertal |\u00a0Deine Vereinsplattform f\u00fcr das Mattertal"},"image":{"@id":"https:\/\/www.friizit-mattertal.ch\/#\/schema\/logo\/image\/"}}]}},"_links":{"self":[{"href":"https:\/\/www.friizit-mattertal.ch\/pt-pt\/wp-json\/wp\/v2\/pages\/3191","targetHints":{"allow":["GET"]}}],"collection":[{"href":"https:\/\/www.friizit-mattertal.ch\/pt-pt\/wp-json\/wp\/v2\/pages"}],"about":[{"href":"https:\/\/www.friizit-mattertal.ch\/pt-pt\/wp-json\/wp\/v2\/types\/page"}],"author":[{"embeddable":true,"href":"https:\/\/www.friizit-mattertal.ch\/pt-pt\/wp-json\/wp\/v2\/users\/2"}],"replies":[{"embeddable":true,"href":"https:\/\/www.friizit-mattertal.ch\/pt-pt\/wp-json\/wp\/v2\/comments?post=3191"}],"version-history":[{"count":6,"href":"https:\/\/www.friizit-mattertal.ch\/pt-pt\/wp-json\/wp\/v2\/pages\/3191\/revisions"}],"predecessor-version":[{"id":3579,"href":"https:\/\/www.friizit-mattertal.ch\/pt-pt\/wp-json\/wp\/v2\/pages\/3191\/revisions\/3579"}],"wp:attachment":[{"href":"https:\/\/www.friizit-mattertal.ch\/pt-pt\/wp-json\/wp\/v2\/media?parent=3191"}],"curies":[{"name":"wp","href":"https:\/\/api.w.org\/{rel}","templated":true}]}}