{"id":3554,"date":"2025-10-30T12:38:31","date_gmt":"2025-10-30T12:38:31","guid":{"rendered":"https:\/\/www.friizit-mattertal.ch\/?page_id=3554"},"modified":"2025-10-30T13:21:54","modified_gmt":"2025-10-30T13:21:54","slug":"parceiros","status":"publish","type":"page","link":"https:\/\/www.friizit-mattertal.ch\/pt-pt\/parceiros\/","title":{"rendered":"Parceiros"},"content":{"rendered":"\t\t<div data-elementor-type=\"wp-page\" data-elementor-id=\"3554\" class=\"elementor elementor-3554 elementor-3551\" data-elementor-post-type=\"page\">\n\t\t\t\t<div class=\"elementor-element elementor-element-af92f08 e-con-full e-flex e-con e-parent\" data-id=\"af92f08\" data-element_type=\"container\" data-e-type=\"container\">\n\t\t\t\t<div class=\"elementor-element elementor-element-8f59db9 image-slider elementor-widget elementor-widget-image-carousel\" data-id=\"8f59db9\" data-element_type=\"widget\" data-e-type=\"widget\" data-settings=\"{&quot;slides_to_show&quot;:&quot;3&quot;,&quot;navigation&quot;:&quot;none&quot;,&quot;image_spacing_custom&quot;:{&quot;unit&quot;:&quot;px&quot;,&quot;size&quot;:0,&quot;sizes&quot;:[]},&quot;autoplay&quot;:&quot;yes&quot;,&quot;autoplay_speed&quot;:5000,&quot;infinite&quot;:&quot;yes&quot;,&quot;speed&quot;:500,&quot;image_spacing_custom_tablet&quot;:{&quot;unit&quot;:&quot;px&quot;,&quot;size&quot;:&quot;&quot;,&quot;sizes&quot;:[]},&quot;image_spacing_custom_mobile&quot;:{&quot;unit&quot;:&quot;px&quot;,&quot;size&quot;:&quot;&quot;,&quot;sizes&quot;:[]}}\" data-widget_type=\"image-carousel.default\">\n\t\t\t\t<div class=\"elementor-widget-container\">\n\t\t\t\t\t\t\t<div class=\"elementor-image-carousel-wrapper swiper\" role=\"region\" aria-roledescription=\"carousel\" aria-label=\"Carrossel de imagens\" dir=\"ltr\">\n\t\t\t<div class=\"elementor-image-carousel swiper-wrapper swiper-image-stretch\" aria-live=\"off\">\n\t\t\t\t\t\t\t\t<div class=\"swiper-slide\" role=\"group\" aria-roledescription=\"slide\" aria-label=\"1 of 5\"><figure class=\"swiper-slide-inner\"><img decoding=\"async\" class=\"swiper-slide-image\" src=\"https:\/\/www.friizit-mattertal.ch\/wp-content\/uploads\/2024\/08\/378327a7-d376-46f5-b1e7-b3312b6f9aca-1024x577.jpg\" alt=\"378327a7-d376-46f5-b1e7-b3312b6f9aca\" \/><\/figure><\/div><div class=\"swiper-slide\" role=\"group\" aria-roledescription=\"slide\" aria-label=\"2 of 5\"><figure class=\"swiper-slide-inner\"><img decoding=\"async\" class=\"swiper-slide-image\" src=\"https:\/\/www.friizit-mattertal.ch\/wp-content\/uploads\/2024\/08\/JFW-SM2018-40-1024x683.jpg\" alt=\"JFW-SM2018-40\" \/><\/figure><\/div><div class=\"swiper-slide\" role=\"group\" aria-roledescription=\"slide\" aria-label=\"3 of 5\"><figure class=\"swiper-slide-inner\"><img decoding=\"async\" class=\"swiper-slide-image\" src=\"https:\/\/www.friizit-mattertal.ch\/wp-content\/uploads\/2024\/08\/Bikeclub-Mattertal-1024x683.jpg\" alt=\"Bikeclub Mattertal\" \/><\/figure><\/div><div class=\"swiper-slide\" role=\"group\" aria-roledescription=\"slide\" aria-label=\"4 of 5\"><figure class=\"swiper-slide-inner\"><img decoding=\"async\" class=\"swiper-slide-image\" src=\"https:\/\/www.friizit-mattertal.ch\/wp-content\/uploads\/2024\/08\/1657895670-1024x768.jpg\" alt=\"1657895670\" \/><\/figure><\/div><div class=\"swiper-slide\" role=\"group\" aria-roledescription=\"slide\" aria-label=\"5 of 5\"><figure class=\"swiper-slide-inner\"><img decoding=\"async\" class=\"swiper-slide-image\" src=\"https:\/\/www.friizit-mattertal.ch\/wp-content\/uploads\/2024\/08\/20220627_1933421-2048x1536-1-1024x768.jpg\" alt=\"20220627_1933421-2048x1536\" \/><\/figure><\/div>\t\t\t<\/div>\n\t\t\t\t\t\t\t\n\t\t\t\t\t\t\t\t\t<\/div>\n\t\t\t\t\t\t<\/div>\n\t\t\t\t<\/div>\n\t\t\t\t<\/div>\n\t\t<div class=\"elementor-element elementor-element-45d5cb9 e-con-full breadcrumb e-flex e-con e-parent\" data-id=\"45d5cb9\" data-element_type=\"container\" data-e-type=\"container\">\n\t\t\t\t<div class=\"elementor-element elementor-element-4ac1830 elementor-widget elementor-widget-shortcode\" data-id=\"4ac1830\" data-element_type=\"widget\" data-e-type=\"widget\" data-widget_type=\"shortcode.default\">\n\t\t\t\t<div class=\"elementor-widget-container\">\n\t\t\t\t\t\t\t<div class=\"elementor-shortcode\"><span><span><a href=\"https:\/\/www.friizit-mattertal.ch\/pt-pt\/\">Home<\/a><\/span><\/span>\n<\/div>\n\t\t\t\t\t\t<\/div>\n\t\t\t\t<\/div>\n\t\t\t\t<\/div>\n\t\t<section class=\"elementor-element elementor-element-e0e3794 e-flex e-con-boxed elementor-invisible e-con e-parent\" data-id=\"e0e3794\" data-element_type=\"container\" data-e-type=\"container\" data-settings=\"{&quot;animation&quot;:&quot;fadeInUp&quot;}\">\n\t\t\t\t\t<div class=\"e-con-inner\">\n\t\t\t\t<div class=\"elementor-element elementor-element-2f7cca3 elementor-widget elementor-widget-heading\" data-id=\"2f7cca3\" data-element_type=\"widget\" data-e-type=\"widget\" data-widget_type=\"heading.default\">\n\t\t\t\t<div class=\"elementor-widget-container\">\n\t\t\t\t\t<h1 class=\"elementor-heading-title elementor-size-default\">Parceiros<\/h1>\t\t\t\t<\/div>\n\t\t\t\t<\/div>\n\t\t\t\t<div class=\"elementor-element elementor-element-d0411cf elementor-widget elementor-widget-text-editor\" data-id=\"d0411cf\" data-element_type=\"widget\" data-e-type=\"widget\" data-widget_type=\"text-editor.default\">\n\t\t\t\t<div class=\"elementor-widget-container\">\n\t\t\t\t\t\t\t\t\t<h3 data-start=\"3243\" data-end=\"3268\">Juntos pelo Mattertal<\/h3><p data-start=\"3270\" data-end=\"3499\">A Friizit Mattertal colabora com parceiros regionais para fortalecer a vida comunit\u00e1ria e o envolvimento local.<br data-start=\"3381\" data-end=\"3384\" \/>Os nossos parceiros partilham os mesmos valores: <strong data-start=\"3433\" data-end=\"3499\">compromisso, solidariedade e apoio \u00e0s pessoas da nossa regi\u00e3o.<\/strong><\/p><hr data-start=\"3501\" data-end=\"3504\" \/><h3 data-start=\"3506\" data-end=\"3530\">\ud83d\udcf0 <strong data-start=\"3513\" data-end=\"3530\">iischi Ziitig<\/strong><\/h3><p data-start=\"3532\" data-end=\"3576\"><strong data-start=\"3532\" data-end=\"3576\">Not\u00edcias dos clubes. Locais. Acess\u00edveis.<\/strong><\/p><p data-start=\"3578\" data-end=\"3899\">A <em data-start=\"3580\" data-end=\"3595\">iischi Ziitig<\/em> \u00e9 a plataforma para not\u00edcias e relat\u00f3rios atualizados das associa\u00e7\u00f5es de todo o Alto Valais \u2013 r\u00e1pida, simples e acess\u00edvel a todos.<br data-start=\"3726\" data-end=\"3729\" \/>Juntos criamos uma situa\u00e7\u00e3o vantajosa para todos: as associa\u00e7\u00f5es s\u00e3o a espinha dorsal das nossas comunidades, e esta parceria ajuda a promover e valorizar o seu trabalho.<\/p><p data-start=\"3901\" data-end=\"3956\"><a class=\"decorated-link\" href=\"https:\/\/iischizitig.ch\" target=\"_new\" rel=\"noopener\" data-start=\"3904\" data-end=\"3956\"><strong data-start=\"3905\" data-end=\"3931\">\ud83d\udd17 Visitar iischizitig.ch<\/strong><\/a><\/p><hr data-start=\"3958\" data-end=\"3961\" \/><h3 data-start=\"3963\" data-end=\"3998\">\ud83d\udc68\u200d\ud83d\udc69\u200d\ud83d\udc67\u200d\ud83d\udc66 <strong data-start=\"3979\" data-end=\"3998\">Zermatter Mamis<\/strong><\/h3><p data-start=\"4000\" data-end=\"4055\"><strong data-start=\"4000\" data-end=\"4055\">Ideias e dicas para fam\u00edlias em Zermatt e arredores<\/strong><\/p><p data-start=\"4057\" data-end=\"4358\">O site <em data-start=\"4064\" data-end=\"4081\">Zermatter Mamis<\/em> oferece in\u00fameras ideias e sugest\u00f5es para fam\u00edlias \u2013 desde passeios e atividades at\u00e9 restaurantes e eventos em Zermatt.<br data-start=\"4200\" data-end=\"4203\" \/>Criado por pais locais, para pais \u2013 com dedica\u00e7\u00e3o, carinho e conhecimento da regi\u00e3o.<br data-start=\"4287\" data-end=\"4290\" \/>Um parceiro valioso que inspira e liga fam\u00edlias em todo o Mattertal.<\/p><p data-start=\"4360\" data-end=\"4424\"><a class=\"decorated-link\" href=\"https:\/\/www.zermattermamis.com\" target=\"_new\" rel=\"noopener\" data-start=\"4363\" data-end=\"4424\"><strong data-start=\"4364\" data-end=\"4391\">\ud83d\udd17 Visitar Zermatter Mamis<\/strong><\/a><\/p>\t\t\t\t\t\t\t\t<\/div>\n\t\t\t\t<\/div>\n\t\t\t\t\t<\/div>\n\t\t\t\t<\/section>\n\t\t\t\t<\/div>\n\t\t","protected":false},"excerpt":{"rendered":"<p>Parceiros Juntos pelo Mattertal A Friizit Mattertal colabora com parceiros regionais para fortalecer a vida comunit\u00e1ria e o envolvimento local.Os nossos parceiros partilham os mesmos valores: compromisso, solidariedade e apoio \u00e0s pessoas da nossa regi\u00e3o. \ud83d\udcf0 iischi Ziitig Not\u00edcias dos clubes. Locais. Acess\u00edveis. A iischi Ziitig \u00e9 a plataforma para not\u00edcias e relat\u00f3rios atualizados das [&hellip;]<\/p>\n","protected":false},"author":2,"featured_media":0,"parent":0,"menu_order":0,"comment_status":"closed","ping_status":"closed","template":"","meta":{"_acf_changed":false,"footnotes":""},"class_list":["post-3554","page","type-page","status-publish","hentry"],"acf":[],"yoast_head":"<!-- This site is optimized with the Yoast SEO plugin v27.3 - https:\/\/yoast.com\/product\/yoast-seo-wordpress\/ -->\n<title>Parceiros &#8211; Friizit Mattertal |\u00a0Deine Vereinsplattform f\u00fcr das Mattertal<\/title>\n<meta name=\"robots\" content=\"index, follow, max-snippet:-1, max-image-preview:large, max-video-preview:-1\" \/>\n<link rel=\"canonical\" href=\"https:\/\/www.friizit-mattertal.ch\/pt-pt\/parceiros\/\" \/>\n<meta property=\"og:locale\" content=\"pt_PT\" \/>\n<meta property=\"og:type\" content=\"article\" \/>\n<meta property=\"og:title\" content=\"Parceiros &#8211; Friizit Mattertal |\u00a0Deine Vereinsplattform f\u00fcr das Mattertal\" \/>\n<meta property=\"og:description\" content=\"Parceiros Juntos pelo Mattertal A Friizit Mattertal colabora com parceiros regionais para fortalecer a vida comunit\u00e1ria e o envolvimento local.Os nossos parceiros partilham os mesmos valores: compromisso, solidariedade e apoio \u00e0s pessoas da nossa regi\u00e3o. \ud83d\udcf0 iischi Ziitig Not\u00edcias dos clubes. Locais. Acess\u00edveis. A iischi Ziitig \u00e9 a plataforma para not\u00edcias e relat\u00f3rios atualizados das [&hellip;]\" \/>\n<meta property=\"og:url\" content=\"https:\/\/www.friizit-mattertal.ch\/pt-pt\/parceiros\/\" \/>\n<meta property=\"og:site_name\" content=\"Friizit Mattertal\" \/>\n<meta property=\"article:modified_time\" content=\"2025-10-30T13:21:54+00:00\" \/>\n<meta property=\"og:image\" content=\"https:\/\/www.friizit-mattertal.ch\/wp-content\/uploads\/2024\/08\/378327a7-d376-46f5-b1e7-b3312b6f9aca-1024x577.jpg\" \/>\n<meta name=\"twitter:card\" content=\"summary_large_image\" \/>\n<meta name=\"twitter:label1\" content=\"Tempo estimado de leitura\" \/>\n\t<meta name=\"twitter:data1\" content=\"4 minutos\" \/>\n<script type=\"application\/ld+json\" class=\"yoast-schema-graph\">{\"@context\":\"https:\\\/\\\/schema.org\",\"@graph\":[{\"@type\":\"WebPage\",\"@id\":\"https:\\\/\\\/www.friizit-mattertal.ch\\\/pt-pt\\\/parceiros\\\/\",\"url\":\"https:\\\/\\\/www.friizit-mattertal.ch\\\/pt-pt\\\/parceiros\\\/\",\"name\":\"Parceiros &#8211; Friizit Mattertal |\u00a0Deine Vereinsplattform f\u00fcr das Mattertal\",\"isPartOf\":{\"@id\":\"https:\\\/\\\/www.friizit-mattertal.ch\\\/#website\"},\"primaryImageOfPage\":{\"@id\":\"https:\\\/\\\/www.friizit-mattertal.ch\\\/pt-pt\\\/parceiros\\\/#primaryimage\"},\"image\":{\"@id\":\"https:\\\/\\\/www.friizit-mattertal.ch\\\/pt-pt\\\/parceiros\\\/#primaryimage\"},\"thumbnailUrl\":\"https:\\\/\\\/www.friizit-mattertal.ch\\\/wp-content\\\/uploads\\\/2024\\\/08\\\/378327a7-d376-46f5-b1e7-b3312b6f9aca-1024x577.jpg\",\"datePublished\":\"2025-10-30T12:38:31+00:00\",\"dateModified\":\"2025-10-30T13:21:54+00:00\",\"breadcrumb\":{\"@id\":\"https:\\\/\\\/www.friizit-mattertal.ch\\\/pt-pt\\\/parceiros\\\/#breadcrumb\"},\"inLanguage\":\"pt-PT\",\"potentialAction\":[{\"@type\":\"ReadAction\",\"target\":[\"https:\\\/\\\/www.friizit-mattertal.ch\\\/pt-pt\\\/parceiros\\\/\"]}]},{\"@type\":\"ImageObject\",\"inLanguage\":\"pt-PT\",\"@id\":\"https:\\\/\\\/www.friizit-mattertal.ch\\\/pt-pt\\\/parceiros\\\/#primaryimage\",\"url\":\"https:\\\/\\\/www.friizit-mattertal.ch\\\/wp-content\\\/uploads\\\/2024\\\/08\\\/378327a7-d376-46f5-b1e7-b3312b6f9aca-1024x577.jpg\",\"contentUrl\":\"https:\\\/\\\/www.friizit-mattertal.ch\\\/wp-content\\\/uploads\\\/2024\\\/08\\\/378327a7-d376-46f5-b1e7-b3312b6f9aca-1024x577.jpg\"},{\"@type\":\"BreadcrumbList\",\"@id\":\"https:\\\/\\\/www.friizit-mattertal.ch\\\/pt-pt\\\/parceiros\\\/#breadcrumb\",\"itemListElement\":[{\"@type\":\"ListItem\",\"position\":1,\"name\":\"Home\",\"item\":\"https:\\\/\\\/www.friizit-mattertal.ch\\\/pt-pt\\\/\"},{\"@type\":\"ListItem\",\"position\":2,\"name\":\"Parceiros\"}]},{\"@type\":\"WebSite\",\"@id\":\"https:\\\/\\\/www.friizit-mattertal.ch\\\/#website\",\"url\":\"https:\\\/\\\/www.friizit-mattertal.ch\\\/\",\"name\":\"Friizit Mattertal |\u00a0Deine Vereinsplattform f\u00fcr das Mattertal\",\"description\":\"\",\"publisher\":{\"@id\":\"https:\\\/\\\/www.friizit-mattertal.ch\\\/#organization\"},\"potentialAction\":[{\"@type\":\"SearchAction\",\"target\":{\"@type\":\"EntryPoint\",\"urlTemplate\":\"https:\\\/\\\/www.friizit-mattertal.ch\\\/?s={search_term_string}\"},\"query-input\":{\"@type\":\"PropertyValueSpecification\",\"valueRequired\":true,\"valueName\":\"search_term_string\"}}],\"inLanguage\":\"pt-PT\"},{\"@type\":\"Organization\",\"@id\":\"https:\\\/\\\/www.friizit-mattertal.ch\\\/#organization\",\"name\":\"Friizit Mattertal |\u00a0Deine Vereinsplattform f\u00fcr das Mattertal\",\"url\":\"https:\\\/\\\/www.friizit-mattertal.ch\\\/\",\"logo\":{\"@type\":\"ImageObject\",\"inLanguage\":\"pt-PT\",\"@id\":\"https:\\\/\\\/www.friizit-mattertal.ch\\\/#\\\/schema\\\/logo\\\/image\\\/\",\"url\":\"https:\\\/\\\/www.friizit-mattertal.ch\\\/wp-content\\\/uploads\\\/2024\\\/08\\\/jastow-icon-1.svg\",\"contentUrl\":\"https:\\\/\\\/www.friizit-mattertal.ch\\\/wp-content\\\/uploads\\\/2024\\\/08\\\/jastow-icon-1.svg\",\"width\":64,\"height\":69,\"caption\":\"Friizit Mattertal |\u00a0Deine Vereinsplattform f\u00fcr das Mattertal\"},\"image\":{\"@id\":\"https:\\\/\\\/www.friizit-mattertal.ch\\\/#\\\/schema\\\/logo\\\/image\\\/\"}}]}<\/script>\n<!-- \/ Yoast SEO plugin. -->","yoast_head_json":{"title":"Parceiros &#8211; Friizit Mattertal |\u00a0Deine Vereinsplattform f\u00fcr das Mattertal","robots":{"index":"index","follow":"follow","max-snippet":"max-snippet:-1","max-image-preview":"max-image-preview:large","max-video-preview":"max-video-preview:-1"},"canonical":"https:\/\/www.friizit-mattertal.ch\/pt-pt\/parceiros\/","og_locale":"pt_PT","og_type":"article","og_title":"Parceiros &#8211; Friizit Mattertal |\u00a0Deine Vereinsplattform f\u00fcr das Mattertal","og_description":"Parceiros Juntos pelo Mattertal A Friizit Mattertal colabora com parceiros regionais para fortalecer a vida comunit\u00e1ria e o envolvimento local.Os nossos parceiros partilham os mesmos valores: compromisso, solidariedade e apoio \u00e0s pessoas da nossa regi\u00e3o. \ud83d\udcf0 iischi Ziitig Not\u00edcias dos clubes. Locais. Acess\u00edveis. A iischi Ziitig \u00e9 a plataforma para not\u00edcias e relat\u00f3rios atualizados das [&hellip;]","og_url":"https:\/\/www.friizit-mattertal.ch\/pt-pt\/parceiros\/","og_site_name":"Friizit Mattertal","article_modified_time":"2025-10-30T13:21:54+00:00","og_image":[{"url":"https:\/\/www.friizit-mattertal.ch\/wp-content\/uploads\/2024\/08\/378327a7-d376-46f5-b1e7-b3312b6f9aca-1024x577.jpg","type":"","width":"","height":""}],"twitter_card":"summary_large_image","twitter_misc":{"Tempo estimado de leitura":"4 minutos"},"schema":{"@context":"https:\/\/schema.org","@graph":[{"@type":"WebPage","@id":"https:\/\/www.friizit-mattertal.ch\/pt-pt\/parceiros\/","url":"https:\/\/www.friizit-mattertal.ch\/pt-pt\/parceiros\/","name":"Parceiros &#8211; Friizit Mattertal |\u00a0Deine Vereinsplattform f\u00fcr das Mattertal","isPartOf":{"@id":"https:\/\/www.friizit-mattertal.ch\/#website"},"primaryImageOfPage":{"@id":"https:\/\/www.friizit-mattertal.ch\/pt-pt\/parceiros\/#primaryimage"},"image":{"@id":"https:\/\/www.friizit-mattertal.ch\/pt-pt\/parceiros\/#primaryimage"},"thumbnailUrl":"https:\/\/www.friizit-mattertal.ch\/wp-content\/uploads\/2024\/08\/378327a7-d376-46f5-b1e7-b3312b6f9aca-1024x577.jpg","datePublished":"2025-10-30T12:38:31+00:00","dateModified":"2025-10-30T13:21:54+00:00","breadcrumb":{"@id":"https:\/\/www.friizit-mattertal.ch\/pt-pt\/parceiros\/#breadcrumb"},"inLanguage":"pt-PT","potentialAction":[{"@type":"ReadAction","target":["https:\/\/www.friizit-mattertal.ch\/pt-pt\/parceiros\/"]}]},{"@type":"ImageObject","inLanguage":"pt-PT","@id":"https:\/\/www.friizit-mattertal.ch\/pt-pt\/parceiros\/#primaryimage","url":"https:\/\/www.friizit-mattertal.ch\/wp-content\/uploads\/2024\/08\/378327a7-d376-46f5-b1e7-b3312b6f9aca-1024x577.jpg","contentUrl":"https:\/\/www.friizit-mattertal.ch\/wp-content\/uploads\/2024\/08\/378327a7-d376-46f5-b1e7-b3312b6f9aca-1024x577.jpg"},{"@type":"BreadcrumbList","@id":"https:\/\/www.friizit-mattertal.ch\/pt-pt\/parceiros\/#breadcrumb","itemListElement":[{"@type":"ListItem","position":1,"name":"Home","item":"https:\/\/www.friizit-mattertal.ch\/pt-pt\/"},{"@type":"ListItem","position":2,"name":"Parceiros"}]},{"@type":"WebSite","@id":"https:\/\/www.friizit-mattertal.ch\/#website","url":"https:\/\/www.friizit-mattertal.ch\/","name":"Friizit Mattertal |\u00a0Deine Vereinsplattform f\u00fcr das Mattertal","description":"","publisher":{"@id":"https:\/\/www.friizit-mattertal.ch\/#organization"},"potentialAction":[{"@type":"SearchAction","target":{"@type":"EntryPoint","urlTemplate":"https:\/\/www.friizit-mattertal.ch\/?s={search_term_string}"},"query-input":{"@type":"PropertyValueSpecification","valueRequired":true,"valueName":"search_term_string"}}],"inLanguage":"pt-PT"},{"@type":"Organization","@id":"https:\/\/www.friizit-mattertal.ch\/#organization","name":"Friizit Mattertal |\u00a0Deine Vereinsplattform f\u00fcr das Mattertal","url":"https:\/\/www.friizit-mattertal.ch\/","logo":{"@type":"ImageObject","inLanguage":"pt-PT","@id":"https:\/\/www.friizit-mattertal.ch\/#\/schema\/logo\/image\/","url":"https:\/\/www.friizit-mattertal.ch\/wp-content\/uploads\/2024\/08\/jastow-icon-1.svg","contentUrl":"https:\/\/www.friizit-mattertal.ch\/wp-content\/uploads\/2024\/08\/jastow-icon-1.svg","width":64,"height":69,"caption":"Friizit Mattertal |\u00a0Deine Vereinsplattform f\u00fcr das Mattertal"},"image":{"@id":"https:\/\/www.friizit-mattertal.ch\/#\/schema\/logo\/image\/"}}]}},"_links":{"self":[{"href":"https:\/\/www.friizit-mattertal.ch\/pt-pt\/wp-json\/wp\/v2\/pages\/3554","targetHints":{"allow":["GET"]}}],"collection":[{"href":"https:\/\/www.friizit-mattertal.ch\/pt-pt\/wp-json\/wp\/v2\/pages"}],"about":[{"href":"https:\/\/www.friizit-mattertal.ch\/pt-pt\/wp-json\/wp\/v2\/types\/page"}],"author":[{"embeddable":true,"href":"https:\/\/www.friizit-mattertal.ch\/pt-pt\/wp-json\/wp\/v2\/users\/2"}],"replies":[{"embeddable":true,"href":"https:\/\/www.friizit-mattertal.ch\/pt-pt\/wp-json\/wp\/v2\/comments?post=3554"}],"version-history":[{"count":8,"href":"https:\/\/www.friizit-mattertal.ch\/pt-pt\/wp-json\/wp\/v2\/pages\/3554\/revisions"}],"predecessor-version":[{"id":3594,"href":"https:\/\/www.friizit-mattertal.ch\/pt-pt\/wp-json\/wp\/v2\/pages\/3554\/revisions\/3594"}],"wp:attachment":[{"href":"https:\/\/www.friizit-mattertal.ch\/pt-pt\/wp-json\/wp\/v2\/media?parent=3554"}],"curies":[{"name":"wp","href":"https:\/\/api.w.org\/{rel}","templated":true}]}}